{"id":9144,"date":"2026-02-25T20:54:32","date_gmt":"2026-02-26T01:54:32","guid":{"rendered":"https:\/\/congresoica.org\/inicio\/quartel-general\/"},"modified":"2026-03-18T13:53:54","modified_gmt":"2026-03-18T18:53:54","slug":"quartel-general","status":"publish","type":"page","link":"https:\/\/congresoica.org\/pt-pt\/inicio\/quartel-general\/","title":{"rendered":"Quartel general"},"content":{"rendered":"\t\t<div data-elementor-type=\"wp-page\" data-elementor-id=\"9144\" class=\"elementor elementor-9144 elementor-7678\" data-elementor-post-type=\"page\">\n\t\t\t\t<div class=\"elementor-element elementor-element-aa02d7d e-flex e-con-boxed e-con e-parent\" data-id=\"aa02d7d\" data-element_type=\"container\" data-e-type=\"container\" data-settings=\"{&quot;background_background&quot;:&quot;classic&quot;,&quot;shape_divider_bottom&quot;:&quot;lqd-custom-shape-8&quot;}\">\n\t\t\t\t\t<div class=\"e-con-inner\">\n\t\t\t\t<div class=\"elementor-shape elementor-shape-bottom\" aria-hidden=\"true\" data-negative=\"false\">\n\t\t\t<svg class=\"lqd-custom-shape\" xmlns=\"http:\/\/www.w3.org\/2000\/svg\" viewBox=\"0 0 1440 100\" preserveAspectRatio=\"none\">\n    <path class=\"elementor-shape-fill\" id=\"Row_Separator\" data-name=\"Row Separator\" d=\"M1440,0Q1080,99,720,99T0,0V100H1440Z\" \/>\n<\/svg>\t\t<\/div>\n\t\t\t\t<div class=\"elementor-element elementor-element-debadc2 elementor-widget elementor-widget-hub_fancy_heading\" data-id=\"debadc2\" data-element_type=\"widget\" data-e-type=\"widget\" data-widget_type=\"hub_fancy_heading.default\">\n\t\t\t\t<div class=\"elementor-widget-container\">\n\t\t\t\t\t\n\t\t<div id=\"ld-fancy-heading-69e6539c0bfb6\" class=\"ld-fancy-heading pos-rel\">\n\t\t\t\t\t<\/div>\n\n\t\t\t\t\t\t<\/div>\n\t\t\t\t<\/div>\n\t\t\t\t\t<\/div>\n\t\t\t\t<\/div>\n\t\t<div class=\"elementor-element elementor-element-81a5117 e-flex e-con-boxed e-con e-parent\" data-id=\"81a5117\" data-element_type=\"container\" data-e-type=\"container\" data-settings=\"{&quot;background_background&quot;:&quot;classic&quot;}\">\n\t\t\t\t\t<div class=\"e-con-inner\">\n\t\t<div class=\"elementor-element elementor-element-02b5f55 e-con-full e-flex e-con e-child\" data-id=\"02b5f55\" data-element_type=\"container\" data-e-type=\"container\">\n\t\t\t\t<div class=\"elementor-element elementor-element-2da4db5 elementor-widget elementor-widget-ld_fancy_image\" data-id=\"2da4db5\" data-element_type=\"widget\" data-e-type=\"widget\" data-widget_type=\"ld_fancy_image.default\">\n\t\t\t\t<div class=\"elementor-widget-container\">\n\t\t\t\t\t\n\t\t<div class=\"lqd-imggrp-single d-block pos-rel \" data-shadow-style=\"4\">\n\t\t\t<div class=\"lqd-imggrp-img-container d-inline-flex pos-rel align-items-center justify-content-center \">\n\t\t\t\t\t\t\t\t<figure class=\"w-100 pos-rel\">\n\t\t\t\t\t<img fetchpriority=\"high\" decoding=\"async\" width=\"1280\" height=\"852\" src=\"https:\/\/congresoica.org\/wp-content\/uploads\/2026\/02\/WhatsApp-Image-2021-12-15-at-4.44.37-PM.jpeg\" class=\"attachment-full size-full wp-image-7828\" alt=\"\" srcset=\"https:\/\/congresoica.org\/wp-content\/uploads\/2026\/02\/WhatsApp-Image-2021-12-15-at-4.44.37-PM.jpeg 1280w, https:\/\/congresoica.org\/wp-content\/uploads\/2026\/02\/WhatsApp-Image-2021-12-15-at-4.44.37-PM-300x200.jpeg 300w, https:\/\/congresoica.org\/wp-content\/uploads\/2026\/02\/WhatsApp-Image-2021-12-15-at-4.44.37-PM-1024x682.jpeg 1024w, https:\/\/congresoica.org\/wp-content\/uploads\/2026\/02\/WhatsApp-Image-2021-12-15-at-4.44.37-PM-720x480.jpeg 720w\" sizes=\"(max-width: 1280px) 100vw, 1280px\" itemprop=\"image\" \/>\t\t\t\t\t\t\t\t\t\t\t\t\t\t\t\t\t\t\t\t\t\t\t\t\t\t\t\t\t<\/figure>\n\t\t\t<\/div>\n\t\t<\/div>\n\n\t\t\t\t\t<\/div>\n\t\t\t\t<\/div>\n\t\t\t\t<\/div>\n\t\t<div class=\"elementor-element elementor-element-1502d11 e-con-full e-flex e-con e-child\" data-id=\"1502d11\" data-element_type=\"container\" data-e-type=\"container\">\n\t\t\t\t<div class=\"elementor-element elementor-element-1318606 elementor-widget elementor-widget-hub_fancy_heading lqd-el-has-inner-anim\" data-id=\"1318606\" data-element_type=\"widget\" data-e-type=\"widget\" data-settings=\"{&quot;enable_split&quot;:&quot;true&quot;,&quot;split_type&quot;:&quot;words&quot;}\" data-widget_type=\"hub_fancy_heading.default\">\n\t\t\t\t<div class=\"elementor-widget-container\">\n\t\t\t\t\t\n\t\t<div id=\"ld-fancy-heading-69e6539c0f1c9\" class=\"ld-fancy-heading pos-rel\">\n\t\t\t<h2 class=\"ld-fh-element d-inline-block pos-rel  elementor-heading-title lqd-highlight-classic lqd-highlight-grow-left lqd-split-words h2\"  data-split-text=\"true\" data-split-options='{\"type\":\"words\"}'> Campus UPB em Laureles: acess\u00edvel, cultural e perto de tudo<\/h2>\t\t<\/div>\n\n\t\t\t\t\t\t<\/div>\n\t\t\t\t<\/div>\n\t\t\t\t<div class=\"elementor-element elementor-element-ff7067b elementor-widget elementor-widget-hub_fancy_heading\" data-id=\"ff7067b\" data-element_type=\"widget\" data-e-type=\"widget\" data-widget_type=\"hub_fancy_heading.default\">\n\t\t\t\t<div class=\"elementor-widget-container\">\n\t\t\t\t\t\n\t\t<div id=\"ld-fancy-heading-69e6539c0fffc\" class=\"ld-fancy-heading pos-rel\">\n\t\t\t<p class=\"ld-fh-element d-inline-block pos-rel  lqd-highlight-classic lqd-highlight-grow-left p\"  > O Congresso acontecer\u00e1 no campus principal da UPB (circular 1 #70-01), localizado no cora\u00e7\u00e3o do bairro Laureles. Este est\u00e1 localizado em um setor residencial, a oeste de Medell\u00edn. Possui um design urbano semicircular que, gra\u00e7as \u00e0 sua acessibilidade e contexto urbano atraente, oferece um ambiente ideal para eventos internacionais. A Laureles se destaca por sua alta qualidade de vida e por ter um n\u00famero representativo de parques para recrea\u00e7\u00e3o e uma oferta gastron\u00f4mica abundante a poucos metros do campus da UPB. Essa diversidade permitir\u00e1 que os participantes do Congresso desfrutem de caf\u00e9s da manh\u00e3, almo\u00e7os ou jantares sem viagens longas e sem se afastar de uma experi\u00eancia cultural agrad\u00e1vel. <br><br>\nO sistema de transporte integrado do Vale do Aburr\u00e1 conecta-se diretamente ao UPB com o metr\u00f4, Metropl\u00fas, Metrocables e \u00f4nibus, que chegam muito perto (Est\u00e1dio Atanasio Girardot) ou, alguns, aos port\u00f5es do campus do centro da cidade. Essa efici\u00eancia reduz os tempos de viagem e os custos. <br><br>\nA partir da UPB, voc\u00ea chega ao Aeroporto Internacional Jos\u00e9 Mar\u00eda C\u00f3rdova (MDE) em Rionegro atrav\u00e9s do T\u00fanel Oriente em 35 minutos, de t\u00e1xi ou \u00f4nibus (cerca de 25,4 km); Enquanto o Aeroporto de Olaya Herrera (Nacional) fica a 5 minutos. Esta proximidade minimiza os tempos de viagem e facilita a chegada.<\/p>\t\t<\/div>\n\n\t\t\t\t\t\t<\/div>\n\t\t\t\t<\/div>\n\t\t\t\t<\/div>\n\t\t\t\t\t<\/div>\n\t\t\t\t<\/div>\n\t\t<div class=\"elementor-element elementor-element-cbed4da e-flex e-con-boxed e-con e-parent\" data-id=\"cbed4da\" data-element_type=\"container\" data-e-type=\"container\">\n\t\t\t\t\t<div class=\"e-con-inner\">\n\t\t\t\t<div class=\"elementor-element elementor-element-d343fb0 elementor-widget elementor-widget-html\" data-id=\"d343fb0\" data-element_type=\"widget\" data-e-type=\"widget\" data-widget_type=\"html.default\">\n\t\t\t\t\t<iframe src=\"https:\/\/www.google.com\/maps\/embed?pb=!1m18!1m12!1m3!1d3966.163888156746!2d-75.5895362!3d6.242120300000001!2m3!1f0!2f0!3f0!3m2!1i1024!2i768!4f13.1!3m3!1m2!1s0x8e4429a449e65a5f%3A0x8a72a6aa16e8819f!2sUniversidad%20Pontificia%20Bolivariana!5e0!3m2!1ses-419!2sco!4v1773687692529!5m2!1ses-419!2sco\" width=\"600\" height=\"450\" style=\"border:0;\" allowfullscreen=\"\" loading=\"lazy\" referrerpolicy=\"no-referrer-when-downgrade\"><\/iframe>\t\t\t\t<\/div>\n\t\t\t\t\t<\/div>\n\t\t\t\t<\/div>\n\t\t<div class=\"elementor-element elementor-element-782220f e-flex e-con-boxed e-con e-parent\" data-id=\"782220f\" data-element_type=\"container\" data-e-type=\"container\" data-settings=\"{&quot;background_background&quot;:&quot;classic&quot;}\">\n\t\t\t\t\t<div class=\"e-con-inner\">\n\t\t<div class=\"elementor-element elementor-element-f9c41a4 e-con-full e-flex e-con e-child\" data-id=\"f9c41a4\" data-element_type=\"container\" data-e-type=\"container\">\n\t\t<div class=\"elementor-element elementor-element-4e365cb e-con-full e-flex e-con e-child\" data-id=\"4e365cb\" data-element_type=\"container\" data-e-type=\"container\">\n\t\t\t\t<div class=\"elementor-element elementor-element-e747982 elementor-widget elementor-widget-ld_button\" data-id=\"e747982\" data-element_type=\"widget\" data-e-type=\"widget\" data-widget_type=\"ld_button.default\">\n\t\t\t\t<div class=\"elementor-widget-container\">\n\t\t\t\t\t\n\t\t\t<a\n\t\t\t\thref=\"https:\/\/congresoica.org\/wp-content\/uploads\/2026\/03\/WhatsApp-Video-2026-03-16-at-14.34.08.mp4\"class=\"elementor-button btn btn-solid btn-custom-size fresco btn-icon-right btn-no-label\"\t\t\t>\n\t\t\t\t\t\t\t\t\t\t\t\t\t\t<span class=\"btn-icon\">\n\t\t\t\t\t\t\t<svg aria-hidden=\"true\" class=\"e-font-icon-svg e-fas-play\" viewBox=\"0 0 448 512\" xmlns=\"http:\/\/www.w3.org\/2000\/svg\"><path d=\"M424.4 214.7L72.4 6.6C43.8-10.3 0 6.1 0 47.9V464c0 37.5 40.7 60.1 72.4 41.3l352-208c31.4-18.5 31.5-64.1 0-82.6z\"><\/path><\/svg>\t\t\t\t\t\t<\/span>\n\t\t\t\t\t\t\t\t\t<\/a>\n\t\t\t\t\t\t\t<\/div>\n\t\t\t\t<\/div>\n\t\t\t\t<div class=\"elementor-element elementor-element-b9db377 elementor-widget elementor-widget-ld_fancy_image\" data-id=\"b9db377\" data-element_type=\"widget\" data-e-type=\"widget\" data-widget_type=\"ld_fancy_image.default\">\n\t\t\t\t<div class=\"elementor-widget-container\">\n\t\t\t\t\t\n\t\t<div class=\"lqd-imggrp-single d-block pos-rel \" data-shadow-style=\"4\">\n\t\t\t<div class=\"lqd-imggrp-img-container d-inline-flex pos-rel align-items-center justify-content-center \">\n\t\t\t\t\t\t\t\t<figure class=\"w-100 pos-rel\">\n\t\t\t\t\t<img decoding=\"async\" width=\"1200\" height=\"675\" src=\"data:image\/svg+xml;charset=utf-8,%3Csvg xmlns%3D&#039;http%3A%2F%2Fwww.w3.org%2F2000%2Fsvg&#039; viewBox%3D&#039;0 0 1200 675&#039;%2F%3E\" class=\"attachment-full size-full wp-image-7861 ld-lazyload\" alt=\"\" itemprop=\"image\" data-src=\"https:\/\/congresoica.org\/wp-content\/uploads\/2026\/03\/medellin-primer-distrito-ciencia-tecnologia.jpg\" data-srcset=\"https:\/\/congresoica.org\/wp-content\/uploads\/2026\/03\/medellin-primer-distrito-ciencia-tecnologia.jpg 1200w, https:\/\/congresoica.org\/wp-content\/uploads\/2026\/03\/medellin-primer-distrito-ciencia-tecnologia-300x169.jpg 300w, https:\/\/congresoica.org\/wp-content\/uploads\/2026\/03\/medellin-primer-distrito-ciencia-tecnologia-1024x576.jpg 1024w\" data-sizes=\"(max-width: 1200px) 100vw, 1200px\" data-aspect=\"1.7777777777778\" \/>\t\t\t\t\t\t\t\t\t\t\t\t\t\t\t\t\t\t\t\t\t\t\t\t\t\t\t\t\t<\/figure>\n\t\t\t<\/div>\n\t\t<\/div>\n\n\t\t\t\t\t<\/div>\n\t\t\t\t<\/div>\n\t\t\t\t<\/div>\n\t\t\t\t<div class=\"elementor-element elementor-element-27400e5 elementor-hidden-mobile elementor-widget elementor-widget-ld_fancy_image\" data-id=\"27400e5\" data-element_type=\"widget\" data-e-type=\"widget\" data-widget_type=\"ld_fancy_image.default\">\n\t\t\t\t<div class=\"elementor-widget-container\">\n\t\t\t\t\t\n\t\t<div class=\"lqd-imggrp-single d-block pos-rel \" data-shadow-style=\"4\">\n\t\t\t<div class=\"lqd-imggrp-img-container d-inline-flex pos-rel align-items-center justify-content-center \">\n\t\t\t\t\t\t\t\t<figure class=\"w-100 pos-rel\">\n\t\t\t\t\t<img decoding=\"async\" width=\"4000\" height=\"2250\" src=\"data:image\/svg+xml;charset=utf-8,%3Csvg xmlns%3D&#039;http%3A%2F%2Fwww.w3.org%2F2000%2Fsvg&#039; viewBox%3D&#039;0 0 4000 2250&#039;%2F%3E\" class=\"attachment-full size-full wp-image-7862 ld-lazyload\" alt=\"\" itemprop=\"image\" data-src=\"https:\/\/congresoica.org\/wp-content\/uploads\/2026\/03\/informe-tributario-del-distrito-de-ciencia-tecnologia-e-innovacion-de-medellin.png\" data-srcset=\"https:\/\/congresoica.org\/wp-content\/uploads\/2026\/03\/informe-tributario-del-distrito-de-ciencia-tecnologia-e-innovacion-de-medellin.png 4000w, https:\/\/congresoica.org\/wp-content\/uploads\/2026\/03\/informe-tributario-del-distrito-de-ciencia-tecnologia-e-innovacion-de-medellin-300x169.png 300w, https:\/\/congresoica.org\/wp-content\/uploads\/2026\/03\/informe-tributario-del-distrito-de-ciencia-tecnologia-e-innovacion-de-medellin-1024x576.png 1024w, https:\/\/congresoica.org\/wp-content\/uploads\/2026\/03\/informe-tributario-del-distrito-de-ciencia-tecnologia-e-innovacion-de-medellin-1536x864.png 1536w, https:\/\/congresoica.org\/wp-content\/uploads\/2026\/03\/informe-tributario-del-distrito-de-ciencia-tecnologia-e-innovacion-de-medellin-2048x1152.png 2048w\" data-sizes=\"(max-width: 4000px) 100vw, 4000px\" data-aspect=\"1.7777777777778\" \/>\t\t\t\t\t\t\t\t\t\t\t\t\t\t\t\t\t\t\t\t\t\t\t\t\t\t\t\t\t<\/figure>\n\t\t\t<\/div>\n\t\t<\/div>\n\n\t\t\t\t\t<\/div>\n\t\t\t\t<\/div>\n\t\t\t\t<\/div>\n\t\t<div class=\"elementor-element elementor-element-5bce29b e-con-full e-flex e-con e-child\" data-id=\"5bce29b\" data-element_type=\"container\" data-e-type=\"container\">\n\t\t\t\t<div class=\"elementor-element elementor-element-c263083 elementor-widget elementor-widget-hub_fancy_heading lqd-el-has-inner-anim\" data-id=\"c263083\" data-element_type=\"widget\" data-e-type=\"widget\" data-settings=\"{&quot;enable_split&quot;:&quot;true&quot;,&quot;split_type&quot;:&quot;words&quot;}\" data-widget_type=\"hub_fancy_heading.default\">\n\t\t\t\t<div class=\"elementor-widget-container\">\n\t\t\t\t\t\n\t\t<div id=\"ld-fancy-heading-69e6539c74b05\" class=\"ld-fancy-heading pos-rel\">\n\t\t\t<h2 class=\"ld-fh-element d-inline-block pos-rel  elementor-heading-title lqd-highlight-classic lqd-highlight-grow-left lqd-split-words h2\"  data-split-text=\"true\" data-split-options='{\"type\":\"words\"}'> Distrito de Ci\u00eancia, Tecnologia e Inova\u00e7\u00e3o Medelllin<\/h2>\t\t<\/div>\n\n\t\t\t\t\t\t<\/div>\n\t\t\t\t<\/div>\n\t\t\t\t<div class=\"elementor-element elementor-element-4269d84 elementor-widget elementor-widget-hub_fancy_heading\" data-id=\"4269d84\" data-element_type=\"widget\" data-e-type=\"widget\" data-widget_type=\"hub_fancy_heading.default\">\n\t\t\t\t<div class=\"elementor-widget-container\">\n\t\t\t\t\t\n\t\t<div id=\"ld-fancy-heading-69e6539c756dc\" class=\"ld-fancy-heading pos-rel\">\n\t\t\t<p class=\"ld-fh-element d-inline-block pos-rel  lqd-highlight-classic lqd-highlight-grow-left p\"  > No cora\u00e7\u00e3o de um vale estreito, cercado por imponentes montanhas, est\u00e1 Medell\u00edn, uma cidade na Col\u00f4mbia que passou pelos complexos desafios de uma sociedade estigmatizada pela viol\u00eancia, pobreza e incerteza. Medell\u00edn se atreveu a olhar para sua realidade com coragem e conseguiu se reinventar; Al\u00e9m de n\u00e3o ficar nas sombras, come\u00e7ou uma revolu\u00e7\u00e3o silenciosa, entrela\u00e7ada dos bairros, das comunas, das universidades e dos laborat\u00f3rios. Medell\u00edn \u00e9 pioneira em mobilidade sustent\u00e1vel: fomos a primeira cidade da Col\u00f4mbia com metr\u00f4; Em seguida, veio o Metrocable, o bonde e os \u00f4nibus el\u00e9tricos que fazem parte da nossa cultura metropolitana, que ensina respeito, civilidade e orgulho urbano. A pr\u00f3pria cidade se tornou uma sala de aula, uma galeria, um laborat\u00f3rio e um palco para a vida. <br><br>\n \n\nHoje, Medell\u00edn n\u00e3o \u00e9 apenas a capital de Antioquia. \u00c9 o centro de inova\u00e7\u00e3o latino-americano, reconhecido pelo BID como a cidade mais inovadora do continente at\u00e9 superar gigantes como Nova York ou Tel Aviv. Al\u00e9m disso, gra\u00e7as \u00e0 Ruta N e a um ecossistema de ci\u00eancia, tecnologia e inova\u00e7\u00e3o, somos o centro da quarta revolu\u00e7\u00e3o industrial na Am\u00e9rica Latina. <br><br>\n \n\nMedell\u00edn \u00e9 pioneira em mobilidade sustent\u00e1vel: fomos a primeira cidade da Col\u00f4mbia com metr\u00f4; Em seguida, veio o Metrocable, o bonde e os \u00f4nibus el\u00e9tricos que fazem parte da nossa cultura metropolitana, que ensina respeito, civilidade e orgulho urbano. <br><br>\n \n\nE a educa\u00e7\u00e3o e a pesquisa? Temos mais de 40 institui\u00e7\u00f5es de ensino superior e programas de classe mundial. Aqui as id\u00e9ias, a academia e as sementes da inova\u00e7\u00e3o florescem. Universidades, centros de pesquisa, cientistas e empreendedores trabalham juntos para resolver os desafios do futuro. \n<br><br> \n\nMedell\u00edn, apesar de tudo, n\u00e3o seria o que \u00e9 sem sua cultura viva. Exemplos disso s\u00e3o os Silleteros, que ano ap\u00f3s ano orgulhosamente carregam as selas que contam hist\u00f3rias com flores, um s\u00edmbolo de resist\u00eancia, amor e tradi\u00e7\u00e3o. Tamb\u00e9m a feira de flores, com seu desfile de Silleteros, \u00e9 uma homenagem \u00e0 alma camponesa de Santa Elena e a mais bela arte ef\u00eamera do mundo. \n<br><br> \n\nSomos reconhecidos como um dos principais destinos para eventos e reuni\u00f5es na Col\u00f4mbia e na Am\u00e9rica Latina. Em Medell\u00edn n\u00e3o s\u00e3o apenas realizados congressos, experi\u00eancias vividas aqui! Esta cidade sediou C\u00fapulas Globais, Reuni\u00f5es Cient\u00edficas, Feiras de Criatividade, F\u00f3runs de Inclus\u00e3o e muito mais. Comparado com outros do pa\u00eds, Medell\u00edn se destaca por seu planejamento urbano inteligente, seu clima de primavera durante todo o ano, suas pessoas amig\u00e1veis, trabalhadoras e resilientes e sua capacidade de transformar cada desafio em uma oportunidade. \n<br><br> \n\nEm Medell\u00edn, tudo floresce: ideias, neg\u00f3cios, arte, ci\u00eancia e, acima de tudo, esperan\u00e7a. Porque se soubermos fazer o pa\u00eds, \u00e9 para progredir com a criatividade e com um profundo amor pela terra. \n<br><br> \n\nBem-vindo a Medell\u00edn, a cidade que se reinventou; Isso inspira o mundo e que o recebe de bra\u00e7os abertos neste Congresso Internacional de Americanistas! <\/p>\t\t<\/div>\n\n\t\t\t\t\t\t<\/div>\n\t\t\t\t<\/div>\n\t\t\t\t<\/div>\n\t\t\t\t\t<\/div>\n\t\t\t\t<\/div>\n\t\t\t\t<\/div>\n\t\t","protected":false},"excerpt":{"rendered":"<p>Campus UPB em Laureles: acess\u00edvel, cultural e perto de tudo O Congresso acontecer\u00e1 no campus principal da UPB (circular 1 #70-01), localizado no cora\u00e7\u00e3o do bairro Laureles. Este est\u00e1 localizado em um setor residencial, a oeste de Medell\u00edn. Possui um design urbano semicircular que, gra\u00e7as \u00e0 sua acessibilidade e contexto urbano atraente, oferece um ambiente [&hellip;]<\/p>\n","protected":false},"author":1,"featured_media":0,"parent":8969,"menu_order":0,"comment_status":"closed","ping_status":"closed","template":"","meta":{"inline_featured_image":false,"footnotes":""},"class_list":["post-9144","page","type-page","status-publish","hentry"],"yoast_head":"<!-- This site is optimized with the Yoast SEO plugin v27.4 - https:\/\/yoast.com\/product\/yoast-seo-wordpress\/ -->\n<title>Quartel general - 59\u00ba Congreso Internacional de Americanistas<\/title>\n<meta name=\"robots\" content=\"index, follow, max-snippet:-1, max-image-preview:large, max-video-preview:-1\" \/>\n<link rel=\"canonical\" href=\"https:\/\/congresoica.org\/inicio\/sede\/\" \/>\n<meta property=\"og:locale\" content=\"pt_PT\" \/>\n<meta property=\"og:type\" content=\"article\" \/>\n<meta property=\"og:title\" content=\"Quartel general - 59\u00ba Congreso Internacional de Americanistas\" \/>\n<meta property=\"og:description\" content=\"Campus UPB em Laureles: acess\u00edvel, cultural e perto de tudo O Congresso acontecer\u00e1 no campus principal da UPB (circular 1 #70-01), localizado no cora\u00e7\u00e3o do bairro Laureles. Este est\u00e1 localizado em um setor residencial, a oeste de Medell\u00edn. Possui um design urbano semicircular que, gra\u00e7as \u00e0 sua acessibilidade e contexto urbano atraente, oferece um ambiente [&hellip;]\" \/>\n<meta property=\"og:url\" content=\"https:\/\/congresoica.org\/inicio\/sede\/\" \/>\n<meta property=\"og:site_name\" content=\"59\u00ba Congreso Internacional de Americanistas\" \/>\n<meta property=\"article:modified_time\" content=\"2026-03-18T18:53:54+00:00\" \/>\n<meta name=\"twitter:card\" content=\"summary_large_image\" \/>\n<meta name=\"twitter:label1\" content=\"Tempo estimado de leitura\" \/>\n\t<meta name=\"twitter:data1\" content=\"4 minutos\" \/>\n<script type=\"application\/ld+json\" class=\"yoast-schema-graph\">{\"@context\":\"https:\\\/\\\/schema.org\",\"@graph\":[{\"@type\":\"WebPage\",\"@id\":\"https:\\\/\\\/congresoica.org\\\/inicio\\\/sede\\\/\",\"url\":\"https:\\\/\\\/congresoica.org\\\/inicio\\\/sede\\\/\",\"name\":\"Quartel general - 59\u00ba Congreso Internacional de Americanistas\",\"isPartOf\":{\"@id\":\"https:\\\/\\\/congresoica.org\\\/#website\"},\"datePublished\":\"2026-02-26T01:54:32+00:00\",\"dateModified\":\"2026-03-18T18:53:54+00:00\",\"breadcrumb\":{\"@id\":\"https:\\\/\\\/congresoica.org\\\/inicio\\\/sede\\\/#breadcrumb\"},\"inLanguage\":\"pt-PT\",\"potentialAction\":[{\"@type\":\"ReadAction\",\"target\":[\"https:\\\/\\\/congresoica.org\\\/inicio\\\/sede\\\/\"]}]},{\"@type\":\"BreadcrumbList\",\"@id\":\"https:\\\/\\\/congresoica.org\\\/inicio\\\/sede\\\/#breadcrumb\",\"itemListElement\":[{\"@type\":\"ListItem\",\"position\":1,\"name\":\"Inicio\",\"item\":\"https:\\\/\\\/congresoica.org\\\/\"},{\"@type\":\"ListItem\",\"position\":2,\"name\":\"In\u00edcio\",\"item\":\"https:\\\/\\\/congresoica.org\\\/\"},{\"@type\":\"ListItem\",\"position\":3,\"name\":\"Quartel general\"}]},{\"@type\":\"WebSite\",\"@id\":\"https:\\\/\\\/congresoica.org\\\/#website\",\"url\":\"https:\\\/\\\/congresoica.org\\\/\",\"name\":\"59\u00ba Congreso Internacional de Americanistas\",\"description\":\"Del 5 al 9 de julio de 2027 en Medell\u00edn (UPB). Tradici\u00f3n e innovaci\u00f3n: las memorias de las Am\u00e9ricas. \u00c1reas tem\u00e1ticas, simposios, ponencias, mesas redondas y m\u00e1s.\",\"potentialAction\":[{\"@type\":\"SearchAction\",\"target\":{\"@type\":\"EntryPoint\",\"urlTemplate\":\"https:\\\/\\\/congresoica.org\\\/?s={search_term_string}\"},\"query-input\":{\"@type\":\"PropertyValueSpecification\",\"valueRequired\":true,\"valueName\":\"search_term_string\"}}],\"inLanguage\":\"pt-PT\"}]}<\/script>\n<!-- \/ Yoast SEO plugin. -->","yoast_head_json":{"title":"Quartel general - 59\u00ba Congreso Internacional de Americanistas","robots":{"index":"index","follow":"follow","max-snippet":"max-snippet:-1","max-image-preview":"max-image-preview:large","max-video-preview":"max-video-preview:-1"},"canonical":"https:\/\/congresoica.org\/inicio\/sede\/","og_locale":"pt_PT","og_type":"article","og_title":"Quartel general - 59\u00ba Congreso Internacional de Americanistas","og_description":"Campus UPB em Laureles: acess\u00edvel, cultural e perto de tudo O Congresso acontecer\u00e1 no campus principal da UPB (circular 1 #70-01), localizado no cora\u00e7\u00e3o do bairro Laureles. Este est\u00e1 localizado em um setor residencial, a oeste de Medell\u00edn. Possui um design urbano semicircular que, gra\u00e7as \u00e0 sua acessibilidade e contexto urbano atraente, oferece um ambiente [&hellip;]","og_url":"https:\/\/congresoica.org\/inicio\/sede\/","og_site_name":"59\u00ba Congreso Internacional de Americanistas","article_modified_time":"2026-03-18T18:53:54+00:00","twitter_card":"summary_large_image","twitter_misc":{"Tempo estimado de leitura":"4 minutos"},"schema":{"@context":"https:\/\/schema.org","@graph":[{"@type":"WebPage","@id":"https:\/\/congresoica.org\/inicio\/sede\/","url":"https:\/\/congresoica.org\/inicio\/sede\/","name":"Quartel general - 59\u00ba Congreso Internacional de Americanistas","isPartOf":{"@id":"https:\/\/congresoica.org\/#website"},"datePublished":"2026-02-26T01:54:32+00:00","dateModified":"2026-03-18T18:53:54+00:00","breadcrumb":{"@id":"https:\/\/congresoica.org\/inicio\/sede\/#breadcrumb"},"inLanguage":"pt-PT","potentialAction":[{"@type":"ReadAction","target":["https:\/\/congresoica.org\/inicio\/sede\/"]}]},{"@type":"BreadcrumbList","@id":"https:\/\/congresoica.org\/inicio\/sede\/#breadcrumb","itemListElement":[{"@type":"ListItem","position":1,"name":"Inicio","item":"https:\/\/congresoica.org\/"},{"@type":"ListItem","position":2,"name":"In\u00edcio","item":"https:\/\/congresoica.org\/"},{"@type":"ListItem","position":3,"name":"Quartel general"}]},{"@type":"WebSite","@id":"https:\/\/congresoica.org\/#website","url":"https:\/\/congresoica.org\/","name":"59\u00ba Congreso Internacional de Americanistas","description":"Del 5 al 9 de julio de 2027 en Medell\u00edn (UPB). Tradici\u00f3n e innovaci\u00f3n: las memorias de las Am\u00e9ricas. \u00c1reas tem\u00e1ticas, simposios, ponencias, mesas redondas y m\u00e1s.","potentialAction":[{"@type":"SearchAction","target":{"@type":"EntryPoint","urlTemplate":"https:\/\/congresoica.org\/?s={search_term_string}"},"query-input":{"@type":"PropertyValueSpecification","valueRequired":true,"valueName":"search_term_string"}}],"inLanguage":"pt-PT"}]}},"_links":{"self":[{"href":"https:\/\/congresoica.org\/pt-pt\/wp-json\/wp\/v2\/pages\/9144","targetHints":{"allow":["GET"]}}],"collection":[{"href":"https:\/\/congresoica.org\/pt-pt\/wp-json\/wp\/v2\/pages"}],"about":[{"href":"https:\/\/congresoica.org\/pt-pt\/wp-json\/wp\/v2\/types\/page"}],"author":[{"embeddable":true,"href":"https:\/\/congresoica.org\/pt-pt\/wp-json\/wp\/v2\/users\/1"}],"replies":[{"embeddable":true,"href":"https:\/\/congresoica.org\/pt-pt\/wp-json\/wp\/v2\/comments?post=9144"}],"version-history":[{"count":3,"href":"https:\/\/congresoica.org\/pt-pt\/wp-json\/wp\/v2\/pages\/9144\/revisions"}],"predecessor-version":[{"id":9147,"href":"https:\/\/congresoica.org\/pt-pt\/wp-json\/wp\/v2\/pages\/9144\/revisions\/9147"}],"up":[{"embeddable":true,"href":"https:\/\/congresoica.org\/pt-pt\/wp-json\/wp\/v2\/pages\/8969"}],"wp:attachment":[{"href":"https:\/\/congresoica.org\/pt-pt\/wp-json\/wp\/v2\/media?parent=9144"}],"curies":[{"name":"wp","href":"https:\/\/api.w.org\/{rel}","templated":true}]}}