{"id":9041,"date":"2026-02-25T21:16:22","date_gmt":"2026-02-26T02:16:22","guid":{"rendered":"https:\/\/congresoica.org\/inicio\/simposios-e-apresentacoes-individuais\/"},"modified":"2026-03-21T12:32:44","modified_gmt":"2026-03-21T17:32:44","slug":"simposios-e-apresentacoes-individuais","status":"publish","type":"page","link":"https:\/\/congresoica.org\/pt-pt\/inicio\/simposios-e-apresentacoes-individuais\/","title":{"rendered":"Simp\u00f3sios E Apresenta\u00e7\u00f5es Individuais"},"content":{"rendered":"\t\t<div data-elementor-type=\"wp-page\" data-elementor-id=\"9041\" class=\"elementor elementor-9041 elementor-7721\" data-elementor-post-type=\"page\">\n\t\t\t\t<div class=\"elementor-element elementor-element-aa02d7d e-flex e-con-boxed e-con e-parent\" data-id=\"aa02d7d\" data-element_type=\"container\" data-e-type=\"container\" data-settings=\"{&quot;background_background&quot;:&quot;classic&quot;,&quot;shape_divider_bottom&quot;:&quot;lqd-custom-shape-8&quot;}\">\n\t\t\t\t\t<div class=\"e-con-inner\">\n\t\t\t\t<div class=\"elementor-shape elementor-shape-bottom\" aria-hidden=\"true\" data-negative=\"false\">\n\t\t\t<svg class=\"lqd-custom-shape\" xmlns=\"http:\/\/www.w3.org\/2000\/svg\" viewBox=\"0 0 1440 100\" preserveAspectRatio=\"none\">\n    <path class=\"elementor-shape-fill\" id=\"Row_Separator\" data-name=\"Row Separator\" d=\"M1440,0Q1080,99,720,99T0,0V100H1440Z\" \/>\n<\/svg>\t\t<\/div>\n\t\t\t\t<div class=\"elementor-element elementor-element-debadc2 elementor-widget elementor-widget-hub_fancy_heading\" data-id=\"debadc2\" data-element_type=\"widget\" data-e-type=\"widget\" data-widget_type=\"hub_fancy_heading.default\">\n\t\t\t\t<div class=\"elementor-widget-container\">\n\t\t\t\t\t\n\t\t<div id=\"ld-fancy-heading-69e6435ee7253\" class=\"ld-fancy-heading pos-rel\">\n\t\t\t\t\t<\/div>\n\n\t\t\t\t\t\t<\/div>\n\t\t\t\t<\/div>\n\t\t\t\t\t<\/div>\n\t\t\t\t<\/div>\n\t\t<div class=\"elementor-element elementor-element-81a5117 e-flex e-con-boxed e-con e-parent\" data-id=\"81a5117\" data-element_type=\"container\" data-e-type=\"container\" data-settings=\"{&quot;background_background&quot;:&quot;classic&quot;}\">\n\t\t\t\t\t<div class=\"e-con-inner\">\n\t\t<div class=\"elementor-element elementor-element-1502d11 e-con-full e-flex e-con e-child\" data-id=\"1502d11\" data-element_type=\"container\" data-e-type=\"container\">\n\t\t\t\t<div class=\"elementor-element elementor-element-dcc556e elementor-widget elementor-widget-hub_fancy_heading\" data-id=\"dcc556e\" data-element_type=\"widget\" data-e-type=\"widget\" data-widget_type=\"hub_fancy_heading.default\">\n\t\t\t\t<div class=\"elementor-widget-container\">\n\t\t\t\t\t\n\t\t<div id=\"ld-fancy-heading-69e6435ee7d92\" class=\"ld-fancy-heading pos-rel\">\n\t\t\t<p class=\"ld-fh-element d-inline-block pos-rel  lqd-highlight-classic lqd-highlight-grow-left p\"  > De acordo com as \u00e1reas tem\u00e1ticas, convidamos pessoas interessadas em propor simp\u00f3sios.<\/p>\t\t<\/div>\n\n\t\t\t\t\t\t<\/div>\n\t\t\t\t<\/div>\n\t\t\t\t<div class=\"elementor-element elementor-element-1318606 elementor-widget elementor-widget-hub_fancy_heading lqd-el-has-inner-anim\" data-id=\"1318606\" data-element_type=\"widget\" data-e-type=\"widget\" data-settings=\"{&quot;enable_split&quot;:&quot;true&quot;,&quot;split_type&quot;:&quot;words&quot;}\" data-widget_type=\"hub_fancy_heading.default\">\n\t\t\t\t<div class=\"elementor-widget-container\">\n\t\t\t\t\t\n\t\t<div id=\"ld-fancy-heading-69e6435ee8710\" class=\"ld-fancy-heading pos-rel\">\n\t\t\t<h2 class=\"ld-fh-element d-inline-block pos-rel  elementor-heading-title lqd-highlight-classic lqd-highlight-grow-left lqd-split-words h2\"  data-split-text=\"true\" data-split-options='{\"type\":\"words\"}'> Simp\u00f3sios<\/h2>\t\t<\/div>\n\n\t\t\t\t\t\t<\/div>\n\t\t\t\t<\/div>\n\t\t\t\t<div class=\"elementor-element elementor-element-4ed38b5 elementor-widget elementor-widget-text-editor\" data-id=\"4ed38b5\" data-element_type=\"widget\" data-e-type=\"widget\" data-widget_type=\"text-editor.default\">\n\t\t\t\t\t\t\t\t\t<p><strong>Crit\u00e9rios:<\/strong><\/p><ul><li>O per\u00edodo de inscri\u00e7\u00e3o ser\u00e1 de 20 de mar\u00e7o a 06 de julho de 2026 e ser\u00e1 realizado por meio da plataforma: <a href=\"https:\/\/www5.shocklogic.com\/scripts\/jmevent\/Abstract.asp?Client_Id=%27COCE%27&amp;Project_Id=%2727002%27&amp;System_Id=1\">clique aqui<\/a><\/li><li>Os simp\u00f3sios devem estar alinhados com as \u00e1reas tem\u00e1ticas do Congresso.<\/li><li>Eles ser\u00e3o respons\u00e1veis por dois coordenadores de diferentes pa\u00edses, preferencialmente priorizando a equidade de g\u00eanero.<\/li><li>Somente um simp\u00f3sio pode ser coordenado. Os coordenadores devem decidir e, quando apropriado, aceitar as propostas dos participantes, aplicar os crit\u00e9rios de alinhamento com as \u00e1reas tem\u00e1ticas estabelecidas e estabelecer regras para a apresenta\u00e7\u00e3o das obras admitidas. Solicita-se a ades\u00e3o ao programa e aos hor\u00e1rios atribu\u00eddos, aprove a publica\u00e7\u00e3o do livro de mem\u00f3rias e, se necess\u00e1rio, obtenha um patroc\u00ednio para seus respectivos simp\u00f3sios. Recomendamos que os participantes dos simp\u00f3sios favore\u00e7am a participa\u00e7\u00e3o de diferentes afilia\u00e7\u00f5es e \u00e1reas geogr\u00e1ficas.<\/li><li>O Comit\u00ea Organizador respeitar\u00e1 outras formas de simp\u00f3sios que foram realizadas em confer\u00eancias anteriores ou que desejam realizar uma nova tradi\u00e7\u00e3o de trabalho. Estes e aqueles devem ser expostos em tempo h\u00e1bil.<\/li><li>O Comit\u00ea Organizador respeitar\u00e1 outras formas de simp\u00f3sios que foram realizadas em confer\u00eancias anteriores ou que desejam realizar uma nova tradi\u00e7\u00e3o de trabalho. Estes e aqueles devem ser expostos em tempo h\u00e1bil.<\/li><li>Existem simp\u00f3sios que podem ser propostos completos com seus respectivos palestrantes. Tenha em mente que cada um deve se registrar individualmente na plataforma assim que o simp\u00f3sio for aprovado pelos coordenadores da \u00e1rea.<\/li><li>Nomes e sobrenomes dos coordenadores<\/li><li>Um participante pode apresentar, no m\u00e1ximo, duas apresenta\u00e7\u00f5es em diferentes simp\u00f3sios.<\/li><li>Os organizadores do 59\u00ba ICA divulgar\u00e3o informa\u00e7\u00f5es sobre os simp\u00f3sios aprovados em tempo h\u00e1bil e com bastante anteced\u00eancia sobre as datas marcadas para o Congresso. Da mesma forma, eles fornecer\u00e3o o espa\u00e7o f\u00edsico, audiovisual e equipamentos t\u00e9cnicos nas salas de aula designadas para cada simp\u00f3sio. Eles ter\u00e3o suporte log\u00edstico.<\/li><\/ul><p><strong>Informa\u00e7\u00f5es b\u00e1sicas necess\u00e1rias:<\/strong><\/p><ul><li>Nomes e sobrenomes dos coordenadores<\/li><li>endere\u00e7o de e-mail<\/li><li>institui\u00e7\u00e3o a que pertencem<\/li><li>Breve vis\u00e3o geral do curr\u00edculo, no m\u00e1ximo 250 palavras<\/li><li>T\u00edtulo do simp\u00f3sio<\/li><li>Resumo de 500 palavras no m\u00e1ximo<\/li><li>5 palavras-chave<\/li><li>L\u00edngua<\/li><\/ul>\t\t\t\t\t\t\t\t<\/div>\n\t\t\t\t<div class=\"elementor-element elementor-element-17ded51 elementor-widget elementor-widget-hub_fancy_heading lqd-el-has-inner-anim\" data-id=\"17ded51\" data-element_type=\"widget\" data-e-type=\"widget\" data-settings=\"{&quot;enable_split&quot;:&quot;true&quot;,&quot;split_type&quot;:&quot;words&quot;}\" data-widget_type=\"hub_fancy_heading.default\">\n\t\t\t\t<div class=\"elementor-widget-container\">\n\t\t\t\t\t\n\t\t<div id=\"ld-fancy-heading-69e6435eebd36\" class=\"ld-fancy-heading pos-rel\">\n\t\t\t<h2 class=\"ld-fh-element d-inline-block pos-rel  elementor-heading-title lqd-highlight-classic lqd-highlight-grow-left lqd-split-words h2\"  data-split-text=\"true\" data-split-options='{\"type\":\"words\"}'> <br>Apresenta\u00e7\u00f5es individuais<\/h2>\t\t<\/div>\n\n\t\t\t\t\t\t<\/div>\n\t\t\t\t<\/div>\n\t\t\t\t<div class=\"elementor-element elementor-element-8bade51 elementor-widget elementor-widget-text-editor\" data-id=\"8bade51\" data-element_type=\"widget\" data-e-type=\"widget\" data-widget_type=\"text-editor.default\">\n\t\t\t\t\t\t\t\t\t<p>A chamada para apresenta\u00e7\u00f5es estar\u00e1 aberta de 3 de agosto a 31 de dezembro de 2026.<\/p><p><strong>Crit\u00e9rios:<\/strong><\/p><ul><li>Eles devem ser apresentados de acordo com os simp\u00f3sios relacionados em cada \u00e1rea.<\/li><li>Um participante pode apresentar, no m\u00e1ximo, duas apresenta\u00e7\u00f5es em diferentes simp\u00f3sios.<\/li><li>No m\u00e1ximo, duas pessoas ser\u00e3o apresentadas por apresenta\u00e7\u00e3o e devem se registrar individualmente na plataforma.<\/li><\/ul><p> <\/p><p><strong>Informa\u00e7\u00f5es b\u00e1sicas necess\u00e1rias:<\/strong><\/p><ul><li class=\"s52\">Nomes e sobrenomes<\/li><li class=\"s52\">Pa\u00eds<\/li><li class=\"s52\">Cidade<\/li><li class=\"s52\">Afilia\u00e7\u00e3o institucional<\/li><li class=\"s52\">n\u00edvel de escolaridade<\/li><li class=\"s52\">O email<\/li><li class=\"s52\">Orcid (opcional)<\/li><li class=\"s52\">Breve vis\u00e3o geral do curr\u00edculo, sem mais de 250 palavras<\/li><li class=\"s52\">Resumo entre 200 e 300 palavras<\/li><li class=\"s52\">5 palavras-chave. Sugere-se o uso de tesauro <\/li><li class=\"s52\">L\u00edngua<\/li><\/ul>\t\t\t\t\t\t\t\t<\/div>\n\t\t\t\t<\/div>\n\t\t\t\t\t<\/div>\n\t\t\t\t<\/div>\n\t\t\t\t<\/div>\n\t\t","protected":false},"excerpt":{"rendered":"<p>De acordo com as \u00e1reas tem\u00e1ticas, convidamos pessoas interessadas em propor simp\u00f3sios. Simp\u00f3sios Crit\u00e9rios: O per\u00edodo de inscri\u00e7\u00e3o ser\u00e1 de 20 de mar\u00e7o a 06 de julho de 2026 e ser\u00e1 realizado por meio da plataforma: clique aqui Os simp\u00f3sios devem estar alinhados com as \u00e1reas tem\u00e1ticas do Congresso. Eles ser\u00e3o respons\u00e1veis por dois coordenadores [&hellip;]<\/p>\n","protected":false},"author":1,"featured_media":0,"parent":8969,"menu_order":0,"comment_status":"closed","ping_status":"closed","template":"","meta":{"inline_featured_image":false,"footnotes":""},"class_list":["post-9041","page","type-page","status-publish","hentry"],"yoast_head":"<!-- This site is optimized with the Yoast SEO plugin v27.4 - https:\/\/yoast.com\/product\/yoast-seo-wordpress\/ -->\n<title>Simp\u00f3sios E Apresenta\u00e7\u00f5es Individuais - 59\u00ba Congreso Internacional de Americanistas<\/title>\n<meta name=\"robots\" content=\"index, follow, max-snippet:-1, max-image-preview:large, max-video-preview:-1\" \/>\n<link rel=\"canonical\" href=\"https:\/\/congresoica.org\/inicio\/simposios-y-ponencias-individuales\/\" \/>\n<meta property=\"og:locale\" content=\"pt_PT\" \/>\n<meta property=\"og:type\" content=\"article\" \/>\n<meta property=\"og:title\" content=\"Simp\u00f3sios E Apresenta\u00e7\u00f5es Individuais - 59\u00ba Congreso Internacional de Americanistas\" \/>\n<meta property=\"og:description\" content=\"De acordo com as \u00e1reas tem\u00e1ticas, convidamos pessoas interessadas em propor simp\u00f3sios. Simp\u00f3sios Crit\u00e9rios: O per\u00edodo de inscri\u00e7\u00e3o ser\u00e1 de 20 de mar\u00e7o a 06 de julho de 2026 e ser\u00e1 realizado por meio da plataforma: clique aqui Os simp\u00f3sios devem estar alinhados com as \u00e1reas tem\u00e1ticas do Congresso. Eles ser\u00e3o respons\u00e1veis por dois coordenadores [&hellip;]\" \/>\n<meta property=\"og:url\" content=\"https:\/\/congresoica.org\/inicio\/simposios-y-ponencias-individuales\/\" \/>\n<meta property=\"og:site_name\" content=\"59\u00ba Congreso Internacional de Americanistas\" \/>\n<meta property=\"article:modified_time\" content=\"2026-03-21T17:32:44+00:00\" \/>\n<meta name=\"twitter:card\" content=\"summary_large_image\" \/>\n<meta name=\"twitter:label1\" content=\"Tempo estimado de leitura\" \/>\n\t<meta name=\"twitter:data1\" content=\"1 minuto\" \/>\n<script type=\"application\/ld+json\" class=\"yoast-schema-graph\">{\"@context\":\"https:\\\/\\\/schema.org\",\"@graph\":[{\"@type\":\"WebPage\",\"@id\":\"https:\\\/\\\/congresoica.org\\\/inicio\\\/simposios-y-ponencias-individuales\\\/\",\"url\":\"https:\\\/\\\/congresoica.org\\\/inicio\\\/simposios-y-ponencias-individuales\\\/\",\"name\":\"Simp\u00f3sios E Apresenta\u00e7\u00f5es Individuais - 59\u00ba Congreso Internacional de Americanistas\",\"isPartOf\":{\"@id\":\"https:\\\/\\\/congresoica.org\\\/#website\"},\"datePublished\":\"2026-02-26T02:16:22+00:00\",\"dateModified\":\"2026-03-21T17:32:44+00:00\",\"breadcrumb\":{\"@id\":\"https:\\\/\\\/congresoica.org\\\/inicio\\\/simposios-y-ponencias-individuales\\\/#breadcrumb\"},\"inLanguage\":\"pt-PT\",\"potentialAction\":[{\"@type\":\"ReadAction\",\"target\":[\"https:\\\/\\\/congresoica.org\\\/inicio\\\/simposios-y-ponencias-individuales\\\/\"]}]},{\"@type\":\"BreadcrumbList\",\"@id\":\"https:\\\/\\\/congresoica.org\\\/inicio\\\/simposios-y-ponencias-individuales\\\/#breadcrumb\",\"itemListElement\":[{\"@type\":\"ListItem\",\"position\":1,\"name\":\"Inicio\",\"item\":\"https:\\\/\\\/congresoica.org\\\/\"},{\"@type\":\"ListItem\",\"position\":2,\"name\":\"In\u00edcio\",\"item\":\"https:\\\/\\\/congresoica.org\\\/\"},{\"@type\":\"ListItem\",\"position\":3,\"name\":\"Simp\u00f3sios E Apresenta\u00e7\u00f5es Individuais\"}]},{\"@type\":\"WebSite\",\"@id\":\"https:\\\/\\\/congresoica.org\\\/#website\",\"url\":\"https:\\\/\\\/congresoica.org\\\/\",\"name\":\"59\u00ba Congreso Internacional de Americanistas\",\"description\":\"Del 5 al 9 de julio de 2027 en Medell\u00edn (UPB). Tradici\u00f3n e innovaci\u00f3n: las memorias de las Am\u00e9ricas. \u00c1reas tem\u00e1ticas, simposios, ponencias, mesas redondas y m\u00e1s.\",\"potentialAction\":[{\"@type\":\"SearchAction\",\"target\":{\"@type\":\"EntryPoint\",\"urlTemplate\":\"https:\\\/\\\/congresoica.org\\\/?s={search_term_string}\"},\"query-input\":{\"@type\":\"PropertyValueSpecification\",\"valueRequired\":true,\"valueName\":\"search_term_string\"}}],\"inLanguage\":\"pt-PT\"}]}<\/script>\n<!-- \/ Yoast SEO plugin. -->","yoast_head_json":{"title":"Simp\u00f3sios E Apresenta\u00e7\u00f5es Individuais - 59\u00ba Congreso Internacional de Americanistas","robots":{"index":"index","follow":"follow","max-snippet":"max-snippet:-1","max-image-preview":"max-image-preview:large","max-video-preview":"max-video-preview:-1"},"canonical":"https:\/\/congresoica.org\/inicio\/simposios-y-ponencias-individuales\/","og_locale":"pt_PT","og_type":"article","og_title":"Simp\u00f3sios E Apresenta\u00e7\u00f5es Individuais - 59\u00ba Congreso Internacional de Americanistas","og_description":"De acordo com as \u00e1reas tem\u00e1ticas, convidamos pessoas interessadas em propor simp\u00f3sios. Simp\u00f3sios Crit\u00e9rios: O per\u00edodo de inscri\u00e7\u00e3o ser\u00e1 de 20 de mar\u00e7o a 06 de julho de 2026 e ser\u00e1 realizado por meio da plataforma: clique aqui Os simp\u00f3sios devem estar alinhados com as \u00e1reas tem\u00e1ticas do Congresso. Eles ser\u00e3o respons\u00e1veis por dois coordenadores [&hellip;]","og_url":"https:\/\/congresoica.org\/inicio\/simposios-y-ponencias-individuales\/","og_site_name":"59\u00ba Congreso Internacional de Americanistas","article_modified_time":"2026-03-21T17:32:44+00:00","twitter_card":"summary_large_image","twitter_misc":{"Tempo estimado de leitura":"1 minuto"},"schema":{"@context":"https:\/\/schema.org","@graph":[{"@type":"WebPage","@id":"https:\/\/congresoica.org\/inicio\/simposios-y-ponencias-individuales\/","url":"https:\/\/congresoica.org\/inicio\/simposios-y-ponencias-individuales\/","name":"Simp\u00f3sios E Apresenta\u00e7\u00f5es Individuais - 59\u00ba Congreso Internacional de Americanistas","isPartOf":{"@id":"https:\/\/congresoica.org\/#website"},"datePublished":"2026-02-26T02:16:22+00:00","dateModified":"2026-03-21T17:32:44+00:00","breadcrumb":{"@id":"https:\/\/congresoica.org\/inicio\/simposios-y-ponencias-individuales\/#breadcrumb"},"inLanguage":"pt-PT","potentialAction":[{"@type":"ReadAction","target":["https:\/\/congresoica.org\/inicio\/simposios-y-ponencias-individuales\/"]}]},{"@type":"BreadcrumbList","@id":"https:\/\/congresoica.org\/inicio\/simposios-y-ponencias-individuales\/#breadcrumb","itemListElement":[{"@type":"ListItem","position":1,"name":"Inicio","item":"https:\/\/congresoica.org\/"},{"@type":"ListItem","position":2,"name":"In\u00edcio","item":"https:\/\/congresoica.org\/"},{"@type":"ListItem","position":3,"name":"Simp\u00f3sios E Apresenta\u00e7\u00f5es Individuais"}]},{"@type":"WebSite","@id":"https:\/\/congresoica.org\/#website","url":"https:\/\/congresoica.org\/","name":"59\u00ba Congreso Internacional de Americanistas","description":"Del 5 al 9 de julio de 2027 en Medell\u00edn (UPB). Tradici\u00f3n e innovaci\u00f3n: las memorias de las Am\u00e9ricas. \u00c1reas tem\u00e1ticas, simposios, ponencias, mesas redondas y m\u00e1s.","potentialAction":[{"@type":"SearchAction","target":{"@type":"EntryPoint","urlTemplate":"https:\/\/congresoica.org\/?s={search_term_string}"},"query-input":{"@type":"PropertyValueSpecification","valueRequired":true,"valueName":"search_term_string"}}],"inLanguage":"pt-PT"}]}},"_links":{"self":[{"href":"https:\/\/congresoica.org\/pt-pt\/wp-json\/wp\/v2\/pages\/9041","targetHints":{"allow":["GET"]}}],"collection":[{"href":"https:\/\/congresoica.org\/pt-pt\/wp-json\/wp\/v2\/pages"}],"about":[{"href":"https:\/\/congresoica.org\/pt-pt\/wp-json\/wp\/v2\/types\/page"}],"author":[{"embeddable":true,"href":"https:\/\/congresoica.org\/pt-pt\/wp-json\/wp\/v2\/users\/1"}],"replies":[{"embeddable":true,"href":"https:\/\/congresoica.org\/pt-pt\/wp-json\/wp\/v2\/comments?post=9041"}],"version-history":[{"count":4,"href":"https:\/\/congresoica.org\/pt-pt\/wp-json\/wp\/v2\/pages\/9041\/revisions"}],"predecessor-version":[{"id":9166,"href":"https:\/\/congresoica.org\/pt-pt\/wp-json\/wp\/v2\/pages\/9041\/revisions\/9166"}],"up":[{"embeddable":true,"href":"https:\/\/congresoica.org\/pt-pt\/wp-json\/wp\/v2\/pages\/8969"}],"wp:attachment":[{"href":"https:\/\/congresoica.org\/pt-pt\/wp-json\/wp\/v2\/media?parent=9041"}],"curies":[{"name":"wp","href":"https:\/\/api.w.org\/{rel}","templated":true}]}}