{"id":9020,"date":"2026-02-25T21:21:55","date_gmt":"2026-02-26T02:21:55","guid":{"rendered":"https:\/\/congresoica.org\/inicio\/mesas-redondas\/"},"modified":"2026-03-18T13:16:57","modified_gmt":"2026-03-18T18:16:57","slug":"mesas-redondas","status":"publish","type":"page","link":"https:\/\/congresoica.org\/pt-pt\/inicio\/mesas-redondas\/","title":{"rendered":"Mesas Redondas"},"content":{"rendered":"\t\t<div data-elementor-type=\"wp-page\" data-elementor-id=\"9020\" class=\"elementor elementor-9020 elementor-7727\" data-elementor-post-type=\"page\">\n\t\t\t\t<div class=\"elementor-element elementor-element-aa02d7d e-flex e-con-boxed e-con e-parent\" data-id=\"aa02d7d\" data-element_type=\"container\" data-e-type=\"container\" data-settings=\"{&quot;background_background&quot;:&quot;classic&quot;,&quot;shape_divider_bottom&quot;:&quot;lqd-custom-shape-8&quot;}\">\n\t\t\t\t\t<div class=\"e-con-inner\">\n\t\t\t\t<div class=\"elementor-shape elementor-shape-bottom\" aria-hidden=\"true\" data-negative=\"false\">\n\t\t\t<svg class=\"lqd-custom-shape\" xmlns=\"http:\/\/www.w3.org\/2000\/svg\" viewBox=\"0 0 1440 100\" preserveAspectRatio=\"none\">\n    <path class=\"elementor-shape-fill\" id=\"Row_Separator\" data-name=\"Row Separator\" d=\"M1440,0Q1080,99,720,99T0,0V100H1440Z\" \/>\n<\/svg>\t\t<\/div>\n\t\t\t\t<div class=\"elementor-element elementor-element-debadc2 elementor-widget elementor-widget-hub_fancy_heading\" data-id=\"debadc2\" data-element_type=\"widget\" data-e-type=\"widget\" data-widget_type=\"hub_fancy_heading.default\">\n\t\t\t\t<div class=\"elementor-widget-container\">\n\t\t\t\t\t\n\t\t<div id=\"ld-fancy-heading-69e65359e5298\" class=\"ld-fancy-heading pos-rel\">\n\t\t\t\t\t<\/div>\n\n\t\t\t\t\t\t<\/div>\n\t\t\t\t<\/div>\n\t\t\t\t\t<\/div>\n\t\t\t\t<\/div>\n\t\t<div class=\"elementor-element elementor-element-81a5117 e-flex e-con-boxed e-con e-parent\" data-id=\"81a5117\" data-element_type=\"container\" data-e-type=\"container\" data-settings=\"{&quot;background_background&quot;:&quot;classic&quot;}\">\n\t\t\t\t\t<div class=\"e-con-inner\">\n\t\t<div class=\"elementor-element elementor-element-1502d11 e-con-full e-flex e-con e-child\" data-id=\"1502d11\" data-element_type=\"container\" data-e-type=\"container\">\n\t\t\t\t<div class=\"elementor-element elementor-element-4ed38b5 elementor-widget elementor-widget-text-editor\" data-id=\"4ed38b5\" data-element_type=\"widget\" data-e-type=\"widget\" data-widget_type=\"text-editor.default\">\n\t\t\t\t\t\t\t\t\t<p>De acordo com as \u00e1reas tem\u00e1ticas, os interessados s\u00e3o convidados a propor mesas redondas:<\/p><p><strong>Crit\u00e9rios:<\/strong><\/p><ul><li>O per\u00edodo de inscri\u00e7\u00e3o ser\u00e1 de 16 de mar\u00e7o a 06 de julho de 2026 e ser\u00e1 feito por meio da plataforma: <a href=\"https:\/\/www5.shocklogic.com\/scripts\/jmevent\/Abstract.asp?Client_Id=%27COCE%27&amp;Project_Id=%2727002%27&amp;System_Id=1\">clique <\/a>aqui<\/li><li>Fa\u00e7a a proposta de acordo com as \u00e1reas tem\u00e1ticas.<\/li><li>Eles ser\u00e3o respons\u00e1veis por 1 ou 2 coordenadores de diferentes pa\u00edses, preferencialmente priorizando a igualdade de g\u00eanero.<\/li><li>Fa\u00e7a um breve curr\u00edculo (m\u00e1ximo de 200 palavras por pessoa) que demonstre experi\u00eancia e conhecimento do assunto.<\/li><li>Justifique a contribui\u00e7\u00e3o para o Congresso (100 palavras).<\/li><li>As mesas s\u00e3o compostas por, m\u00ednimo, 3 pessoas e, no m\u00e1ximo, 4.<\/li><li>A dura\u00e7\u00e3o m\u00e1xima da mesa redonda \u00e9 de uma hora e meia.<\/li><li>Considere estrat\u00e9gias para promover a mesa e atrair um p\u00fablico amplo.<\/li><li>A inscri\u00e7\u00e3o deve ser feita antes de 1\u00ba de dezembro de 2026. Uma vez aprovado, os coordenadores da mesa devem inserir os nomes e dados solicitados pelos participantes na plataforma. <\/li><\/ul><p> <\/p><p><strong>Informa\u00e7\u00f5es b\u00e1sicas necess\u00e1rias:<\/strong><\/p><ul><li>Nome e sobrenome dos coordenadores<\/li><li>endere\u00e7o de e-mail<\/li><li>institui\u00e7\u00e3o a que pertencem<\/li><li>Breve vis\u00e3o geral do curr\u00edculo, no m\u00e1ximo 250 palavras<\/li><li>T\u00edtulo da tabela<\/li><li>Resumo detalhado entre 200 e 300 palavras<\/li><li>5 palavras-chave<\/li><li>L\u00edngua<\/li><\/ul>\t\t\t\t\t\t\t\t<\/div>\n\t\t\t\t<\/div>\n\t\t\t\t\t<\/div>\n\t\t\t\t<\/div>\n\t\t\t\t<\/div>\n\t\t","protected":false},"excerpt":{"rendered":"<p>De acordo com as \u00e1reas tem\u00e1ticas, os interessados s\u00e3o convidados a propor mesas redondas: Crit\u00e9rios: O per\u00edodo de inscri\u00e7\u00e3o ser\u00e1 de 16 de mar\u00e7o a 06 de julho de 2026 e ser\u00e1 feito por meio da plataforma: clique aqui Fa\u00e7a a proposta de acordo com as \u00e1reas tem\u00e1ticas. Eles ser\u00e3o respons\u00e1veis por 1 ou 2 [&hellip;]<\/p>\n","protected":false},"author":1,"featured_media":0,"parent":8969,"menu_order":0,"comment_status":"closed","ping_status":"closed","template":"","meta":{"inline_featured_image":false,"footnotes":""},"class_list":["post-9020","page","type-page","status-publish","hentry"],"yoast_head":"<!-- This site is optimized with the Yoast SEO plugin v27.4 - https:\/\/yoast.com\/product\/yoast-seo-wordpress\/ -->\n<title>Mesas Redondas - 59\u00ba Congreso Internacional de Americanistas<\/title>\n<meta name=\"robots\" content=\"index, follow, max-snippet:-1, max-image-preview:large, max-video-preview:-1\" \/>\n<link rel=\"canonical\" href=\"https:\/\/congresoica.org\/inicio\/mesas-redondas\/\" \/>\n<meta property=\"og:locale\" content=\"pt_PT\" \/>\n<meta property=\"og:type\" content=\"article\" \/>\n<meta property=\"og:title\" content=\"Mesas Redondas - 59\u00ba Congreso Internacional de Americanistas\" \/>\n<meta property=\"og:description\" content=\"De acordo com as \u00e1reas tem\u00e1ticas, os interessados s\u00e3o convidados a propor mesas redondas: Crit\u00e9rios: O per\u00edodo de inscri\u00e7\u00e3o ser\u00e1 de 16 de mar\u00e7o a 06 de julho de 2026 e ser\u00e1 feito por meio da plataforma: clique aqui Fa\u00e7a a proposta de acordo com as \u00e1reas tem\u00e1ticas. Eles ser\u00e3o respons\u00e1veis por 1 ou 2 [&hellip;]\" \/>\n<meta property=\"og:url\" content=\"https:\/\/congresoica.org\/inicio\/mesas-redondas\/\" \/>\n<meta property=\"og:site_name\" content=\"59\u00ba Congreso Internacional de Americanistas\" \/>\n<meta property=\"article:modified_time\" content=\"2026-03-18T18:16:57+00:00\" \/>\n<meta name=\"twitter:card\" content=\"summary_large_image\" \/>\n<meta name=\"twitter:label1\" content=\"Tempo estimado de leitura\" \/>\n\t<meta name=\"twitter:data1\" content=\"1 minuto\" \/>\n<script type=\"application\/ld+json\" class=\"yoast-schema-graph\">{\"@context\":\"https:\\\/\\\/schema.org\",\"@graph\":[{\"@type\":\"WebPage\",\"@id\":\"https:\\\/\\\/congresoica.org\\\/inicio\\\/mesas-redondas\\\/\",\"url\":\"https:\\\/\\\/congresoica.org\\\/inicio\\\/mesas-redondas\\\/\",\"name\":\"Mesas Redondas - 59\u00ba Congreso Internacional de Americanistas\",\"isPartOf\":{\"@id\":\"https:\\\/\\\/congresoica.org\\\/#website\"},\"datePublished\":\"2026-02-26T02:21:55+00:00\",\"dateModified\":\"2026-03-18T18:16:57+00:00\",\"breadcrumb\":{\"@id\":\"https:\\\/\\\/congresoica.org\\\/inicio\\\/mesas-redondas\\\/#breadcrumb\"},\"inLanguage\":\"pt-PT\",\"potentialAction\":[{\"@type\":\"ReadAction\",\"target\":[\"https:\\\/\\\/congresoica.org\\\/inicio\\\/mesas-redondas\\\/\"]}]},{\"@type\":\"BreadcrumbList\",\"@id\":\"https:\\\/\\\/congresoica.org\\\/inicio\\\/mesas-redondas\\\/#breadcrumb\",\"itemListElement\":[{\"@type\":\"ListItem\",\"position\":1,\"name\":\"Inicio\",\"item\":\"https:\\\/\\\/congresoica.org\\\/\"},{\"@type\":\"ListItem\",\"position\":2,\"name\":\"In\u00edcio\",\"item\":\"https:\\\/\\\/congresoica.org\\\/\"},{\"@type\":\"ListItem\",\"position\":3,\"name\":\"Mesas Redondas\"}]},{\"@type\":\"WebSite\",\"@id\":\"https:\\\/\\\/congresoica.org\\\/#website\",\"url\":\"https:\\\/\\\/congresoica.org\\\/\",\"name\":\"59\u00ba Congreso Internacional de Americanistas\",\"description\":\"Del 5 al 9 de julio de 2027 en Medell\u00edn (UPB). Tradici\u00f3n e innovaci\u00f3n: las memorias de las Am\u00e9ricas. \u00c1reas tem\u00e1ticas, simposios, ponencias, mesas redondas y m\u00e1s.\",\"potentialAction\":[{\"@type\":\"SearchAction\",\"target\":{\"@type\":\"EntryPoint\",\"urlTemplate\":\"https:\\\/\\\/congresoica.org\\\/?s={search_term_string}\"},\"query-input\":{\"@type\":\"PropertyValueSpecification\",\"valueRequired\":true,\"valueName\":\"search_term_string\"}}],\"inLanguage\":\"pt-PT\"}]}<\/script>\n<!-- \/ Yoast SEO plugin. -->","yoast_head_json":{"title":"Mesas Redondas - 59\u00ba Congreso Internacional de Americanistas","robots":{"index":"index","follow":"follow","max-snippet":"max-snippet:-1","max-image-preview":"max-image-preview:large","max-video-preview":"max-video-preview:-1"},"canonical":"https:\/\/congresoica.org\/inicio\/mesas-redondas\/","og_locale":"pt_PT","og_type":"article","og_title":"Mesas Redondas - 59\u00ba Congreso Internacional de Americanistas","og_description":"De acordo com as \u00e1reas tem\u00e1ticas, os interessados s\u00e3o convidados a propor mesas redondas: Crit\u00e9rios: O per\u00edodo de inscri\u00e7\u00e3o ser\u00e1 de 16 de mar\u00e7o a 06 de julho de 2026 e ser\u00e1 feito por meio da plataforma: clique aqui Fa\u00e7a a proposta de acordo com as \u00e1reas tem\u00e1ticas. Eles ser\u00e3o respons\u00e1veis por 1 ou 2 [&hellip;]","og_url":"https:\/\/congresoica.org\/inicio\/mesas-redondas\/","og_site_name":"59\u00ba Congreso Internacional de Americanistas","article_modified_time":"2026-03-18T18:16:57+00:00","twitter_card":"summary_large_image","twitter_misc":{"Tempo estimado de leitura":"1 minuto"},"schema":{"@context":"https:\/\/schema.org","@graph":[{"@type":"WebPage","@id":"https:\/\/congresoica.org\/inicio\/mesas-redondas\/","url":"https:\/\/congresoica.org\/inicio\/mesas-redondas\/","name":"Mesas Redondas - 59\u00ba Congreso Internacional de Americanistas","isPartOf":{"@id":"https:\/\/congresoica.org\/#website"},"datePublished":"2026-02-26T02:21:55+00:00","dateModified":"2026-03-18T18:16:57+00:00","breadcrumb":{"@id":"https:\/\/congresoica.org\/inicio\/mesas-redondas\/#breadcrumb"},"inLanguage":"pt-PT","potentialAction":[{"@type":"ReadAction","target":["https:\/\/congresoica.org\/inicio\/mesas-redondas\/"]}]},{"@type":"BreadcrumbList","@id":"https:\/\/congresoica.org\/inicio\/mesas-redondas\/#breadcrumb","itemListElement":[{"@type":"ListItem","position":1,"name":"Inicio","item":"https:\/\/congresoica.org\/"},{"@type":"ListItem","position":2,"name":"In\u00edcio","item":"https:\/\/congresoica.org\/"},{"@type":"ListItem","position":3,"name":"Mesas Redondas"}]},{"@type":"WebSite","@id":"https:\/\/congresoica.org\/#website","url":"https:\/\/congresoica.org\/","name":"59\u00ba Congreso Internacional de Americanistas","description":"Del 5 al 9 de julio de 2027 en Medell\u00edn (UPB). Tradici\u00f3n e innovaci\u00f3n: las memorias de las Am\u00e9ricas. \u00c1reas tem\u00e1ticas, simposios, ponencias, mesas redondas y m\u00e1s.","potentialAction":[{"@type":"SearchAction","target":{"@type":"EntryPoint","urlTemplate":"https:\/\/congresoica.org\/?s={search_term_string}"},"query-input":{"@type":"PropertyValueSpecification","valueRequired":true,"valueName":"search_term_string"}}],"inLanguage":"pt-PT"}]}},"_links":{"self":[{"href":"https:\/\/congresoica.org\/pt-pt\/wp-json\/wp\/v2\/pages\/9020","targetHints":{"allow":["GET"]}}],"collection":[{"href":"https:\/\/congresoica.org\/pt-pt\/wp-json\/wp\/v2\/pages"}],"about":[{"href":"https:\/\/congresoica.org\/pt-pt\/wp-json\/wp\/v2\/types\/page"}],"author":[{"embeddable":true,"href":"https:\/\/congresoica.org\/pt-pt\/wp-json\/wp\/v2\/users\/1"}],"replies":[{"embeddable":true,"href":"https:\/\/congresoica.org\/pt-pt\/wp-json\/wp\/v2\/comments?post=9020"}],"version-history":[{"count":1,"href":"https:\/\/congresoica.org\/pt-pt\/wp-json\/wp\/v2\/pages\/9020\/revisions"}],"predecessor-version":[{"id":9021,"href":"https:\/\/congresoica.org\/pt-pt\/wp-json\/wp\/v2\/pages\/9020\/revisions\/9021"}],"up":[{"embeddable":true,"href":"https:\/\/congresoica.org\/pt-pt\/wp-json\/wp\/v2\/pages\/8969"}],"wp:attachment":[{"href":"https:\/\/congresoica.org\/pt-pt\/wp-json\/wp\/v2\/media?parent=9020"}],"curies":[{"name":"wp","href":"https:\/\/api.w.org\/{rel}","templated":true}]}}