{"id":9014,"date":"2024-09-20T06:48:32","date_gmt":"2024-09-20T11:48:32","guid":{"rendered":"https:\/\/congresoica.org\/inicio\/lema\/"},"modified":"2026-03-18T12:24:02","modified_gmt":"2026-03-18T17:24:02","slug":"lema","status":"publish","type":"page","link":"https:\/\/congresoica.org\/pt-pt\/inicio\/lema\/","title":{"rendered":"Lema"},"content":{"rendered":"\t\t<div data-elementor-type=\"wp-page\" data-elementor-id=\"9014\" class=\"elementor elementor-9014 elementor-444\" data-elementor-post-type=\"page\">\n\t\t\t\t<div class=\"elementor-element elementor-element-7663fd2 e-flex e-con-boxed e-con e-parent\" data-id=\"7663fd2\" data-element_type=\"container\" data-e-type=\"container\" data-settings=\"{&quot;background_background&quot;:&quot;classic&quot;,&quot;shape_divider_bottom&quot;:&quot;lqd-custom-shape-8&quot;}\">\n\t\t\t\t\t<div class=\"e-con-inner\">\n\t\t\t\t<div class=\"elementor-shape elementor-shape-bottom\" aria-hidden=\"true\" data-negative=\"false\">\n\t\t\t<svg class=\"lqd-custom-shape\" xmlns=\"http:\/\/www.w3.org\/2000\/svg\" viewBox=\"0 0 1440 100\" preserveAspectRatio=\"none\">\n    <path class=\"elementor-shape-fill\" id=\"Row_Separator\" data-name=\"Row Separator\" d=\"M1440,0Q1080,99,720,99T0,0V100H1440Z\" \/>\n<\/svg>\t\t<\/div>\n\t\t\t\t<div class=\"elementor-element elementor-element-3057e99 elementor-widget elementor-widget-hub_fancy_heading\" data-id=\"3057e99\" data-element_type=\"widget\" data-e-type=\"widget\" data-widget_type=\"hub_fancy_heading.default\">\n\t\t\t\t<div class=\"elementor-widget-container\">\n\t\t\t\t\t\n\t\t<div id=\"ld-fancy-heading-69e6535321c10\" class=\"ld-fancy-heading pos-rel\">\n\t\t\t\t\t<\/div>\n\n\t\t\t\t\t\t<\/div>\n\t\t\t\t<\/div>\n\t\t\t\t\t<\/div>\n\t\t\t\t<\/div>\n\t\t<div class=\"elementor-element elementor-element-81a5117 e-flex e-con-boxed e-con e-parent\" data-id=\"81a5117\" data-element_type=\"container\" data-e-type=\"container\" data-settings=\"{&quot;background_background&quot;:&quot;classic&quot;}\">\n\t\t\t\t\t<div class=\"e-con-inner\">\n\t\t<div class=\"elementor-element elementor-element-1502d11 e-con-full e-flex e-con e-child\" data-id=\"1502d11\" data-element_type=\"container\" data-e-type=\"container\">\n\t\t\t\t<div class=\"elementor-element elementor-element-293149b elementor-widget elementor-widget-hub_fancy_heading\" data-id=\"293149b\" data-element_type=\"widget\" data-e-type=\"widget\" data-widget_type=\"hub_fancy_heading.default\">\n\t\t\t\t<div class=\"elementor-widget-container\">\n\t\t\t\t\t\n\t\t<div id=\"ld-fancy-heading-69e6535322d32\" class=\"ld-fancy-heading pos-rel\">\n\t\t\t<h1 class=\"ld-fh-element d-inline-block pos-rel  elementor-heading-title h1\"  >  Tradi\u00e7\u00e3o e inova\u00e7\u00e3o: as mem\u00f3rias das Am\u00e9ricas<\/h1>\t\t<\/div>\n\n\t\t\t\t\t\t<\/div>\n\t\t\t\t<\/div>\n\t\t\t\t<div class=\"elementor-element elementor-element-0d4e010 elementor-widget elementor-widget-hub_fancy_heading\" data-id=\"0d4e010\" data-element_type=\"widget\" data-e-type=\"widget\" data-widget_type=\"hub_fancy_heading.default\">\n\t\t\t\t<div class=\"elementor-widget-container\">\n\t\t\t\t\t\n\t\t<div id=\"ld-fancy-heading-69e6535323942\" class=\"ld-fancy-heading pos-rel\">\n\t\t\t<p class=\"ld-fh-element d-inline-block pos-rel  lqd-highlight-classic lqd-highlight-grow-left p\"  > \nO lema pretende construir um espa\u00e7o para refletir e discutir as complexas transforma\u00e7\u00f5es pelas quais as sociedades contempor\u00e2neas passam e como preservam suas ra\u00edzes hist\u00f3ricas, pol\u00edticas, religiosas, educacionais, sociais, art\u00edsticas, culturais, entre outros. <br><br>\n \n\nOs di\u00e1logos entre tradi\u00e7\u00e3o e inova\u00e7\u00e3o n\u00e3o se esgotam no reconhecimento das rela\u00e7\u00f5es entre o passado e o presente porque v\u00e3o mais longe. Estas representam duas id\u00e9ias orientadoras na forma\u00e7\u00e3o da hist\u00f3ria humana, id\u00e9ias que, desde tempos imemoriais at\u00e9 o presente, se envolvem em conversas de diferentes tenores. \n<br><br> \n\nNas Am\u00e9ricas, as tradi\u00e7\u00f5es herdadas de v\u00e1rias pr\u00e1ticas t\u00eam sido essenciais para forjar a identidade dos povos desta regi\u00e3o; Tradi\u00e7\u00f5es que foram preservadas ao longo do tempo e nas quais a inova\u00e7\u00e3o desempenhou um papel relevante. Como \u00e1reas como o progresso da digitaliza\u00e7\u00e3o, foi facilitada a preserva\u00e7\u00e3o e dissemina\u00e7\u00e3o de mem\u00f3rias hist\u00f3ricas. O desafio se concentra em encontrar um equil\u00edbrio entre aproveitar as inova\u00e7\u00f5es tecnol\u00f3gicas sem que as tradi\u00e7\u00f5es perdessem seu valor aut\u00eantico ou sua liga\u00e7\u00e3o com a identidade cultural das comunidades e os lugares em que s\u00e3o habitadas. \n\n <br><br>\nO 59\u00ba ICA quer enfatizar tr\u00eas linhas. A primeira, \u201cTecnologias: Poder, Cultura e Sociedade\u201d, analisa as tecnologias emergentes e como elas reconfiguram as estruturas de poder e criam novas din\u00e2micas de todos os tipos, ao mesmo tempo em que levam a desafios para a democracia, estabilidade global, pr\u00e1ticas de vida di\u00e1ria, acesso e integridade da informa\u00e7\u00e3o e de estruturas regulat\u00f3rias, entre outros. \n\n <br><br>\nA segunda, \u201cTerrit\u00f3rios, Regenera\u00e7\u00e3o e Mudan\u00e7as Clim\u00e1ticas\u201d, levanta a crise ambiental e seu impacto nas comunidades humanas e na natureza. As Am\u00e9ricas, com sua diversidade geogr\u00e1fica, enfrentam o desafio de regenerar os ecossistemas que foram alterados pela explora\u00e7\u00e3o insustent\u00e1vel dos recursos naturais. Da mesma forma, quest\u00f5es como desigualdade, diversidade, governan\u00e7a, ruralidade, urbaniza\u00e7\u00e3o, entre outros, exigem a ado\u00e7\u00e3o de pol\u00edticas que considerem sua pr\u00f3pria din\u00e2mica no territ\u00f3rio. As formas de conhecimento local e ancestral s\u00e3o oportunidades para fortalecer as conex\u00f5es entre a moderniza\u00e7\u00e3o, as tradi\u00e7\u00f5es no cuidado da terra e da vida humana. \n<br><br> \n\nE o terceiro, \"sempre passado\", nos permite entender que as sociedades s\u00e3o constru\u00eddas com base na heran\u00e7a de suas hist\u00f3rias. A mem\u00f3ria hist\u00f3rica, as lutas pela identidade e a persist\u00eancia das diferen\u00e7as sociais s\u00e3o quest\u00f5es atuais nos discursos do s\u00e9culo 21. O passado se torna uma for\u00e7a que influencia as decis\u00f5es do presente e, sem d\u00favida, as do futuro. \n<br><br> \n\nEssas tr\u00eas linhas do 59\u00ba ICA fornecem uma estrutura abrangente para entender as conex\u00f5es complexas entre mem\u00f3rias hist\u00f3ricas, individuais ou coletivas e mudan\u00e7as nas Am\u00e9ricas. \n<br><br> \n\nO Congresso busca n\u00e3o apenas fortalecer o di\u00e1logo interdisciplinar entre ci\u00eancias, disciplinas e conhecimentos, mas tamb\u00e9m explorar por que a tradi\u00e7\u00e3o e a inova\u00e7\u00e3o, se se cruzam dinamicamente, oferecem solu\u00e7\u00f5es sustent\u00e1veis e equitativas que visam \u00e0s Am\u00e9ricas um lugar de esperan\u00e7a e um mundo melhor para se viver. <\/p>\t\t<\/div>\n\n\t\t\t\t\t\t<\/div>\n\t\t\t\t<\/div>\n\t\t\t\t<\/div>\n\t\t\t\t\t<\/div>\n\t\t\t\t<\/div>\n\t\t\t\t<\/div>\n\t\t","protected":false},"excerpt":{"rendered":"<p>Tradi\u00e7\u00e3o e inova\u00e7\u00e3o: as mem\u00f3rias das Am\u00e9ricas O lema pretende construir um espa\u00e7o para refletir e discutir as complexas transforma\u00e7\u00f5es pelas quais as sociedades contempor\u00e2neas passam e como preservam suas ra\u00edzes hist\u00f3ricas, pol\u00edticas, religiosas, educacionais, sociais, art\u00edsticas, culturais, entre outros. Os di\u00e1logos entre tradi\u00e7\u00e3o e inova\u00e7\u00e3o n\u00e3o se esgotam no reconhecimento das rela\u00e7\u00f5es entre o [&hellip;]<\/p>\n","protected":false},"author":1,"featured_media":0,"parent":8969,"menu_order":0,"comment_status":"closed","ping_status":"closed","template":"","meta":{"inline_featured_image":false,"footnotes":""},"class_list":["post-9014","page","type-page","status-publish","hentry"],"yoast_head":"<!-- This site is optimized with the Yoast SEO plugin v27.4 - https:\/\/yoast.com\/product\/yoast-seo-wordpress\/ -->\n<title>Lema - 59\u00ba Congreso Internacional de Americanistas<\/title>\n<meta name=\"robots\" content=\"index, follow, max-snippet:-1, max-image-preview:large, max-video-preview:-1\" \/>\n<link rel=\"canonical\" href=\"https:\/\/congresoica.org\/inicio\/lema\/\" \/>\n<meta property=\"og:locale\" content=\"pt_PT\" \/>\n<meta property=\"og:type\" content=\"article\" \/>\n<meta property=\"og:title\" content=\"Lema - 59\u00ba Congreso Internacional de Americanistas\" \/>\n<meta property=\"og:description\" content=\"Tradi\u00e7\u00e3o e inova\u00e7\u00e3o: as mem\u00f3rias das Am\u00e9ricas O lema pretende construir um espa\u00e7o para refletir e discutir as complexas transforma\u00e7\u00f5es pelas quais as sociedades contempor\u00e2neas passam e como preservam suas ra\u00edzes hist\u00f3ricas, pol\u00edticas, religiosas, educacionais, sociais, art\u00edsticas, culturais, entre outros. Os di\u00e1logos entre tradi\u00e7\u00e3o e inova\u00e7\u00e3o n\u00e3o se esgotam no reconhecimento das rela\u00e7\u00f5es entre o [&hellip;]\" \/>\n<meta property=\"og:url\" content=\"https:\/\/congresoica.org\/inicio\/lema\/\" \/>\n<meta property=\"og:site_name\" content=\"59\u00ba Congreso Internacional de Americanistas\" \/>\n<meta property=\"article:modified_time\" content=\"2026-03-18T17:24:02+00:00\" \/>\n<meta name=\"twitter:card\" content=\"summary_large_image\" \/>\n<meta name=\"twitter:label1\" content=\"Tempo estimado de leitura\" \/>\n\t<meta name=\"twitter:data1\" content=\"3 minutos\" \/>\n<script type=\"application\/ld+json\" class=\"yoast-schema-graph\">{\"@context\":\"https:\\\/\\\/schema.org\",\"@graph\":[{\"@type\":\"WebPage\",\"@id\":\"https:\\\/\\\/congresoica.org\\\/inicio\\\/lema\\\/\",\"url\":\"https:\\\/\\\/congresoica.org\\\/inicio\\\/lema\\\/\",\"name\":\"Lema - 59\u00ba Congreso Internacional de Americanistas\",\"isPartOf\":{\"@id\":\"https:\\\/\\\/congresoica.org\\\/#website\"},\"datePublished\":\"2024-09-20T11:48:32+00:00\",\"dateModified\":\"2026-03-18T17:24:02+00:00\",\"breadcrumb\":{\"@id\":\"https:\\\/\\\/congresoica.org\\\/inicio\\\/lema\\\/#breadcrumb\"},\"inLanguage\":\"pt-PT\",\"potentialAction\":[{\"@type\":\"ReadAction\",\"target\":[\"https:\\\/\\\/congresoica.org\\\/inicio\\\/lema\\\/\"]}]},{\"@type\":\"BreadcrumbList\",\"@id\":\"https:\\\/\\\/congresoica.org\\\/inicio\\\/lema\\\/#breadcrumb\",\"itemListElement\":[{\"@type\":\"ListItem\",\"position\":1,\"name\":\"Inicio\",\"item\":\"https:\\\/\\\/congresoica.org\\\/\"},{\"@type\":\"ListItem\",\"position\":2,\"name\":\"In\u00edcio\",\"item\":\"https:\\\/\\\/congresoica.org\\\/\"},{\"@type\":\"ListItem\",\"position\":3,\"name\":\"Lema\"}]},{\"@type\":\"WebSite\",\"@id\":\"https:\\\/\\\/congresoica.org\\\/#website\",\"url\":\"https:\\\/\\\/congresoica.org\\\/\",\"name\":\"59\u00ba Congreso Internacional de Americanistas\",\"description\":\"Del 5 al 9 de julio de 2027 en Medell\u00edn (UPB). Tradici\u00f3n e innovaci\u00f3n: las memorias de las Am\u00e9ricas. \u00c1reas tem\u00e1ticas, simposios, ponencias, mesas redondas y m\u00e1s.\",\"potentialAction\":[{\"@type\":\"SearchAction\",\"target\":{\"@type\":\"EntryPoint\",\"urlTemplate\":\"https:\\\/\\\/congresoica.org\\\/?s={search_term_string}\"},\"query-input\":{\"@type\":\"PropertyValueSpecification\",\"valueRequired\":true,\"valueName\":\"search_term_string\"}}],\"inLanguage\":\"pt-PT\"}]}<\/script>\n<!-- \/ Yoast SEO plugin. -->","yoast_head_json":{"title":"Lema - 59\u00ba Congreso Internacional de Americanistas","robots":{"index":"index","follow":"follow","max-snippet":"max-snippet:-1","max-image-preview":"max-image-preview:large","max-video-preview":"max-video-preview:-1"},"canonical":"https:\/\/congresoica.org\/inicio\/lema\/","og_locale":"pt_PT","og_type":"article","og_title":"Lema - 59\u00ba Congreso Internacional de Americanistas","og_description":"Tradi\u00e7\u00e3o e inova\u00e7\u00e3o: as mem\u00f3rias das Am\u00e9ricas O lema pretende construir um espa\u00e7o para refletir e discutir as complexas transforma\u00e7\u00f5es pelas quais as sociedades contempor\u00e2neas passam e como preservam suas ra\u00edzes hist\u00f3ricas, pol\u00edticas, religiosas, educacionais, sociais, art\u00edsticas, culturais, entre outros. Os di\u00e1logos entre tradi\u00e7\u00e3o e inova\u00e7\u00e3o n\u00e3o se esgotam no reconhecimento das rela\u00e7\u00f5es entre o [&hellip;]","og_url":"https:\/\/congresoica.org\/inicio\/lema\/","og_site_name":"59\u00ba Congreso Internacional de Americanistas","article_modified_time":"2026-03-18T17:24:02+00:00","twitter_card":"summary_large_image","twitter_misc":{"Tempo estimado de leitura":"3 minutos"},"schema":{"@context":"https:\/\/schema.org","@graph":[{"@type":"WebPage","@id":"https:\/\/congresoica.org\/inicio\/lema\/","url":"https:\/\/congresoica.org\/inicio\/lema\/","name":"Lema - 59\u00ba Congreso Internacional de Americanistas","isPartOf":{"@id":"https:\/\/congresoica.org\/#website"},"datePublished":"2024-09-20T11:48:32+00:00","dateModified":"2026-03-18T17:24:02+00:00","breadcrumb":{"@id":"https:\/\/congresoica.org\/inicio\/lema\/#breadcrumb"},"inLanguage":"pt-PT","potentialAction":[{"@type":"ReadAction","target":["https:\/\/congresoica.org\/inicio\/lema\/"]}]},{"@type":"BreadcrumbList","@id":"https:\/\/congresoica.org\/inicio\/lema\/#breadcrumb","itemListElement":[{"@type":"ListItem","position":1,"name":"Inicio","item":"https:\/\/congresoica.org\/"},{"@type":"ListItem","position":2,"name":"In\u00edcio","item":"https:\/\/congresoica.org\/"},{"@type":"ListItem","position":3,"name":"Lema"}]},{"@type":"WebSite","@id":"https:\/\/congresoica.org\/#website","url":"https:\/\/congresoica.org\/","name":"59\u00ba Congreso Internacional de Americanistas","description":"Del 5 al 9 de julio de 2027 en Medell\u00edn (UPB). Tradici\u00f3n e innovaci\u00f3n: las memorias de las Am\u00e9ricas. \u00c1reas tem\u00e1ticas, simposios, ponencias, mesas redondas y m\u00e1s.","potentialAction":[{"@type":"SearchAction","target":{"@type":"EntryPoint","urlTemplate":"https:\/\/congresoica.org\/?s={search_term_string}"},"query-input":{"@type":"PropertyValueSpecification","valueRequired":true,"valueName":"search_term_string"}}],"inLanguage":"pt-PT"}]}},"_links":{"self":[{"href":"https:\/\/congresoica.org\/pt-pt\/wp-json\/wp\/v2\/pages\/9014","targetHints":{"allow":["GET"]}}],"collection":[{"href":"https:\/\/congresoica.org\/pt-pt\/wp-json\/wp\/v2\/pages"}],"about":[{"href":"https:\/\/congresoica.org\/pt-pt\/wp-json\/wp\/v2\/types\/page"}],"author":[{"embeddable":true,"href":"https:\/\/congresoica.org\/pt-pt\/wp-json\/wp\/v2\/users\/1"}],"replies":[{"embeddable":true,"href":"https:\/\/congresoica.org\/pt-pt\/wp-json\/wp\/v2\/comments?post=9014"}],"version-history":[{"count":1,"href":"https:\/\/congresoica.org\/pt-pt\/wp-json\/wp\/v2\/pages\/9014\/revisions"}],"predecessor-version":[{"id":9015,"href":"https:\/\/congresoica.org\/pt-pt\/wp-json\/wp\/v2\/pages\/9014\/revisions\/9015"}],"up":[{"embeddable":true,"href":"https:\/\/congresoica.org\/pt-pt\/wp-json\/wp\/v2\/pages\/8969"}],"wp:attachment":[{"href":"https:\/\/congresoica.org\/pt-pt\/wp-json\/wp\/v2\/media?parent=9014"}],"curies":[{"name":"wp","href":"https:\/\/api.w.org\/{rel}","templated":true}]}}