{"id":9000,"date":"2026-03-11T20:14:21","date_gmt":"2026-03-12T01:14:21","guid":{"rendered":"https:\/\/congresoica.org\/inicio\/datas-em-destaque\/"},"modified":"2026-03-18T11:44:45","modified_gmt":"2026-03-18T16:44:45","slug":"datas-em-destaque","status":"publish","type":"page","link":"https:\/\/congresoica.org\/pt-pt\/inicio\/datas-em-destaque\/","title":{"rendered":"Datas em destaque"},"content":{"rendered":"\t\t<div data-elementor-type=\"wp-page\" data-elementor-id=\"9000\" class=\"elementor elementor-9000 elementor-7924\" data-elementor-post-type=\"page\">\n\t\t\t\t<div class=\"elementor-element elementor-element-aa02d7d e-flex e-con-boxed e-con e-parent\" data-id=\"aa02d7d\" data-element_type=\"container\" data-e-type=\"container\" data-settings=\"{&quot;background_background&quot;:&quot;classic&quot;,&quot;shape_divider_bottom&quot;:&quot;lqd-custom-shape-8&quot;}\">\n\t\t\t\t\t<div class=\"e-con-inner\">\n\t\t\t\t<div class=\"elementor-shape elementor-shape-bottom\" aria-hidden=\"true\" data-negative=\"false\">\n\t\t\t<svg class=\"lqd-custom-shape\" xmlns=\"http:\/\/www.w3.org\/2000\/svg\" viewBox=\"0 0 1440 100\" preserveAspectRatio=\"none\">\n    <path class=\"elementor-shape-fill\" id=\"Row_Separator\" data-name=\"Row Separator\" d=\"M1440,0Q1080,99,720,99T0,0V100H1440Z\" \/>\n<\/svg>\t\t<\/div>\n\t\t\t\t<div class=\"elementor-element elementor-element-debadc2 elementor-widget elementor-widget-hub_fancy_heading\" data-id=\"debadc2\" data-element_type=\"widget\" data-e-type=\"widget\" data-widget_type=\"hub_fancy_heading.default\">\n\t\t\t\t<div class=\"elementor-widget-container\">\n\t\t\t\t\t\n\t\t<div id=\"ld-fancy-heading-69e65835d667f\" class=\"ld-fancy-heading pos-rel\">\n\t\t\t\t\t<\/div>\n\n\t\t\t\t\t\t<\/div>\n\t\t\t\t<\/div>\n\t\t\t\t\t<\/div>\n\t\t\t\t<\/div>\n\t\t<div class=\"elementor-element elementor-element-81a5117 e-flex e-con-boxed e-con e-parent\" data-id=\"81a5117\" data-element_type=\"container\" data-e-type=\"container\" data-settings=\"{&quot;background_background&quot;:&quot;classic&quot;}\">\n\t\t\t\t\t<div class=\"e-con-inner\">\n\t\t<div class=\"elementor-element elementor-element-1502d11 e-con-full e-flex e-con e-child\" data-id=\"1502d11\" data-element_type=\"container\" data-e-type=\"container\">\n\t\t\t\t<div class=\"elementor-element elementor-element-4ed38b5 elementor-widget elementor-widget-text-editor\" data-id=\"4ed38b5\" data-element_type=\"widget\" data-e-type=\"widget\" data-widget_type=\"text-editor.default\">\n\t\t\t\t\t\t\t\t\t<table style=\"font-weight: 400;\" data-tablestyle=\"MsoNormalTable\" data-tablelook=\"1184\" aria-rowcount=\"22\"><tbody><tr aria-rowindex=\"1\"><td data-celllook=\"4369\"><p><b><span data-contrast=\"none\">Lan\u00e7amento oficial 59\u00ba ICA<\/span><\/b><span data-ccp-props=\"{\"201341983\":0,\"335559739\":0,\"335559740\":240}\"> <\/span><\/p><\/td><td data-celllook=\"4369\"><p><span data-contrast=\"none\">27 de fevereiro de 2026<\/span><span data-ccp-props=\"{\"201341983\":0,\"335551550\":2,\"335551620\":2,\"335559739\":0,\"335559740\":240}\"> <\/span><\/p><\/td><\/tr><tr aria-rowindex=\"2\"><td data-celllook=\"4369\"><p><b><span data-contrast=\"none\">Primeira circular<\/span><\/b><span data-ccp-props=\"{\"201341983\":0,\"335559739\":0,\"335559740\":240}\"> <\/span><\/p><\/td><td data-celllook=\"4369\"><p><span data-contrast=\"none\">16 de mar\u00e7o de 2026<\/span><span data-ccp-props=\"{\"201341983\":0,\"335551550\":2,\"335551620\":2,\"335559739\":0,\"335559740\":240}\"> <\/span><\/p><\/td><\/tr><tr aria-rowindex=\"3\"><td data-celllook=\"4369\"><p><b><span data-contrast=\"none\">Apresenta\u00e7\u00e3o de propostas de simp\u00f3sios e mesas redondas<\/span><\/b><span data-ccp-props=\"{\"201341983\":0,\"335559739\":0,\"335559740\":240}\"> <\/span><\/p><\/td><td data-celllook=\"4369\"><p><span data-contrast=\"none\">De 16 de mar\u00e7o a 06 de julho de 2026<\/span><span data-ccp-props=\"{\"201341983\":0,\"335551550\":2,\"335551620\":2,\"335559739\":0,\"335559740\":240}\"> <\/span><\/p><\/td><\/tr><tr aria-rowindex=\"4\"><td data-celllook=\"4369\"><ul><li aria-setsize=\"-1\" data-leveltext=\"\uf0fc\" data-font=\"Wingdings\" data-listid=\"32\" data-list-defn-props=\"{\"335552541\":1,\"335559685\":1068,\"335559991\":360,\"469769226\":\"Wingdings\",\"469769242\":[8226],\"469777803\":\"left\",\"469777804\":\"\uf0fc\",\"469777815\":\"hybridMultilevel\"}\" data-aria-posinset=\"1\" data-aria-level=\"1\"><span data-contrast=\"none\">Avalia\u00e7\u00e3o de propostas de simp\u00f3sio e mesa redonda<\/span><span data-ccp-props=\"{\"201341983\":0,\"335559685\":360,\"335559739\":0,\"335559740\":240}\"> <\/span><\/li><\/ul><ul><li aria-setsize=\"-1\" data-leveltext=\"\uf0fc\" data-font=\"Wingdings\" data-listid=\"32\" data-list-defn-props=\"{\"335552541\":1,\"335559685\":1068,\"335559991\":360,\"469769226\":\"Wingdings\",\"469769242\":[8226],\"469777803\":\"left\",\"469777804\":\"\uf0fc\",\"469777815\":\"hybridMultilevel\"}\" data-aria-posinset=\"2\" data-aria-level=\"1\"><span data-contrast=\"none\">Aceita\u00e7\u00e3o de propostas de simp\u00f3sio e mesa redonda<\/span><span data-ccp-props=\"{\"201341983\":0,\"335559685\":360,\"335559739\":0,\"335559740\":240}\"> <\/span><\/li><\/ul><ul><li aria-setsize=\"-1\" data-leveltext=\"\uf0fc\" data-font=\"Wingdings\" data-listid=\"32\" data-list-defn-props=\"{\"335552541\":1,\"335559685\":1068,\"335559991\":360,\"469769226\":\"Wingdings\",\"469769242\":[8226],\"469777803\":\"left\",\"469777804\":\"\uf0fc\",\"469777815\":\"hybridMultilevel\"}\" data-aria-posinset=\"3\" data-aria-level=\"1\"><span data-contrast=\"none\">Publica\u00e7\u00e3o da lista final de simp\u00f3sios aprovados e mesas redondas<\/span><span data-ccp-props=\"{\"201341983\":0,\"335559685\":360,\"335559739\":0,\"335559740\":240}\"> <\/span><\/li><\/ul><\/td><td data-celllook=\"4369\"><p><span data-contrast=\"none\">De 06 de abril a 3 de agosto de 2026<\/span><span data-ccp-props=\"{\"201341983\":0,\"335551550\":2,\"335551620\":2,\"335559739\":0,\"335559740\":240}\"> <\/span><\/p><\/td><\/tr><tr aria-rowindex=\"5\"><td data-celllook=\"4369\"><p><b><span data-contrast=\"none\">Segunda circular<\/span><\/b><span data-ccp-props=\"{\"201341983\":0,\"335559739\":0,\"335559740\":240}\"> <\/span><\/p><\/td><td data-celllook=\"4369\"><p><span data-contrast=\"none\">06 de agosto de 2026<\/span><span data-ccp-props=\"{\"201341983\":0,\"335551550\":2,\"335551620\":2,\"335559739\":0,\"335559740\":240}\"> <\/span><\/p><\/td><\/tr><tr aria-rowindex=\"6\"><td data-celllook=\"4369\"><p><b><span data-contrast=\"none\">Chamadas para apresenta\u00e7\u00f5es individuais<\/span><\/b><span data-ccp-props=\"{\"201341983\":0,\"335559739\":0,\"335559740\":240}\"> <\/span><\/p><\/td><td data-celllook=\"4369\"><p>De 06 de agosto de 2026 a 31 de janeiro de 2027<span data-ccp-props=\"{\"201341983\":0,\"335551550\":2,\"335551620\":2,\"335559739\":0,\"335559740\":240}\"> <\/span><\/p><\/td><\/tr><tr aria-rowindex=\"7\"><td data-celllook=\"4369\"><p><b><span data-contrast=\"none\">Enviando as cartas de aprova\u00e7\u00e3o das apresenta\u00e7\u00f5es individuais<\/span><\/b><span data-ccp-props=\"{\"201341983\":0,\"335559739\":0,\"335559740\":240}\"> <\/span><\/p><\/td><td data-celllook=\"4369\"><p><span data-contrast=\"auto\">Outubro de 2026 a janeiro de 2027<\/span><span data-ccp-props=\"{\"201341983\":0,\"335551550\":2,\"335551620\":2,\"335559739\":0,\"335559740\":240}\"> <\/span><\/p><\/td><\/tr><tr aria-rowindex=\"8\"><td data-celllook=\"4369\"><p><b><span data-contrast=\"auto\">Inscri\u00e7\u00f5es e pagamentos:<\/span><\/b><b><span data-contrast=\"none\"> <\/span><\/b><span data-ccp-props=\"{\"201341983\":0,\"335559739\":0,\"335559740\":240}\"> <\/span><\/p><\/td><td data-celllook=\"4369\"><p><span data-ccp-props=\"{\"201341983\":0,\"335551550\":2,\"335551620\":2,\"335559739\":0,\"335559740\":240}\"> <\/span><\/p><\/td><\/tr><tr aria-rowindex=\"9\"><td data-celllook=\"4369\"><ul><li aria-setsize=\"-1\" data-leveltext=\"\uf0fc\" data-font=\"Wingdings\" data-listid=\"33\" data-list-defn-props=\"{\"335552541\":1,\"335559685\":1068,\"335559991\":360,\"469769226\":\"Wingdings\",\"469769242\":[8226],\"469777803\":\"left\",\"469777804\":\"\uf0fc\",\"469777815\":\"hybridMultilevel\"}\" data-aria-posinset=\"1\" data-aria-level=\"1\"><span data-contrast=\"none\">Palestrantes das primeiras fases de registro: USD 120<\/span><span data-ccp-props=\"{\"201341983\":0,\"335559685\":360,\"335559739\":0,\"335559740\":240}\"> <\/span><\/li><\/ul><\/td><td data-celllook=\"4369\"><p>De 06 de agosto a 31 de janeiro de 2027<span data-ccp-props=\"{\"201341983\":0,\"335551550\":2,\"335551620\":2,\"335559739\":0,\"335559740\":240}\"> <\/span><\/p><\/td><\/tr><tr aria-rowindex=\"10\"><td data-celllook=\"4369\"><ul><li aria-setsize=\"-1\" data-leveltext=\"\uf0fc\" data-font=\"Wingdings\" data-listid=\"33\" data-list-defn-props=\"{\"335552541\":1,\"335559685\":1068,\"335559991\":360,\"469769226\":\"Wingdings\",\"469769242\":[8226],\"469777803\":\"left\",\"469777804\":\"\uf0fc\",\"469777815\":\"hybridMultilevel\"}\" data-aria-posinset=\"2\" data-aria-level=\"1\"><span data-contrast=\"none\">Segunda fase de palestrantes de registro: USD 160<\/span><span data-ccp-props=\"{\"201341983\":0,\"335559685\":360,\"335559739\":0,\"335559740\":240}\"> <\/span><\/li><\/ul><\/td><td data-celllook=\"4369\"><p><span data-contrast=\"none\">De 1 de janeiro a 30 de mar\u00e7o de 2027<\/span><span data-ccp-props=\"{\"201341983\":0,\"335551550\":2,\"335551620\":2,\"335559739\":0,\"335559740\":240}\"> <\/span><\/p><\/td><\/tr><tr aria-rowindex=\"11\"><td data-celllook=\"4369\"><ul><li aria-setsize=\"-1\" data-leveltext=\"\uf0fc\" data-font=\"Wingdings\" data-listid=\"33\" data-list-defn-props=\"{\"335552541\":1,\"335559685\":1068,\"335559991\":360,\"469769226\":\"Wingdings\",\"469769242\":[8226],\"469777803\":\"left\",\"469777804\":\"\uf0fc\",\"469777815\":\"hybridMultilevel\"}\" data-aria-posinset=\"3\" data-aria-level=\"1\"><span data-contrast=\"none\">Terceira fase de palestrantes de registro: USD 200<\/span><span data-ccp-props=\"{\"201341983\":0,\"335559685\":360,\"335559739\":0,\"335559740\":240}\"> <\/span><\/li><\/ul><\/td><td data-celllook=\"4369\"><p>De 1\u00ba de abril a 5 de julho de 2027<span data-ccp-props=\"{\"201341983\":0,\"335551550\":2,\"335551620\":2,\"335559739\":0,\"335559740\":240}\"> <\/span><\/p><\/td><\/tr><tr aria-rowindex=\"12\"><td data-celllook=\"4369\"><ul><li aria-setsize=\"-1\" data-leveltext=\"\uf0fc\" data-font=\"Wingdings\" data-listid=\"33\" data-list-defn-props=\"{\"335552541\":1,\"335559685\":1068,\"335559991\":360,\"469769226\":\"Wingdings\",\"469769242\":[8226],\"469777803\":\"left\",\"469777804\":\"\uf0fc\",\"469777815\":\"hybridMultilevel\"}\" data-aria-posinset=\"4\" data-aria-level=\"1\"><span data-contrast=\"none\">Primeira fase do ICA Young (estudantes e jovens pesquisadores at\u00e9 30 anos): USD 40 <\/span><span data-ccp-props=\"{\"201341983\":0,\"335559685\":360,\"335559739\":0,\"335559740\":240}\"> <\/span><\/li><\/ul><\/td><td data-celllook=\"4369\"><p><span data-contrast=\"none\">Ano 2026<\/span><span data-ccp-props=\"{\"201341983\":0,\"335551550\":2,\"335551620\":2,\"335559739\":0,\"335559740\":240}\"> <\/span><\/p><p><span data-ccp-props=\"{\"201341983\":0,\"335551550\":2,\"335551620\":2,\"335559739\":0,\"335559740\":240}\"> <\/span><\/p><\/td><\/tr><tr aria-rowindex=\"13\"><td data-celllook=\"4369\"><ul><li aria-setsize=\"-1\" data-leveltext=\"\uf0fc\" data-font=\"Wingdings\" data-listid=\"33\" data-list-defn-props=\"{\"335552541\":1,\"335559685\":1068,\"335559991\":360,\"469769226\":\"Wingdings\",\"469769242\":[8226],\"469777803\":\"left\",\"469777804\":\"\uf0fc\",\"469777815\":\"hybridMultilevel\"}\" data-aria-posinset=\"5\" data-aria-level=\"1\"><span data-contrast=\"none\">Second Fase Young ICA (Estudantes e Jovens Pesquisadores at\u00e9 30 anos de idade): US$ 60 <\/span><span data-ccp-props=\"{\"201341983\":0,\"335559685\":360,\"335559739\":0,\"335559740\":240}\"> <\/span><\/li><\/ul><\/td><td data-celllook=\"4369\"><p><span data-contrast=\"auto\">Ano 2027<\/span><span data-ccp-props=\"{\"201341983\":0,\"335551550\":2,\"335551620\":2,\"335559739\":0,\"335559740\":240}\"> <\/span><\/p><\/td><\/tr><tr aria-rowindex=\"14\"><td data-celllook=\"4369\"><ul><li aria-setsize=\"-1\" data-leveltext=\"\uf0fc\" data-font=\"Wingdings\" data-listid=\"33\" data-list-defn-props=\"{\"335552541\":1,\"335559685\":1068,\"335559991\":360,\"469769226\":\"Wingdings\",\"469769242\":[8226],\"469777803\":\"left\",\"469777804\":\"\uf0fc\",\"469777815\":\"hybridMultilevel\"}\" data-aria-posinset=\"6\" data-aria-level=\"1\"><span data-contrast=\"none\">Participantes sem apresenta\u00e7\u00f5es (companheiros): USD 60<\/span><span data-ccp-props=\"{\"201341983\":0,\"335559685\":360,\"335559739\":0,\"335559740\":240}\"> <\/span><\/li><\/ul><\/td><td data-celllook=\"4369\"><p><span data-contrast=\"none\">Anos 2026 &#8211; 2027<\/span><span data-ccp-props=\"{\"201341983\":0,\"335551550\":2,\"335551620\":2,\"335559739\":0,\"335559740\":240}\"> <\/span><\/p><\/td><\/tr><tr aria-rowindex=\"15\"><td data-celllook=\"4369\"><p><b><span data-contrast=\"auto\">Eventos paralelos<\/span><\/b><span data-ccp-props=\"{\"201341983\":0,\"335559739\":0,\"335559740\":240}\"> <\/span><\/p><\/td><td data-celllook=\"4369\"><p><span data-contrast=\"auto\">De 03 de agosto de 2026 a 31 de mar\u00e7o de 2027<\/span><span data-ccp-props=\"{\"201341983\":0,\"335551550\":2,\"335551620\":2,\"335559739\":0,\"335559740\":240}\"> <\/span><\/p><\/td><\/tr><tr aria-rowindex=\"16\"><td data-celllook=\"4369\"><p>Terceira circular<span data-ccp-props=\"{\"201341983\":0,\"335559739\":0,\"335559740\":240}\"> <\/span><\/p><\/td><td data-celllook=\"4369\"><p><span data-contrast=\"none\">07 de junho de 2027<\/span><span data-ccp-props=\"{\"201341983\":0,\"335551550\":2,\"335551620\":2,\"335559739\":0,\"335559740\":240}\"> <\/span><\/p><\/td><\/tr><tr aria-rowindex=\"17\"><td data-celllook=\"4369\"><ul><li aria-setsize=\"-1\" data-leveltext=\"\uf0b7\" data-font=\"Symbol\" data-listid=\"34\" data-list-defn-props=\"{\"335552541\":1,\"335559685\":720,\"335559991\":360,\"469769226\":\"Symbol\",\"469769242\":[8226],\"469777803\":\"left\",\"469777804\":\"\uf0b7\",\"469777815\":\"hybridMultilevel\"}\" data-aria-posinset=\"1\" data-aria-level=\"1\"><b><span data-contrast=\"none\">Programa do Congresso<\/span><\/b><span data-ccp-props=\"{\"201341983\":0,\"335559685\":360,\"335559739\":0,\"335559740\":240}\"> <\/span><\/li><\/ul><ul><li aria-setsize=\"-1\" data-leveltext=\"\uf0b7\" data-font=\"Symbol\" data-listid=\"34\" data-list-defn-props=\"{\"335552541\":1,\"335559685\":720,\"335559991\":360,\"469769226\":\"Symbol\",\"469769242\":[8226],\"469777803\":\"left\",\"469777804\":\"\uf0b7\",\"469777815\":\"hybridMultilevel\"}\" data-aria-posinset=\"2\" data-aria-level=\"1\"><b><span data-contrast=\"none\">Divulga\u00e7\u00e3o de programa\u00e7\u00e3o acad\u00eamica e paralela <\/span><\/b><span data-ccp-props=\"{\"201341983\":0,\"335559685\":360,\"335559739\":0,\"335559740\":240}\"> <\/span><\/li><\/ul><\/td><td data-celllook=\"4369\"><p><span data-contrast=\"none\">De 15 de mar\u00e7o de 2027 a 28 de maio de 2027<\/span><span data-ccp-props=\"{\"201341983\":0,\"335551550\":2,\"335551620\":2,\"335559739\":0,\"335559740\":240}\"> <\/span><\/p><\/td><\/tr><tr aria-rowindex=\"18\"><td data-celllook=\"4369\"><p><b><span data-contrast=\"none\">Congresso 59\u00ba ICA<\/span><\/b><\/p><\/td><td data-celllook=\"4369\"><p><span data-contrast=\"none\">De 05 a 09 de julho de 2027<\/span><span data-ccp-props=\"{\"201341983\":0,\"335551550\":2,\"335551620\":2,\"335559739\":0,\"335559740\":240}\"> <\/span><\/p><\/td><\/tr><tr aria-rowindex=\"19\"><td data-celllook=\"4369\"><p><b><span data-contrast=\"none\">Publica\u00e7\u00f5es:<\/span><\/b><span data-ccp-props=\"{\"201341983\":0,\"335559739\":0,\"335559740\":240}\"> <\/span><\/p><\/td><td data-celllook=\"4369\"><p><span data-ccp-props=\"{\"201341983\":0,\"335551550\":2,\"335551620\":2,\"335559739\":0,\"335559740\":240}\"> <\/span><\/p><\/td><\/tr><tr aria-rowindex=\"20\"><td data-celllook=\"4369\"><ul><li aria-setsize=\"-1\" data-leveltext=\"\uf0fc\" data-font=\"Wingdings\" data-listid=\"36\" data-list-defn-props=\"{\"335552541\":1,\"335559685\":1068,\"335559991\":360,\"469769226\":\"Wingdings\",\"469769242\":[8226],\"469777803\":\"left\",\"469777804\":\"\uf0fc\",\"469777815\":\"hybridMultilevel\"}\" data-aria-posinset=\"1\" data-aria-level=\"1\"><span data-contrast=\"none\">Elabora\u00e7\u00e3o de relat\u00f3rios e atas<\/span><span data-ccp-props=\"{\"201341983\":0,\"335559685\":360,\"335559739\":0,\"335559740\":240}\"> <\/span><\/li><\/ul><\/td><td data-celllook=\"4369\"><p><span data-contrast=\"none\">Julho a novembro de 2027<\/span><span data-ccp-props=\"{\"201341983\":0,\"335551550\":2,\"335551620\":2,\"335559739\":0,\"335559740\":240}\"> <\/span><\/p><\/td><\/tr><tr aria-rowindex=\"21\"><td data-celllook=\"4369\"><ul><li aria-setsize=\"-1\" data-leveltext=\"\uf0fc\" data-font=\"Wingdings\" data-listid=\"36\" data-list-defn-props=\"{\"335552541\":1,\"335559685\":1068,\"335559991\":360,\"469769226\":\"Wingdings\",\"469769242\":[8226],\"469777803\":\"left\",\"469777804\":\"\uf0fc\",\"469777815\":\"hybridMultilevel\"}\" data-aria-posinset=\"2\" data-aria-level=\"1\">Livros da cole\u00e7\u00e3o: tradi\u00e7\u00e3o e inova\u00e7\u00e3o: as mem\u00f3rias das Am\u00e9ricas<span data-ccp-props=\"{\"201341983\":0,\"335559685\":360,\"335559739\":0,\"335559740\":240}\"> <\/span><\/li><\/ul><\/td><td data-celllook=\"4369\"><p><span data-contrast=\"none\">Julho de 2028<\/span><span data-ccp-props=\"{\"201341983\":0,\"335551550\":2,\"335551620\":2,\"335559739\":0,\"335559740\":240}\"> <\/span><\/p><\/td><\/tr><tr aria-rowindex=\"22\"><td data-celllook=\"4369\"><p><b><span data-contrast=\"none\">Conclus\u00e3o da entrega de certificados e certificados acad\u00eamicos<\/span><\/b><span data-ccp-props=\"{\"201341983\":0,\"335559739\":0,\"335559740\":240}\"> <\/span><\/p><\/td><td data-celllook=\"4369\"><p><span data-contrast=\"none\">Agosto de 2027<\/span><span data-ccp-props=\"{\"201341983\":0,\"335551550\":2,\"335551620\":2,\"335559739\":0,\"335559740\":240}\"> <\/span><\/p><\/td><\/tr><\/tbody><\/table>\t\t\t\t\t\t\t\t<\/div>\n\t\t\t\t<\/div>\n\t\t\t\t\t<\/div>\n\t\t\t\t<\/div>\n\t\t\t\t<\/div>\n\t\t","protected":false},"excerpt":{"rendered":"<p>Lan\u00e7amento oficial 59\u00ba ICA 27 de fevereiro de 2026 Primeira circular 16 de mar\u00e7o de 2026 Apresenta\u00e7\u00e3o de propostas de simp\u00f3sios e mesas redondas De 16 de mar\u00e7o a 06 de julho de 2026 Avalia\u00e7\u00e3o de propostas de simp\u00f3sio e mesa redonda Aceita\u00e7\u00e3o de propostas de simp\u00f3sio e mesa redonda Publica\u00e7\u00e3o da lista final de [&hellip;]<\/p>\n","protected":false},"author":1,"featured_media":0,"parent":8969,"menu_order":0,"comment_status":"closed","ping_status":"closed","template":"","meta":{"inline_featured_image":false,"footnotes":""},"class_list":["post-9000","page","type-page","status-publish","hentry"],"yoast_head":"<!-- This site is optimized with the Yoast SEO plugin v27.4 - https:\/\/yoast.com\/product\/yoast-seo-wordpress\/ -->\n<title>Datas em destaque - 59\u00ba Congreso Internacional de Americanistas<\/title>\n<meta name=\"robots\" content=\"index, follow, max-snippet:-1, max-image-preview:large, max-video-preview:-1\" \/>\n<link rel=\"canonical\" href=\"https:\/\/congresoica.org\/inicio\/fechas-destacadas\/\" \/>\n<meta property=\"og:locale\" content=\"pt_PT\" \/>\n<meta property=\"og:type\" content=\"article\" \/>\n<meta property=\"og:title\" content=\"Datas em destaque - 59\u00ba Congreso Internacional de Americanistas\" \/>\n<meta property=\"og:description\" content=\"Lan\u00e7amento oficial 59\u00ba ICA 27 de fevereiro de 2026 Primeira circular 16 de mar\u00e7o de 2026 Apresenta\u00e7\u00e3o de propostas de simp\u00f3sios e mesas redondas De 16 de mar\u00e7o a 06 de julho de 2026 Avalia\u00e7\u00e3o de propostas de simp\u00f3sio e mesa redonda Aceita\u00e7\u00e3o de propostas de simp\u00f3sio e mesa redonda Publica\u00e7\u00e3o da lista final de [&hellip;]\" \/>\n<meta property=\"og:url\" content=\"https:\/\/congresoica.org\/inicio\/fechas-destacadas\/\" \/>\n<meta property=\"og:site_name\" content=\"59\u00ba Congreso Internacional de Americanistas\" \/>\n<meta property=\"article:modified_time\" content=\"2026-03-18T16:44:45+00:00\" \/>\n<meta name=\"twitter:card\" content=\"summary_large_image\" \/>\n<meta name=\"twitter:label1\" content=\"Tempo estimado de leitura\" \/>\n\t<meta name=\"twitter:data1\" content=\"1 minuto\" \/>\n<script type=\"application\/ld+json\" class=\"yoast-schema-graph\">{\"@context\":\"https:\\\/\\\/schema.org\",\"@graph\":[{\"@type\":\"WebPage\",\"@id\":\"https:\\\/\\\/congresoica.org\\\/inicio\\\/fechas-destacadas\\\/\",\"url\":\"https:\\\/\\\/congresoica.org\\\/inicio\\\/fechas-destacadas\\\/\",\"name\":\"Datas em destaque - 59\u00ba Congreso Internacional de Americanistas\",\"isPartOf\":{\"@id\":\"https:\\\/\\\/congresoica.org\\\/#website\"},\"datePublished\":\"2026-03-12T01:14:21+00:00\",\"dateModified\":\"2026-03-18T16:44:45+00:00\",\"breadcrumb\":{\"@id\":\"https:\\\/\\\/congresoica.org\\\/inicio\\\/fechas-destacadas\\\/#breadcrumb\"},\"inLanguage\":\"pt-PT\",\"potentialAction\":[{\"@type\":\"ReadAction\",\"target\":[\"https:\\\/\\\/congresoica.org\\\/inicio\\\/fechas-destacadas\\\/\"]}]},{\"@type\":\"BreadcrumbList\",\"@id\":\"https:\\\/\\\/congresoica.org\\\/inicio\\\/fechas-destacadas\\\/#breadcrumb\",\"itemListElement\":[{\"@type\":\"ListItem\",\"position\":1,\"name\":\"Inicio\",\"item\":\"https:\\\/\\\/congresoica.org\\\/\"},{\"@type\":\"ListItem\",\"position\":2,\"name\":\"In\u00edcio\",\"item\":\"https:\\\/\\\/congresoica.org\\\/\"},{\"@type\":\"ListItem\",\"position\":3,\"name\":\"Datas em destaque\"}]},{\"@type\":\"WebSite\",\"@id\":\"https:\\\/\\\/congresoica.org\\\/#website\",\"url\":\"https:\\\/\\\/congresoica.org\\\/\",\"name\":\"59\u00ba Congreso Internacional de Americanistas\",\"description\":\"Del 5 al 9 de julio de 2027 en Medell\u00edn (UPB). Tradici\u00f3n e innovaci\u00f3n: las memorias de las Am\u00e9ricas. \u00c1reas tem\u00e1ticas, simposios, ponencias, mesas redondas y m\u00e1s.\",\"potentialAction\":[{\"@type\":\"SearchAction\",\"target\":{\"@type\":\"EntryPoint\",\"urlTemplate\":\"https:\\\/\\\/congresoica.org\\\/?s={search_term_string}\"},\"query-input\":{\"@type\":\"PropertyValueSpecification\",\"valueRequired\":true,\"valueName\":\"search_term_string\"}}],\"inLanguage\":\"pt-PT\"}]}<\/script>\n<!-- \/ Yoast SEO plugin. -->","yoast_head_json":{"title":"Datas em destaque - 59\u00ba Congreso Internacional de Americanistas","robots":{"index":"index","follow":"follow","max-snippet":"max-snippet:-1","max-image-preview":"max-image-preview:large","max-video-preview":"max-video-preview:-1"},"canonical":"https:\/\/congresoica.org\/inicio\/fechas-destacadas\/","og_locale":"pt_PT","og_type":"article","og_title":"Datas em destaque - 59\u00ba Congreso Internacional de Americanistas","og_description":"Lan\u00e7amento oficial 59\u00ba ICA 27 de fevereiro de 2026 Primeira circular 16 de mar\u00e7o de 2026 Apresenta\u00e7\u00e3o de propostas de simp\u00f3sios e mesas redondas De 16 de mar\u00e7o a 06 de julho de 2026 Avalia\u00e7\u00e3o de propostas de simp\u00f3sio e mesa redonda Aceita\u00e7\u00e3o de propostas de simp\u00f3sio e mesa redonda Publica\u00e7\u00e3o da lista final de [&hellip;]","og_url":"https:\/\/congresoica.org\/inicio\/fechas-destacadas\/","og_site_name":"59\u00ba Congreso Internacional de Americanistas","article_modified_time":"2026-03-18T16:44:45+00:00","twitter_card":"summary_large_image","twitter_misc":{"Tempo estimado de leitura":"1 minuto"},"schema":{"@context":"https:\/\/schema.org","@graph":[{"@type":"WebPage","@id":"https:\/\/congresoica.org\/inicio\/fechas-destacadas\/","url":"https:\/\/congresoica.org\/inicio\/fechas-destacadas\/","name":"Datas em destaque - 59\u00ba Congreso Internacional de Americanistas","isPartOf":{"@id":"https:\/\/congresoica.org\/#website"},"datePublished":"2026-03-12T01:14:21+00:00","dateModified":"2026-03-18T16:44:45+00:00","breadcrumb":{"@id":"https:\/\/congresoica.org\/inicio\/fechas-destacadas\/#breadcrumb"},"inLanguage":"pt-PT","potentialAction":[{"@type":"ReadAction","target":["https:\/\/congresoica.org\/inicio\/fechas-destacadas\/"]}]},{"@type":"BreadcrumbList","@id":"https:\/\/congresoica.org\/inicio\/fechas-destacadas\/#breadcrumb","itemListElement":[{"@type":"ListItem","position":1,"name":"Inicio","item":"https:\/\/congresoica.org\/"},{"@type":"ListItem","position":2,"name":"In\u00edcio","item":"https:\/\/congresoica.org\/"},{"@type":"ListItem","position":3,"name":"Datas em destaque"}]},{"@type":"WebSite","@id":"https:\/\/congresoica.org\/#website","url":"https:\/\/congresoica.org\/","name":"59\u00ba Congreso Internacional de Americanistas","description":"Del 5 al 9 de julio de 2027 en Medell\u00edn (UPB). Tradici\u00f3n e innovaci\u00f3n: las memorias de las Am\u00e9ricas. \u00c1reas tem\u00e1ticas, simposios, ponencias, mesas redondas y m\u00e1s.","potentialAction":[{"@type":"SearchAction","target":{"@type":"EntryPoint","urlTemplate":"https:\/\/congresoica.org\/?s={search_term_string}"},"query-input":{"@type":"PropertyValueSpecification","valueRequired":true,"valueName":"search_term_string"}}],"inLanguage":"pt-PT"}]}},"_links":{"self":[{"href":"https:\/\/congresoica.org\/pt-pt\/wp-json\/wp\/v2\/pages\/9000","targetHints":{"allow":["GET"]}}],"collection":[{"href":"https:\/\/congresoica.org\/pt-pt\/wp-json\/wp\/v2\/pages"}],"about":[{"href":"https:\/\/congresoica.org\/pt-pt\/wp-json\/wp\/v2\/types\/page"}],"author":[{"embeddable":true,"href":"https:\/\/congresoica.org\/pt-pt\/wp-json\/wp\/v2\/users\/1"}],"replies":[{"embeddable":true,"href":"https:\/\/congresoica.org\/pt-pt\/wp-json\/wp\/v2\/comments?post=9000"}],"version-history":[{"count":1,"href":"https:\/\/congresoica.org\/pt-pt\/wp-json\/wp\/v2\/pages\/9000\/revisions"}],"predecessor-version":[{"id":9001,"href":"https:\/\/congresoica.org\/pt-pt\/wp-json\/wp\/v2\/pages\/9000\/revisions\/9001"}],"up":[{"embeddable":true,"href":"https:\/\/congresoica.org\/pt-pt\/wp-json\/wp\/v2\/pages\/8969"}],"wp:attachment":[{"href":"https:\/\/congresoica.org\/pt-pt\/wp-json\/wp\/v2\/media?parent=9000"}],"curies":[{"name":"wp","href":"https:\/\/api.w.org\/{rel}","templated":true}]}}