{"id":8996,"date":"2026-02-25T21:24:54","date_gmt":"2026-02-26T02:24:54","guid":{"rendered":"https:\/\/congresoica.org\/inicio\/eventos-paralelos\/"},"modified":"2026-03-18T11:31:45","modified_gmt":"2026-03-18T16:31:45","slug":"eventos-paralelos","status":"publish","type":"page","link":"https:\/\/congresoica.org\/pt-pt\/inicio\/eventos-paralelos\/","title":{"rendered":"Eventos paralelos"},"content":{"rendered":"\t\t<div data-elementor-type=\"wp-page\" data-elementor-id=\"8996\" class=\"elementor elementor-8996 elementor-7739\" data-elementor-post-type=\"page\">\n\t\t\t\t<div class=\"elementor-element elementor-element-aa02d7d e-flex e-con-boxed e-con e-parent\" data-id=\"aa02d7d\" data-element_type=\"container\" data-e-type=\"container\" data-settings=\"{&quot;background_background&quot;:&quot;classic&quot;,&quot;shape_divider_bottom&quot;:&quot;lqd-custom-shape-8&quot;}\">\n\t\t\t\t\t<div class=\"e-con-inner\">\n\t\t\t\t<div class=\"elementor-shape elementor-shape-bottom\" aria-hidden=\"true\" data-negative=\"false\">\n\t\t\t<svg class=\"lqd-custom-shape\" xmlns=\"http:\/\/www.w3.org\/2000\/svg\" viewBox=\"0 0 1440 100\" preserveAspectRatio=\"none\">\n    <path class=\"elementor-shape-fill\" id=\"Row_Separator\" data-name=\"Row Separator\" d=\"M1440,0Q1080,99,720,99T0,0V100H1440Z\" \/>\n<\/svg>\t\t<\/div>\n\t\t\t\t<div class=\"elementor-element elementor-element-debadc2 elementor-widget elementor-widget-hub_fancy_heading\" data-id=\"debadc2\" data-element_type=\"widget\" data-e-type=\"widget\" data-widget_type=\"hub_fancy_heading.default\">\n\t\t\t\t<div class=\"elementor-widget-container\">\n\t\t\t\t\t\n\t\t<div id=\"ld-fancy-heading-69e6538d3839a\" class=\"ld-fancy-heading pos-rel\">\n\t\t\t\t\t<\/div>\n\n\t\t\t\t\t\t<\/div>\n\t\t\t\t<\/div>\n\t\t\t\t\t<\/div>\n\t\t\t\t<\/div>\n\t\t<div class=\"elementor-element elementor-element-81a5117 e-flex e-con-boxed e-con e-parent\" data-id=\"81a5117\" data-element_type=\"container\" data-e-type=\"container\" data-settings=\"{&quot;background_background&quot;:&quot;classic&quot;}\">\n\t\t\t\t\t<div class=\"e-con-inner\">\n\t\t<div class=\"elementor-element elementor-element-1502d11 e-con-full e-flex e-con e-child\" data-id=\"1502d11\" data-element_type=\"container\" data-e-type=\"container\">\n\t\t\t\t<div class=\"elementor-element elementor-element-4ed38b5 elementor-widget elementor-widget-text-editor\" data-id=\"4ed38b5\" data-element_type=\"widget\" data-e-type=\"widget\" data-widget_type=\"text-editor.default\">\n\t\t\t\t\t\t\t\t\t<ul><li>Reuni\u00f5es de associa\u00e7\u00f5es acad\u00eamicas e grupos de trabalho<\/li><li>Apresenta\u00e7\u00f5es de livros e a \u00faltima edi\u00e7\u00e3o publicada de revistas<\/li><li>Presentaciones de libros y \u00faltimos n\u00fameros publicados de revistas<\/li><li>S\u00e9rie de filmes<\/li><li>Tertulias<\/li><li>Conciertos<\/li><li>Oficinas<\/li><li>Outros<\/li><\/ul><p>A data de apresenta\u00e7\u00e3o das propostas \u00e9 de 03 de agosto de 2026 a 31 de mar\u00e7o de 2027. O Congresso ir\u00e1 avali\u00e1-los e fornecer o apoio log\u00edstico necess\u00e1rio.<\/p><p>As propostas para reuni\u00f5es de associa\u00e7\u00f5es acad\u00eamicas e grupos de trabalho devem ter pelo menos 5 pesquisadores inscritos no Congresso.<\/p>\t\t\t\t\t\t\t\t<\/div>\n\t\t\t\t<\/div>\n\t\t\t\t\t<\/div>\n\t\t\t\t<\/div>\n\t\t\t\t<\/div>\n\t\t","protected":false},"excerpt":{"rendered":"<p>Reuni\u00f5es de associa\u00e7\u00f5es acad\u00eamicas e grupos de trabalho Apresenta\u00e7\u00f5es de livros e a \u00faltima edi\u00e7\u00e3o publicada de revistas Presentaciones de libros y \u00faltimos n\u00fameros publicados de revistas S\u00e9rie de filmes Tertulias Conciertos Oficinas Outros A data de apresenta\u00e7\u00e3o das propostas \u00e9 de 03 de agosto de 2026 a 31 de mar\u00e7o de 2027. O Congresso [&hellip;]<\/p>\n","protected":false},"author":1,"featured_media":0,"parent":8969,"menu_order":0,"comment_status":"closed","ping_status":"closed","template":"","meta":{"inline_featured_image":false,"footnotes":""},"class_list":["post-8996","page","type-page","status-publish","hentry"],"yoast_head":"<!-- This site is optimized with the Yoast SEO plugin v27.4 - https:\/\/yoast.com\/product\/yoast-seo-wordpress\/ -->\n<title>Eventos paralelos - 59\u00ba Congreso Internacional de Americanistas<\/title>\n<meta name=\"robots\" content=\"index, follow, max-snippet:-1, max-image-preview:large, max-video-preview:-1\" \/>\n<link rel=\"canonical\" href=\"https:\/\/congresoica.org\/inicio\/eventos-paralelos\/\" \/>\n<meta property=\"og:locale\" content=\"pt_PT\" \/>\n<meta property=\"og:type\" content=\"article\" \/>\n<meta property=\"og:title\" content=\"Eventos paralelos - 59\u00ba Congreso Internacional de Americanistas\" \/>\n<meta property=\"og:description\" content=\"Reuni\u00f5es de associa\u00e7\u00f5es acad\u00eamicas e grupos de trabalho Apresenta\u00e7\u00f5es de livros e a \u00faltima edi\u00e7\u00e3o publicada de revistas Presentaciones de libros y \u00faltimos n\u00fameros publicados de revistas S\u00e9rie de filmes Tertulias Conciertos Oficinas Outros A data de apresenta\u00e7\u00e3o das propostas \u00e9 de 03 de agosto de 2026 a 31 de mar\u00e7o de 2027. O Congresso [&hellip;]\" \/>\n<meta property=\"og:url\" content=\"https:\/\/congresoica.org\/inicio\/eventos-paralelos\/\" \/>\n<meta property=\"og:site_name\" content=\"59\u00ba Congreso Internacional de Americanistas\" \/>\n<meta property=\"article:modified_time\" content=\"2026-03-18T16:31:45+00:00\" \/>\n<meta name=\"twitter:card\" content=\"summary_large_image\" \/>\n<script type=\"application\/ld+json\" class=\"yoast-schema-graph\">{\"@context\":\"https:\\\/\\\/schema.org\",\"@graph\":[{\"@type\":\"WebPage\",\"@id\":\"https:\\\/\\\/congresoica.org\\\/inicio\\\/eventos-paralelos\\\/\",\"url\":\"https:\\\/\\\/congresoica.org\\\/inicio\\\/eventos-paralelos\\\/\",\"name\":\"Eventos paralelos - 59\u00ba Congreso Internacional de Americanistas\",\"isPartOf\":{\"@id\":\"https:\\\/\\\/congresoica.org\\\/#website\"},\"datePublished\":\"2026-02-26T02:24:54+00:00\",\"dateModified\":\"2026-03-18T16:31:45+00:00\",\"breadcrumb\":{\"@id\":\"https:\\\/\\\/congresoica.org\\\/inicio\\\/eventos-paralelos\\\/#breadcrumb\"},\"inLanguage\":\"pt-PT\",\"potentialAction\":[{\"@type\":\"ReadAction\",\"target\":[\"https:\\\/\\\/congresoica.org\\\/inicio\\\/eventos-paralelos\\\/\"]}]},{\"@type\":\"BreadcrumbList\",\"@id\":\"https:\\\/\\\/congresoica.org\\\/inicio\\\/eventos-paralelos\\\/#breadcrumb\",\"itemListElement\":[{\"@type\":\"ListItem\",\"position\":1,\"name\":\"Inicio\",\"item\":\"https:\\\/\\\/congresoica.org\\\/\"},{\"@type\":\"ListItem\",\"position\":2,\"name\":\"In\u00edcio\",\"item\":\"https:\\\/\\\/congresoica.org\\\/\"},{\"@type\":\"ListItem\",\"position\":3,\"name\":\"Eventos paralelos\"}]},{\"@type\":\"WebSite\",\"@id\":\"https:\\\/\\\/congresoica.org\\\/#website\",\"url\":\"https:\\\/\\\/congresoica.org\\\/\",\"name\":\"59\u00ba Congreso Internacional de Americanistas\",\"description\":\"Del 5 al 9 de julio de 2027 en Medell\u00edn (UPB). Tradici\u00f3n e innovaci\u00f3n: las memorias de las Am\u00e9ricas. \u00c1reas tem\u00e1ticas, simposios, ponencias, mesas redondas y m\u00e1s.\",\"potentialAction\":[{\"@type\":\"SearchAction\",\"target\":{\"@type\":\"EntryPoint\",\"urlTemplate\":\"https:\\\/\\\/congresoica.org\\\/?s={search_term_string}\"},\"query-input\":{\"@type\":\"PropertyValueSpecification\",\"valueRequired\":true,\"valueName\":\"search_term_string\"}}],\"inLanguage\":\"pt-PT\"}]}<\/script>\n<!-- \/ Yoast SEO plugin. -->","yoast_head_json":{"title":"Eventos paralelos - 59\u00ba Congreso Internacional de Americanistas","robots":{"index":"index","follow":"follow","max-snippet":"max-snippet:-1","max-image-preview":"max-image-preview:large","max-video-preview":"max-video-preview:-1"},"canonical":"https:\/\/congresoica.org\/inicio\/eventos-paralelos\/","og_locale":"pt_PT","og_type":"article","og_title":"Eventos paralelos - 59\u00ba Congreso Internacional de Americanistas","og_description":"Reuni\u00f5es de associa\u00e7\u00f5es acad\u00eamicas e grupos de trabalho Apresenta\u00e7\u00f5es de livros e a \u00faltima edi\u00e7\u00e3o publicada de revistas Presentaciones de libros y \u00faltimos n\u00fameros publicados de revistas S\u00e9rie de filmes Tertulias Conciertos Oficinas Outros A data de apresenta\u00e7\u00e3o das propostas \u00e9 de 03 de agosto de 2026 a 31 de mar\u00e7o de 2027. O Congresso [&hellip;]","og_url":"https:\/\/congresoica.org\/inicio\/eventos-paralelos\/","og_site_name":"59\u00ba Congreso Internacional de Americanistas","article_modified_time":"2026-03-18T16:31:45+00:00","twitter_card":"summary_large_image","schema":{"@context":"https:\/\/schema.org","@graph":[{"@type":"WebPage","@id":"https:\/\/congresoica.org\/inicio\/eventos-paralelos\/","url":"https:\/\/congresoica.org\/inicio\/eventos-paralelos\/","name":"Eventos paralelos - 59\u00ba Congreso Internacional de Americanistas","isPartOf":{"@id":"https:\/\/congresoica.org\/#website"},"datePublished":"2026-02-26T02:24:54+00:00","dateModified":"2026-03-18T16:31:45+00:00","breadcrumb":{"@id":"https:\/\/congresoica.org\/inicio\/eventos-paralelos\/#breadcrumb"},"inLanguage":"pt-PT","potentialAction":[{"@type":"ReadAction","target":["https:\/\/congresoica.org\/inicio\/eventos-paralelos\/"]}]},{"@type":"BreadcrumbList","@id":"https:\/\/congresoica.org\/inicio\/eventos-paralelos\/#breadcrumb","itemListElement":[{"@type":"ListItem","position":1,"name":"Inicio","item":"https:\/\/congresoica.org\/"},{"@type":"ListItem","position":2,"name":"In\u00edcio","item":"https:\/\/congresoica.org\/"},{"@type":"ListItem","position":3,"name":"Eventos paralelos"}]},{"@type":"WebSite","@id":"https:\/\/congresoica.org\/#website","url":"https:\/\/congresoica.org\/","name":"59\u00ba Congreso Internacional de Americanistas","description":"Del 5 al 9 de julio de 2027 en Medell\u00edn (UPB). Tradici\u00f3n e innovaci\u00f3n: las memorias de las Am\u00e9ricas. \u00c1reas tem\u00e1ticas, simposios, ponencias, mesas redondas y m\u00e1s.","potentialAction":[{"@type":"SearchAction","target":{"@type":"EntryPoint","urlTemplate":"https:\/\/congresoica.org\/?s={search_term_string}"},"query-input":{"@type":"PropertyValueSpecification","valueRequired":true,"valueName":"search_term_string"}}],"inLanguage":"pt-PT"}]}},"_links":{"self":[{"href":"https:\/\/congresoica.org\/pt-pt\/wp-json\/wp\/v2\/pages\/8996","targetHints":{"allow":["GET"]}}],"collection":[{"href":"https:\/\/congresoica.org\/pt-pt\/wp-json\/wp\/v2\/pages"}],"about":[{"href":"https:\/\/congresoica.org\/pt-pt\/wp-json\/wp\/v2\/types\/page"}],"author":[{"embeddable":true,"href":"https:\/\/congresoica.org\/pt-pt\/wp-json\/wp\/v2\/users\/1"}],"replies":[{"embeddable":true,"href":"https:\/\/congresoica.org\/pt-pt\/wp-json\/wp\/v2\/comments?post=8996"}],"version-history":[{"count":1,"href":"https:\/\/congresoica.org\/pt-pt\/wp-json\/wp\/v2\/pages\/8996\/revisions"}],"predecessor-version":[{"id":8997,"href":"https:\/\/congresoica.org\/pt-pt\/wp-json\/wp\/v2\/pages\/8996\/revisions\/8997"}],"up":[{"embeddable":true,"href":"https:\/\/congresoica.org\/pt-pt\/wp-json\/wp\/v2\/pages\/8969"}],"wp:attachment":[{"href":"https:\/\/congresoica.org\/pt-pt\/wp-json\/wp\/v2\/media?parent=8996"}],"curies":[{"name":"wp","href":"https:\/\/api.w.org\/{rel}","templated":true}]}}