{"id":9206,"date":"2026-03-24T15:37:06","date_gmt":"2026-03-24T20:37:06","guid":{"rendered":"https:\/\/congresoica.org\/home\/diffusion-kit\/"},"modified":"2026-03-24T15:56:54","modified_gmt":"2026-03-24T20:56:54","slug":"diffusion-kit","status":"publish","type":"page","link":"https:\/\/congresoica.org\/en\/home\/diffusion-kit\/","title":{"rendered":"Diffusion Kit"},"content":{"rendered":"\t\t<div data-elementor-type=\"wp-page\" data-elementor-id=\"9206\" class=\"elementor elementor-9206 elementor-9181\" data-elementor-post-type=\"page\">\n\t\t\t\t<div class=\"elementor-element elementor-element-aa02d7d e-flex e-con-boxed e-con e-parent\" data-id=\"aa02d7d\" data-element_type=\"container\" data-e-type=\"container\" data-settings=\"{&quot;background_background&quot;:&quot;classic&quot;,&quot;shape_divider_bottom&quot;:&quot;lqd-custom-shape-8&quot;}\">\n\t\t\t\t\t<div class=\"e-con-inner\">\n\t\t\t\t<div class=\"elementor-shape elementor-shape-bottom\" aria-hidden=\"true\" data-negative=\"false\">\n\t\t\t<svg class=\"lqd-custom-shape\" xmlns=\"http:\/\/www.w3.org\/2000\/svg\" viewBox=\"0 0 1440 100\" preserveAspectRatio=\"none\">\n    <path class=\"elementor-shape-fill\" id=\"Row_Separator\" data-name=\"Row Separator\" d=\"M1440,0Q1080,99,720,99T0,0V100H1440Z\" \/>\n<\/svg>\t\t<\/div>\n\t\t\t\t<div class=\"elementor-element elementor-element-debadc2 elementor-widget elementor-widget-hub_fancy_heading\" data-id=\"debadc2\" data-element_type=\"widget\" data-e-type=\"widget\" data-widget_type=\"hub_fancy_heading.default\">\n\t\t\t\t<div class=\"elementor-widget-container\">\n\t\t\t\t\t\n\t\t<div id=\"ld-fancy-heading-69e6533b420d9\" class=\"ld-fancy-heading pos-rel\">\n\t\t\t\t\t<\/div>\n\n\t\t\t\t\t\t<\/div>\n\t\t\t\t<\/div>\n\t\t\t\t\t<\/div>\n\t\t\t\t<\/div>\n\t\t<div class=\"elementor-element elementor-element-81a5117 e-flex e-con-boxed e-con e-parent\" data-id=\"81a5117\" data-element_type=\"container\" data-e-type=\"container\" data-settings=\"{&quot;background_background&quot;:&quot;classic&quot;}\">\n\t\t\t\t\t<div class=\"e-con-inner\">\n\t\t<div class=\"elementor-element elementor-element-b75349a e-con-full e-flex e-con e-child\" data-id=\"b75349a\" data-element_type=\"container\" data-e-type=\"container\">\n\t\t<div class=\"elementor-element elementor-element-548e629 e-con-full e-flex e-con e-child\" data-id=\"548e629\" data-element_type=\"container\" data-e-type=\"container\">\n\t\t\t\t<div class=\"elementor-element elementor-element-1b85bca elementor-widget elementor-widget-image\" data-id=\"1b85bca\" data-element_type=\"widget\" data-e-type=\"widget\" data-widget_type=\"image.default\">\n\t\t\t\t\t\t\t\t\t\t\t\t\t\t\t<img decoding=\"async\" src=\"https:\/\/congresoica.org\/documentos\/kit\/logo-color.png\" title=\"\" alt=\"\" loading=\"lazy\" \/>\t\t\t\t\t\t\t\t\t\t\t\t\t\t\t<\/div>\n\t\t\t\t<\/div>\n\t\t<div class=\"elementor-element elementor-element-7398468 e-con-full e-flex e-con e-child\" data-id=\"7398468\" data-element_type=\"container\" data-e-type=\"container\">\n\t\t\t\t<div class=\"elementor-element elementor-element-1c084d2 elementor-widget elementor-widget-hub_fancy_heading lqd-el-has-inner-anim\" data-id=\"1c084d2\" data-element_type=\"widget\" data-e-type=\"widget\" data-settings=\"{&quot;enable_split&quot;:&quot;true&quot;,&quot;split_type&quot;:&quot;words&quot;}\" data-widget_type=\"hub_fancy_heading.default\">\n\t\t\t\t<div class=\"elementor-widget-container\">\n\t\t\t\t\t\n\t\t<div id=\"ld-fancy-heading-69e6533b42af3\" class=\"ld-fancy-heading pos-rel\">\n\t\t\t<h2 class=\"ld-fh-element d-inline-block pos-rel  elementor-heading-title lqd-highlight-classic lqd-highlight-grow-left lqd-split-words h2\"  data-split-text=\"true\" data-split-options='{\"type\":\"words\"}'> Logo<\/h2>\t\t<\/div>\n\n\t\t\t\t\t\t<\/div>\n\t\t\t\t<\/div>\n\t\t\t\t<div class=\"elementor-element elementor-element-b47cd3d elementor-widget elementor-widget-ld_button\" data-id=\"b47cd3d\" data-element_type=\"widget\" data-e-type=\"widget\" data-widget_type=\"ld_button.default\">\n\t\t\t\t<div class=\"elementor-widget-container\">\n\t\t\t\t\t\n\t\t\t<a\n\t\t\t\thref=\"\/documentos\/kit\/logo-color.png\" target=\"_blank\"class=\"elementor-button btn btn-solid btn-icon-shaped btn-has-label\"\t\t\t>\n\t\t\t\t\t\t\t\t\t<span data-text=\"Download Color Logo\" class=\"btn-txt\">\n\t\t\t\t\t\tDownload Color Logo\t\t\t\t\t<\/span>\n\t\t\t\t\t\t\t\t\t\t\t<\/a>\n\t\t\t\t\t\t\t<\/div>\n\t\t\t\t<\/div>\n\t\t\t\t<div class=\"elementor-element elementor-element-d59a8ac elementor-widget elementor-widget-ld_button\" data-id=\"d59a8ac\" data-element_type=\"widget\" data-e-type=\"widget\" data-widget_type=\"ld_button.default\">\n\t\t\t\t<div class=\"elementor-widget-container\">\n\t\t\t\t\t\n\t\t\t<a\n\t\t\t\thref=\"\/documentos\/kit\/logo-color.png\" target=\"_blank\"class=\"elementor-button btn btn-solid btn-icon-shaped btn-has-label\"\t\t\t>\n\t\t\t\t\t\t\t\t\t<span data-text=\"Download white logo\" class=\"btn-txt\">\n\t\t\t\t\t\tDownload white logo\t\t\t\t\t<\/span>\n\t\t\t\t\t\t\t\t\t\t\t<\/a>\n\t\t\t\t\t\t\t<\/div>\n\t\t\t\t<\/div>\n\t\t\t\t<\/div>\n\t\t\t\t<\/div>\n\t\t<div class=\"elementor-element elementor-element-3ee79fc e-con-full e-flex e-con e-child\" data-id=\"3ee79fc\" data-element_type=\"container\" data-e-type=\"container\">\n\t\t<div class=\"elementor-element elementor-element-f0884c2 e-con-full e-flex e-con e-child\" data-id=\"f0884c2\" data-element_type=\"container\" data-e-type=\"container\">\n\t\t\t\t<div class=\"elementor-element elementor-element-996e68b elementor-widget elementor-widget-image\" data-id=\"996e68b\" data-element_type=\"widget\" data-e-type=\"widget\" data-widget_type=\"image.default\">\n\t\t\t\t\t\t\t\t\t\t\t\t\t\t\t<img decoding=\"async\" src=\"https:\/\/congresoica.org\/documentos\/kit\/poster.png\" title=\"\" alt=\"\" loading=\"lazy\" \/>\t\t\t\t\t\t\t\t\t\t\t\t\t\t\t<\/div>\n\t\t\t\t<\/div>\n\t\t<div class=\"elementor-element elementor-element-dfb9f76 e-con-full e-flex e-con e-child\" data-id=\"dfb9f76\" data-element_type=\"container\" data-e-type=\"container\">\n\t\t\t\t<div class=\"elementor-element elementor-element-13e0396 elementor-widget elementor-widget-hub_fancy_heading lqd-el-has-inner-anim\" data-id=\"13e0396\" data-element_type=\"widget\" data-e-type=\"widget\" data-settings=\"{&quot;enable_split&quot;:&quot;true&quot;,&quot;split_type&quot;:&quot;words&quot;}\" data-widget_type=\"hub_fancy_heading.default\">\n\t\t\t\t<div class=\"elementor-widget-container\">\n\t\t\t\t\t\n\t\t<div id=\"ld-fancy-heading-69e6533b45609\" class=\"ld-fancy-heading pos-rel\">\n\t\t\t<h2 class=\"ld-fh-element d-inline-block pos-rel  elementor-heading-title lqd-highlight-classic lqd-highlight-grow-left lqd-split-words h2\"  data-split-text=\"true\" data-split-options='{\"type\":\"words\"}'> poster<\/h2>\t\t<\/div>\n\n\t\t\t\t\t\t<\/div>\n\t\t\t\t<\/div>\n\t\t\t\t<div class=\"elementor-element elementor-element-23219ca elementor-widget elementor-widget-ld_button\" data-id=\"23219ca\" data-element_type=\"widget\" data-e-type=\"widget\" data-widget_type=\"ld_button.default\">\n\t\t\t\t<div class=\"elementor-widget-container\">\n\t\t\t\t\t\n\t\t\t<a\n\t\t\t\thref=\"\/documentos\/kit\/poster.png\" target=\"_blank\"class=\"elementor-button btn btn-solid btn-icon-shaped btn-has-label\"\t\t\t>\n\t\t\t\t\t\t\t\t\t<span data-text=\"Download Png\" class=\"btn-txt\">\n\t\t\t\t\t\tDownload Png\t\t\t\t\t<\/span>\n\t\t\t\t\t\t\t\t\t\t\t<\/a>\n\t\t\t\t\t\t\t<\/div>\n\t\t\t\t<\/div>\n\t\t\t\t<div class=\"elementor-element elementor-element-0ec03e0 elementor-widget elementor-widget-ld_button\" data-id=\"0ec03e0\" data-element_type=\"widget\" data-e-type=\"widget\" data-widget_type=\"ld_button.default\">\n\t\t\t\t<div class=\"elementor-widget-container\">\n\t\t\t\t\t\n\t\t\t<a\n\t\t\t\thref=\"\/documentos\/kit\/poster.pdf\" target=\"_blank\"class=\"elementor-button btn btn-solid btn-icon-shaped btn-has-label\"\t\t\t>\n\t\t\t\t\t\t\t\t\t<span data-text=\"Download Pdf\" class=\"btn-txt\">\n\t\t\t\t\t\tDownload Pdf\t\t\t\t\t<\/span>\n\t\t\t\t\t\t\t\t\t\t\t<\/a>\n\t\t\t\t\t\t\t<\/div>\n\t\t\t\t<\/div>\n\t\t\t\t<\/div>\n\t\t\t\t<\/div>\n\t\t\t\t\t<\/div>\n\t\t\t\t<\/div>\n\t\t\t\t<\/div>\n\t\t","protected":false},"excerpt":{"rendered":"<p>Logo Download Color Logo Download white logo poster Download Png Download Pdf<\/p>\n","protected":false},"author":1,"featured_media":0,"parent":8964,"menu_order":0,"comment_status":"closed","ping_status":"closed","template":"","meta":{"inline_featured_image":false,"footnotes":""},"class_list":["post-9206","page","type-page","status-publish","hentry"],"yoast_head":"<!-- This site is optimized with the Yoast SEO plugin v27.4 - https:\/\/yoast.com\/product\/yoast-seo-wordpress\/ -->\n<title>Diffusion Kit - 59\u00ba Congreso Internacional de Americanistas<\/title>\n<meta name=\"robots\" content=\"index, follow, max-snippet:-1, max-image-preview:large, max-video-preview:-1\" \/>\n<link rel=\"canonical\" href=\"https:\/\/congresoica.org\/en\/home\/diffusion-kit\/\" \/>\n<meta property=\"og:locale\" content=\"en_US\" \/>\n<meta property=\"og:type\" content=\"article\" \/>\n<meta property=\"og:title\" content=\"Diffusion Kit - 59\u00ba Congreso Internacional de Americanistas\" \/>\n<meta property=\"og:description\" content=\"Logo Download Color Logo Download white logo poster Download Png Download Pdf\" \/>\n<meta property=\"og:url\" content=\"https:\/\/congresoica.org\/en\/home\/diffusion-kit\/\" \/>\n<meta property=\"og:site_name\" content=\"59\u00ba Congreso Internacional de Americanistas\" \/>\n<meta property=\"article:modified_time\" content=\"2026-03-24T20:56:54+00:00\" \/>\n<meta property=\"og:image\" content=\"https:\/\/congresoica.org\/documentos\/kit\/logo-color.png\" \/>\n<meta name=\"twitter:card\" content=\"summary_large_image\" \/>\n<script type=\"application\/ld+json\" class=\"yoast-schema-graph\">{\"@context\":\"https:\\\/\\\/schema.org\",\"@graph\":[{\"@type\":\"WebPage\",\"@id\":\"https:\\\/\\\/congresoica.org\\\/en\\\/home\\\/diffusion-kit\\\/\",\"url\":\"https:\\\/\\\/congresoica.org\\\/en\\\/home\\\/diffusion-kit\\\/\",\"name\":\"Diffusion Kit - 59\u00ba Congreso Internacional de Americanistas\",\"isPartOf\":{\"@id\":\"https:\\\/\\\/congresoica.org\\\/#website\"},\"primaryImageOfPage\":{\"@id\":\"https:\\\/\\\/congresoica.org\\\/en\\\/home\\\/diffusion-kit\\\/#primaryimage\"},\"image\":{\"@id\":\"https:\\\/\\\/congresoica.org\\\/en\\\/home\\\/diffusion-kit\\\/#primaryimage\"},\"thumbnailUrl\":\"https:\\\/\\\/congresoica.org\\\/documentos\\\/kit\\\/logo-color.png\",\"datePublished\":\"2026-03-24T20:37:06+00:00\",\"dateModified\":\"2026-03-24T20:56:54+00:00\",\"breadcrumb\":{\"@id\":\"https:\\\/\\\/congresoica.org\\\/en\\\/home\\\/diffusion-kit\\\/#breadcrumb\"},\"inLanguage\":\"en-US\",\"potentialAction\":[{\"@type\":\"ReadAction\",\"target\":[\"https:\\\/\\\/congresoica.org\\\/en\\\/home\\\/diffusion-kit\\\/\"]}]},{\"@type\":\"ImageObject\",\"inLanguage\":\"en-US\",\"@id\":\"https:\\\/\\\/congresoica.org\\\/en\\\/home\\\/diffusion-kit\\\/#primaryimage\",\"url\":\"https:\\\/\\\/congresoica.org\\\/documentos\\\/kit\\\/logo-color.png\",\"contentUrl\":\"https:\\\/\\\/congresoica.org\\\/documentos\\\/kit\\\/logo-color.png\"},{\"@type\":\"BreadcrumbList\",\"@id\":\"https:\\\/\\\/congresoica.org\\\/en\\\/home\\\/diffusion-kit\\\/#breadcrumb\",\"itemListElement\":[{\"@type\":\"ListItem\",\"position\":1,\"name\":\"Inicio\",\"item\":\"https:\\\/\\\/congresoica.org\\\/en\\\/\"},{\"@type\":\"ListItem\",\"position\":2,\"name\":\"Home\",\"item\":\"https:\\\/\\\/congresoica.org\\\/en\\\/\"},{\"@type\":\"ListItem\",\"position\":3,\"name\":\"Diffusion Kit\"}]},{\"@type\":\"WebSite\",\"@id\":\"https:\\\/\\\/congresoica.org\\\/#website\",\"url\":\"https:\\\/\\\/congresoica.org\\\/\",\"name\":\"59\u00ba Congreso Internacional de Americanistas\",\"description\":\"Del 5 al 9 de julio de 2027 en Medell\u00edn (UPB). Tradici\u00f3n e innovaci\u00f3n: las memorias de las Am\u00e9ricas. \u00c1reas tem\u00e1ticas, simposios, ponencias, mesas redondas y m\u00e1s.\",\"potentialAction\":[{\"@type\":\"SearchAction\",\"target\":{\"@type\":\"EntryPoint\",\"urlTemplate\":\"https:\\\/\\\/congresoica.org\\\/?s={search_term_string}\"},\"query-input\":{\"@type\":\"PropertyValueSpecification\",\"valueRequired\":true,\"valueName\":\"search_term_string\"}}],\"inLanguage\":\"en-US\"}]}<\/script>\n<!-- \/ Yoast SEO plugin. -->","yoast_head_json":{"title":"Diffusion Kit - 59\u00ba Congreso Internacional de Americanistas","robots":{"index":"index","follow":"follow","max-snippet":"max-snippet:-1","max-image-preview":"max-image-preview:large","max-video-preview":"max-video-preview:-1"},"canonical":"https:\/\/congresoica.org\/en\/home\/diffusion-kit\/","og_locale":"en_US","og_type":"article","og_title":"Diffusion Kit - 59\u00ba Congreso Internacional de Americanistas","og_description":"Logo Download Color Logo Download white logo poster Download Png Download Pdf","og_url":"https:\/\/congresoica.org\/en\/home\/diffusion-kit\/","og_site_name":"59\u00ba Congreso Internacional de Americanistas","article_modified_time":"2026-03-24T20:56:54+00:00","og_image":[{"url":"https:\/\/congresoica.org\/documentos\/kit\/logo-color.png","type":"","width":"","height":""}],"twitter_card":"summary_large_image","schema":{"@context":"https:\/\/schema.org","@graph":[{"@type":"WebPage","@id":"https:\/\/congresoica.org\/en\/home\/diffusion-kit\/","url":"https:\/\/congresoica.org\/en\/home\/diffusion-kit\/","name":"Diffusion Kit - 59\u00ba Congreso Internacional de Americanistas","isPartOf":{"@id":"https:\/\/congresoica.org\/#website"},"primaryImageOfPage":{"@id":"https:\/\/congresoica.org\/en\/home\/diffusion-kit\/#primaryimage"},"image":{"@id":"https:\/\/congresoica.org\/en\/home\/diffusion-kit\/#primaryimage"},"thumbnailUrl":"https:\/\/congresoica.org\/documentos\/kit\/logo-color.png","datePublished":"2026-03-24T20:37:06+00:00","dateModified":"2026-03-24T20:56:54+00:00","breadcrumb":{"@id":"https:\/\/congresoica.org\/en\/home\/diffusion-kit\/#breadcrumb"},"inLanguage":"en-US","potentialAction":[{"@type":"ReadAction","target":["https:\/\/congresoica.org\/en\/home\/diffusion-kit\/"]}]},{"@type":"ImageObject","inLanguage":"en-US","@id":"https:\/\/congresoica.org\/en\/home\/diffusion-kit\/#primaryimage","url":"https:\/\/congresoica.org\/documentos\/kit\/logo-color.png","contentUrl":"https:\/\/congresoica.org\/documentos\/kit\/logo-color.png"},{"@type":"BreadcrumbList","@id":"https:\/\/congresoica.org\/en\/home\/diffusion-kit\/#breadcrumb","itemListElement":[{"@type":"ListItem","position":1,"name":"Inicio","item":"https:\/\/congresoica.org\/en\/"},{"@type":"ListItem","position":2,"name":"Home","item":"https:\/\/congresoica.org\/en\/"},{"@type":"ListItem","position":3,"name":"Diffusion Kit"}]},{"@type":"WebSite","@id":"https:\/\/congresoica.org\/#website","url":"https:\/\/congresoica.org\/","name":"59\u00ba Congreso Internacional de Americanistas","description":"Del 5 al 9 de julio de 2027 en Medell\u00edn (UPB). Tradici\u00f3n e innovaci\u00f3n: las memorias de las Am\u00e9ricas. \u00c1reas tem\u00e1ticas, simposios, ponencias, mesas redondas y m\u00e1s.","potentialAction":[{"@type":"SearchAction","target":{"@type":"EntryPoint","urlTemplate":"https:\/\/congresoica.org\/?s={search_term_string}"},"query-input":{"@type":"PropertyValueSpecification","valueRequired":true,"valueName":"search_term_string"}}],"inLanguage":"en-US"}]}},"_links":{"self":[{"href":"https:\/\/congresoica.org\/en\/wp-json\/wp\/v2\/pages\/9206","targetHints":{"allow":["GET"]}}],"collection":[{"href":"https:\/\/congresoica.org\/en\/wp-json\/wp\/v2\/pages"}],"about":[{"href":"https:\/\/congresoica.org\/en\/wp-json\/wp\/v2\/types\/page"}],"author":[{"embeddable":true,"href":"https:\/\/congresoica.org\/en\/wp-json\/wp\/v2\/users\/1"}],"replies":[{"embeddable":true,"href":"https:\/\/congresoica.org\/en\/wp-json\/wp\/v2\/comments?post=9206"}],"version-history":[{"count":1,"href":"https:\/\/congresoica.org\/en\/wp-json\/wp\/v2\/pages\/9206\/revisions"}],"predecessor-version":[{"id":9207,"href":"https:\/\/congresoica.org\/en\/wp-json\/wp\/v2\/pages\/9206\/revisions\/9207"}],"up":[{"embeddable":true,"href":"https:\/\/congresoica.org\/en\/wp-json\/wp\/v2\/pages\/8964"}],"wp:attachment":[{"href":"https:\/\/congresoica.org\/en\/wp-json\/wp\/v2\/media?parent=9206"}],"curies":[{"name":"wp","href":"https:\/\/api.w.org\/{rel}","templated":true}]}}