{"id":9039,"date":"2026-02-25T21:16:22","date_gmt":"2026-02-26T02:16:22","guid":{"rendered":"https:\/\/congresoica.org\/home\/symposiums-and-individual-presentations\/"},"modified":"2026-03-21T12:31:49","modified_gmt":"2026-03-21T17:31:49","slug":"symposiums-and-individual-presentations","status":"publish","type":"page","link":"https:\/\/congresoica.org\/en\/home\/symposiums-and-individual-presentations\/","title":{"rendered":"Symposiums And Individual Presentations"},"content":{"rendered":"\t\t<div data-elementor-type=\"wp-page\" data-elementor-id=\"9039\" class=\"elementor elementor-9039 elementor-7721\" data-elementor-post-type=\"page\">\n\t\t\t\t<div class=\"elementor-element elementor-element-aa02d7d e-flex e-con-boxed e-con e-parent\" data-id=\"aa02d7d\" data-element_type=\"container\" data-e-type=\"container\" data-settings=\"{&quot;background_background&quot;:&quot;classic&quot;,&quot;shape_divider_bottom&quot;:&quot;lqd-custom-shape-8&quot;}\">\n\t\t\t\t\t<div class=\"e-con-inner\">\n\t\t\t\t<div class=\"elementor-shape elementor-shape-bottom\" aria-hidden=\"true\" data-negative=\"false\">\n\t\t\t<svg class=\"lqd-custom-shape\" xmlns=\"http:\/\/www.w3.org\/2000\/svg\" viewBox=\"0 0 1440 100\" preserveAspectRatio=\"none\">\n    <path class=\"elementor-shape-fill\" id=\"Row_Separator\" data-name=\"Row Separator\" d=\"M1440,0Q1080,99,720,99T0,0V100H1440Z\" \/>\n<\/svg>\t\t<\/div>\n\t\t\t\t<div class=\"elementor-element elementor-element-debadc2 elementor-widget elementor-widget-hub_fancy_heading\" data-id=\"debadc2\" data-element_type=\"widget\" data-e-type=\"widget\" data-widget_type=\"hub_fancy_heading.default\">\n\t\t\t\t<div class=\"elementor-widget-container\">\n\t\t\t\t\t\n\t\t<div id=\"ld-fancy-heading-69e6410672491\" class=\"ld-fancy-heading pos-rel\">\n\t\t\t\t\t<\/div>\n\n\t\t\t\t\t\t<\/div>\n\t\t\t\t<\/div>\n\t\t\t\t\t<\/div>\n\t\t\t\t<\/div>\n\t\t<div class=\"elementor-element elementor-element-81a5117 e-flex e-con-boxed e-con e-parent\" data-id=\"81a5117\" data-element_type=\"container\" data-e-type=\"container\" data-settings=\"{&quot;background_background&quot;:&quot;classic&quot;}\">\n\t\t\t\t\t<div class=\"e-con-inner\">\n\t\t<div class=\"elementor-element elementor-element-1502d11 e-con-full e-flex e-con e-child\" data-id=\"1502d11\" data-element_type=\"container\" data-e-type=\"container\">\n\t\t\t\t<div class=\"elementor-element elementor-element-dcc556e elementor-widget elementor-widget-hub_fancy_heading\" data-id=\"dcc556e\" data-element_type=\"widget\" data-e-type=\"widget\" data-widget_type=\"hub_fancy_heading.default\">\n\t\t\t\t<div class=\"elementor-widget-container\">\n\t\t\t\t\t\n\t\t<div id=\"ld-fancy-heading-69e6410673158\" class=\"ld-fancy-heading pos-rel\">\n\t\t\t<p class=\"ld-fh-element d-inline-block pos-rel  lqd-highlight-classic lqd-highlight-grow-left p\"  > According to the thematic areas, we invite people interested in proposing symposia.<\/p>\t\t<\/div>\n\n\t\t\t\t\t\t<\/div>\n\t\t\t\t<\/div>\n\t\t\t\t<div class=\"elementor-element elementor-element-1318606 elementor-widget elementor-widget-hub_fancy_heading lqd-el-has-inner-anim\" data-id=\"1318606\" data-element_type=\"widget\" data-e-type=\"widget\" data-settings=\"{&quot;enable_split&quot;:&quot;true&quot;,&quot;split_type&quot;:&quot;words&quot;}\" data-widget_type=\"hub_fancy_heading.default\">\n\t\t\t\t<div class=\"elementor-widget-container\">\n\t\t\t\t\t\n\t\t<div id=\"ld-fancy-heading-69e6410673d2b\" class=\"ld-fancy-heading pos-rel\">\n\t\t\t<h2 class=\"ld-fh-element d-inline-block pos-rel  elementor-heading-title lqd-highlight-classic lqd-highlight-grow-left lqd-split-words h2\"  data-split-text=\"true\" data-split-options='{\"type\":\"words\"}'> Symposiums<\/h2>\t\t<\/div>\n\n\t\t\t\t\t\t<\/div>\n\t\t\t\t<\/div>\n\t\t\t\t<div class=\"elementor-element elementor-element-4ed38b5 elementor-widget elementor-widget-text-editor\" data-id=\"4ed38b5\" data-element_type=\"widget\" data-e-type=\"widget\" data-widget_type=\"text-editor.default\">\n\t\t\t\t\t\t\t\t\t<p><strong>CRITERIA:<\/strong><\/p><ul><li>The period for the application will be from March 20 to July 06, 2026 and will be carried out through the platform: <a href=\"https:\/\/www5.shocklogic.com\/scripts\/jmevent\/Abstract.asp?Client_Id=%27COCE%27&amp;Project_Id=%2727002%27&amp;System_Id=1\">click here<\/a><\/li><li>The symposiums must be aligned with the thematic areas of the Congress.<\/li><li>They will be in charge of two coordinators from different countries, preferably prioritizing gender equity.<\/li><li>Only a symposium can be coordinated. The coordinators must decide and, where appropriate, accept the proposals of the participants, apply the alignment criteria with the established thematic areas and set rules for the presentation of the admitted works. It is requested to adhere to the program and the assigned times, approve the publication of the Memoirs Book and, if necessary, get a sponsorship for their respective symposia. We recommend that the participants of the symposiums favor the participation of different affiliations and geographical areas.<\/li><li>The Organizing Committee will be respectful of other forms of symposia that have been held at previous conferences or that wish to carry out a new tradition of work. These and those must be exposed in a timely manner.<\/li><li>The Organizing Committee will respect other forms of symposia that have been held at previous congresses or that wish to establish a new working tradition. These should be presented in due course.<\/li><li>There are symposia that can be proposed complete with their respective speakers. Keep in mind that each one must register individually on the platform once the symposium is approved by the area coordinators.<\/li><li>When their symposium proposals have been admitted, participants will have 90 days to pay their registration fee.<\/li><li>A participant can present, at most, two presentations in different symposia.<\/li><li>The organizers of the 59th ICA will disseminate information on the symposia approved in a timely manner and sufficiently in advance regarding the dates scheduled for the Congress. Likewise, they will provide the physical space, audiovisual and technical equipment in the classrooms assigned for each symposium. They will have logistical support.<\/li><\/ul><p><strong>Basic information required:<\/strong><\/p><ul><li>names and surnames of the coordinators<\/li><li>email address<\/li><li>Institution to which they belong<\/li><li>Brief overview of the curriculum, no more than 250 words<\/li><li>Symposium title<\/li><li>Summary of 500 words maximum<\/li><li>5 keywords<\/li><li>Language<\/li><\/ul>\t\t\t\t\t\t\t\t<\/div>\n\t\t\t\t<div class=\"elementor-element elementor-element-17ded51 elementor-widget elementor-widget-hub_fancy_heading lqd-el-has-inner-anim\" data-id=\"17ded51\" data-element_type=\"widget\" data-e-type=\"widget\" data-settings=\"{&quot;enable_split&quot;:&quot;true&quot;,&quot;split_type&quot;:&quot;words&quot;}\" data-widget_type=\"hub_fancy_heading.default\">\n\t\t\t\t<div class=\"elementor-widget-container\">\n\t\t\t\t\t\n\t\t<div id=\"ld-fancy-heading-69e6410678849\" class=\"ld-fancy-heading pos-rel\">\n\t\t\t<h2 class=\"ld-fh-element d-inline-block pos-rel  elementor-heading-title lqd-highlight-classic lqd-highlight-grow-left lqd-split-words h2\"  data-split-text=\"true\" data-split-options='{\"type\":\"words\"}'> <br>individual presentations<\/h2>\t\t<\/div>\n\n\t\t\t\t\t\t<\/div>\n\t\t\t\t<\/div>\n\t\t\t\t<div class=\"elementor-element elementor-element-8bade51 elementor-widget elementor-widget-text-editor\" data-id=\"8bade51\" data-element_type=\"widget\" data-e-type=\"widget\" data-widget_type=\"text-editor.default\">\n\t\t\t\t\t\t\t\t\t<p>The call for presentations will be open from August 3 to December 31, 2026.<\/p><p><strong>CRITERIA:<\/strong><\/p><ul><li>They must be presented in accordance with the related symposia in each area.<\/li><li>A participant can present, at most, two presentations in different symposia.<\/li><li>At most, two people will be presented per presentation and they must register individually on the platform.<\/li><\/ul><p> <\/p><p><strong>Basic information required:<\/strong><\/p><ul><li class=\"s52\">names and surnames<\/li><li class=\"s52\">Country<\/li><li class=\"s52\">City<\/li><li class=\"s52\">Institutional affiliation<\/li><li class=\"s52\">level of schooling<\/li><li class=\"s52\">Email<\/li><li class=\"s52\">ORCID (optional)<\/li><li class=\"s52\">Brief overview of the curriculum, no higher 250 words<\/li><li class=\"s52\">Summary between 200 and 300 words<\/li><li class=\"s52\">5 keywords. It is suggested to use thesauri<\/li><li class=\"s52\">Language<\/li><\/ul>\t\t\t\t\t\t\t\t<\/div>\n\t\t\t\t<\/div>\n\t\t\t\t\t<\/div>\n\t\t\t\t<\/div>\n\t\t\t\t<\/div>\n\t\t","protected":false},"excerpt":{"rendered":"<p>According to the thematic areas, we invite people interested in proposing symposia. Symposiums CRITERIA: The period for the application will be from March 20 to July 06, 2026 and will be carried out through the platform: click here The symposiums must be aligned with the thematic areas of the Congress. They will be in charge [&hellip;]<\/p>\n","protected":false},"author":1,"featured_media":0,"parent":8964,"menu_order":0,"comment_status":"closed","ping_status":"closed","template":"","meta":{"inline_featured_image":false,"footnotes":""},"class_list":["post-9039","page","type-page","status-publish","hentry"],"yoast_head":"<!-- This site is optimized with the Yoast SEO plugin v27.4 - https:\/\/yoast.com\/product\/yoast-seo-wordpress\/ -->\n<title>Symposiums And Individual Presentations - 59\u00ba Congreso Internacional de Americanistas<\/title>\n<meta name=\"robots\" content=\"index, follow, max-snippet:-1, max-image-preview:large, max-video-preview:-1\" \/>\n<link rel=\"canonical\" href=\"https:\/\/congresoica.org\/en\/home\/symposiums-and-individual-presentations\/\" \/>\n<meta property=\"og:locale\" content=\"en_US\" \/>\n<meta property=\"og:type\" content=\"article\" \/>\n<meta property=\"og:title\" content=\"Symposiums And Individual Presentations - 59\u00ba Congreso Internacional de Americanistas\" \/>\n<meta property=\"og:description\" content=\"According to the thematic areas, we invite people interested in proposing symposia. Symposiums CRITERIA: The period for the application will be from March 20 to July 06, 2026 and will be carried out through the platform: click here The symposiums must be aligned with the thematic areas of the Congress. They will be in charge [&hellip;]\" \/>\n<meta property=\"og:url\" content=\"https:\/\/congresoica.org\/en\/home\/symposiums-and-individual-presentations\/\" \/>\n<meta property=\"og:site_name\" content=\"59\u00ba Congreso Internacional de Americanistas\" \/>\n<meta property=\"article:modified_time\" content=\"2026-03-21T17:31:49+00:00\" \/>\n<meta name=\"twitter:card\" content=\"summary_large_image\" \/>\n<meta name=\"twitter:label1\" content=\"Est. reading time\" \/>\n\t<meta name=\"twitter:data1\" content=\"1 minute\" \/>\n<script type=\"application\/ld+json\" class=\"yoast-schema-graph\">{\"@context\":\"https:\\\/\\\/schema.org\",\"@graph\":[{\"@type\":\"WebPage\",\"@id\":\"https:\\\/\\\/congresoica.org\\\/en\\\/home\\\/symposiums-and-individual-presentations\\\/\",\"url\":\"https:\\\/\\\/congresoica.org\\\/en\\\/home\\\/symposiums-and-individual-presentations\\\/\",\"name\":\"Symposiums And Individual Presentations - 59\u00ba Congreso Internacional de Americanistas\",\"isPartOf\":{\"@id\":\"https:\\\/\\\/congresoica.org\\\/#website\"},\"datePublished\":\"2026-02-26T02:16:22+00:00\",\"dateModified\":\"2026-03-21T17:31:49+00:00\",\"breadcrumb\":{\"@id\":\"https:\\\/\\\/congresoica.org\\\/en\\\/home\\\/symposiums-and-individual-presentations\\\/#breadcrumb\"},\"inLanguage\":\"en-US\",\"potentialAction\":[{\"@type\":\"ReadAction\",\"target\":[\"https:\\\/\\\/congresoica.org\\\/en\\\/home\\\/symposiums-and-individual-presentations\\\/\"]}]},{\"@type\":\"BreadcrumbList\",\"@id\":\"https:\\\/\\\/congresoica.org\\\/en\\\/home\\\/symposiums-and-individual-presentations\\\/#breadcrumb\",\"itemListElement\":[{\"@type\":\"ListItem\",\"position\":1,\"name\":\"Inicio\",\"item\":\"https:\\\/\\\/congresoica.org\\\/en\\\/\"},{\"@type\":\"ListItem\",\"position\":2,\"name\":\"Home\",\"item\":\"https:\\\/\\\/congresoica.org\\\/en\\\/\"},{\"@type\":\"ListItem\",\"position\":3,\"name\":\"Symposiums And Individual Presentations\"}]},{\"@type\":\"WebSite\",\"@id\":\"https:\\\/\\\/congresoica.org\\\/#website\",\"url\":\"https:\\\/\\\/congresoica.org\\\/\",\"name\":\"59\u00ba Congreso Internacional de Americanistas\",\"description\":\"Del 5 al 9 de julio de 2027 en Medell\u00edn (UPB). Tradici\u00f3n e innovaci\u00f3n: las memorias de las Am\u00e9ricas. \u00c1reas tem\u00e1ticas, simposios, ponencias, mesas redondas y m\u00e1s.\",\"potentialAction\":[{\"@type\":\"SearchAction\",\"target\":{\"@type\":\"EntryPoint\",\"urlTemplate\":\"https:\\\/\\\/congresoica.org\\\/?s={search_term_string}\"},\"query-input\":{\"@type\":\"PropertyValueSpecification\",\"valueRequired\":true,\"valueName\":\"search_term_string\"}}],\"inLanguage\":\"en-US\"}]}<\/script>\n<!-- \/ Yoast SEO plugin. -->","yoast_head_json":{"title":"Symposiums And Individual Presentations - 59\u00ba Congreso Internacional de Americanistas","robots":{"index":"index","follow":"follow","max-snippet":"max-snippet:-1","max-image-preview":"max-image-preview:large","max-video-preview":"max-video-preview:-1"},"canonical":"https:\/\/congresoica.org\/en\/home\/symposiums-and-individual-presentations\/","og_locale":"en_US","og_type":"article","og_title":"Symposiums And Individual Presentations - 59\u00ba Congreso Internacional de Americanistas","og_description":"According to the thematic areas, we invite people interested in proposing symposia. Symposiums CRITERIA: The period for the application will be from March 20 to July 06, 2026 and will be carried out through the platform: click here The symposiums must be aligned with the thematic areas of the Congress. They will be in charge [&hellip;]","og_url":"https:\/\/congresoica.org\/en\/home\/symposiums-and-individual-presentations\/","og_site_name":"59\u00ba Congreso Internacional de Americanistas","article_modified_time":"2026-03-21T17:31:49+00:00","twitter_card":"summary_large_image","twitter_misc":{"Est. reading time":"1 minute"},"schema":{"@context":"https:\/\/schema.org","@graph":[{"@type":"WebPage","@id":"https:\/\/congresoica.org\/en\/home\/symposiums-and-individual-presentations\/","url":"https:\/\/congresoica.org\/en\/home\/symposiums-and-individual-presentations\/","name":"Symposiums And Individual Presentations - 59\u00ba Congreso Internacional de Americanistas","isPartOf":{"@id":"https:\/\/congresoica.org\/#website"},"datePublished":"2026-02-26T02:16:22+00:00","dateModified":"2026-03-21T17:31:49+00:00","breadcrumb":{"@id":"https:\/\/congresoica.org\/en\/home\/symposiums-and-individual-presentations\/#breadcrumb"},"inLanguage":"en-US","potentialAction":[{"@type":"ReadAction","target":["https:\/\/congresoica.org\/en\/home\/symposiums-and-individual-presentations\/"]}]},{"@type":"BreadcrumbList","@id":"https:\/\/congresoica.org\/en\/home\/symposiums-and-individual-presentations\/#breadcrumb","itemListElement":[{"@type":"ListItem","position":1,"name":"Inicio","item":"https:\/\/congresoica.org\/en\/"},{"@type":"ListItem","position":2,"name":"Home","item":"https:\/\/congresoica.org\/en\/"},{"@type":"ListItem","position":3,"name":"Symposiums And Individual Presentations"}]},{"@type":"WebSite","@id":"https:\/\/congresoica.org\/#website","url":"https:\/\/congresoica.org\/","name":"59\u00ba Congreso Internacional de Americanistas","description":"Del 5 al 9 de julio de 2027 en Medell\u00edn (UPB). Tradici\u00f3n e innovaci\u00f3n: las memorias de las Am\u00e9ricas. \u00c1reas tem\u00e1ticas, simposios, ponencias, mesas redondas y m\u00e1s.","potentialAction":[{"@type":"SearchAction","target":{"@type":"EntryPoint","urlTemplate":"https:\/\/congresoica.org\/?s={search_term_string}"},"query-input":{"@type":"PropertyValueSpecification","valueRequired":true,"valueName":"search_term_string"}}],"inLanguage":"en-US"}]}},"_links":{"self":[{"href":"https:\/\/congresoica.org\/en\/wp-json\/wp\/v2\/pages\/9039","targetHints":{"allow":["GET"]}}],"collection":[{"href":"https:\/\/congresoica.org\/en\/wp-json\/wp\/v2\/pages"}],"about":[{"href":"https:\/\/congresoica.org\/en\/wp-json\/wp\/v2\/types\/page"}],"author":[{"embeddable":true,"href":"https:\/\/congresoica.org\/en\/wp-json\/wp\/v2\/users\/1"}],"replies":[{"embeddable":true,"href":"https:\/\/congresoica.org\/en\/wp-json\/wp\/v2\/comments?post=9039"}],"version-history":[{"count":4,"href":"https:\/\/congresoica.org\/en\/wp-json\/wp\/v2\/pages\/9039\/revisions"}],"predecessor-version":[{"id":9163,"href":"https:\/\/congresoica.org\/en\/wp-json\/wp\/v2\/pages\/9039\/revisions\/9163"}],"up":[{"embeddable":true,"href":"https:\/\/congresoica.org\/en\/wp-json\/wp\/v2\/pages\/8964"}],"wp:attachment":[{"href":"https:\/\/congresoica.org\/en\/wp-json\/wp\/v2\/media?parent=9039"}],"curies":[{"name":"wp","href":"https:\/\/api.w.org\/{rel}","templated":true}]}}