{"id":9037,"date":"2026-02-25T20:54:32","date_gmt":"2026-02-26T01:54:32","guid":{"rendered":"https:\/\/congresoica.org\/home\/headquarters\/"},"modified":"2026-03-18T13:33:19","modified_gmt":"2026-03-18T18:33:19","slug":"headquarters","status":"publish","type":"page","link":"https:\/\/congresoica.org\/en\/home\/headquarters\/","title":{"rendered":"Headquarters"},"content":{"rendered":"\t\t<div data-elementor-type=\"wp-page\" data-elementor-id=\"9037\" class=\"elementor elementor-9037 elementor-7678\" data-elementor-post-type=\"page\">\n\t\t\t\t<div class=\"elementor-element elementor-element-aa02d7d e-flex e-con-boxed e-con e-parent\" data-id=\"aa02d7d\" data-element_type=\"container\" data-e-type=\"container\" data-settings=\"{&quot;background_background&quot;:&quot;classic&quot;,&quot;shape_divider_bottom&quot;:&quot;lqd-custom-shape-8&quot;}\">\n\t\t\t\t\t<div class=\"e-con-inner\">\n\t\t\t\t<div class=\"elementor-shape elementor-shape-bottom\" aria-hidden=\"true\" data-negative=\"false\">\n\t\t\t<svg class=\"lqd-custom-shape\" xmlns=\"http:\/\/www.w3.org\/2000\/svg\" viewBox=\"0 0 1440 100\" preserveAspectRatio=\"none\">\n    <path class=\"elementor-shape-fill\" id=\"Row_Separator\" data-name=\"Row Separator\" d=\"M1440,0Q1080,99,720,99T0,0V100H1440Z\" \/>\n<\/svg>\t\t<\/div>\n\t\t\t\t<div class=\"elementor-element elementor-element-debadc2 elementor-widget elementor-widget-hub_fancy_heading\" data-id=\"debadc2\" data-element_type=\"widget\" data-e-type=\"widget\" data-widget_type=\"hub_fancy_heading.default\">\n\t\t\t\t<div class=\"elementor-widget-container\">\n\t\t\t\t\t\n\t\t<div id=\"ld-fancy-heading-69e6533bdb121\" class=\"ld-fancy-heading pos-rel\">\n\t\t\t\t\t<\/div>\n\n\t\t\t\t\t\t<\/div>\n\t\t\t\t<\/div>\n\t\t\t\t\t<\/div>\n\t\t\t\t<\/div>\n\t\t<div class=\"elementor-element elementor-element-81a5117 e-flex e-con-boxed e-con e-parent\" data-id=\"81a5117\" data-element_type=\"container\" data-e-type=\"container\" data-settings=\"{&quot;background_background&quot;:&quot;classic&quot;}\">\n\t\t\t\t\t<div class=\"e-con-inner\">\n\t\t<div class=\"elementor-element elementor-element-02b5f55 e-con-full e-flex e-con e-child\" data-id=\"02b5f55\" data-element_type=\"container\" data-e-type=\"container\">\n\t\t\t\t<div class=\"elementor-element elementor-element-2da4db5 elementor-widget elementor-widget-ld_fancy_image\" data-id=\"2da4db5\" data-element_type=\"widget\" data-e-type=\"widget\" data-widget_type=\"ld_fancy_image.default\">\n\t\t\t\t<div class=\"elementor-widget-container\">\n\t\t\t\t\t\n\t\t<div class=\"lqd-imggrp-single d-block pos-rel \" data-shadow-style=\"4\">\n\t\t\t<div class=\"lqd-imggrp-img-container d-inline-flex pos-rel align-items-center justify-content-center \">\n\t\t\t\t\t\t\t\t<figure class=\"w-100 pos-rel\">\n\t\t\t\t\t<img fetchpriority=\"high\" decoding=\"async\" width=\"1280\" height=\"852\" src=\"https:\/\/congresoica.org\/wp-content\/uploads\/2026\/02\/WhatsApp-Image-2021-12-15-at-4.44.37-PM.jpeg\" class=\"attachment-full size-full wp-image-7828\" alt=\"\" srcset=\"https:\/\/congresoica.org\/wp-content\/uploads\/2026\/02\/WhatsApp-Image-2021-12-15-at-4.44.37-PM.jpeg 1280w, https:\/\/congresoica.org\/wp-content\/uploads\/2026\/02\/WhatsApp-Image-2021-12-15-at-4.44.37-PM-300x200.jpeg 300w, https:\/\/congresoica.org\/wp-content\/uploads\/2026\/02\/WhatsApp-Image-2021-12-15-at-4.44.37-PM-1024x682.jpeg 1024w, https:\/\/congresoica.org\/wp-content\/uploads\/2026\/02\/WhatsApp-Image-2021-12-15-at-4.44.37-PM-720x480.jpeg 720w\" sizes=\"(max-width: 1280px) 100vw, 1280px\" itemprop=\"image\" \/>\t\t\t\t\t\t\t\t\t\t\t\t\t\t\t\t\t\t\t\t\t\t\t\t\t\t\t\t\t<\/figure>\n\t\t\t<\/div>\n\t\t<\/div>\n\n\t\t\t\t\t<\/div>\n\t\t\t\t<\/div>\n\t\t\t\t<\/div>\n\t\t<div class=\"elementor-element elementor-element-1502d11 e-con-full e-flex e-con e-child\" data-id=\"1502d11\" data-element_type=\"container\" data-e-type=\"container\">\n\t\t\t\t<div class=\"elementor-element elementor-element-1318606 elementor-widget elementor-widget-hub_fancy_heading lqd-el-has-inner-anim\" data-id=\"1318606\" data-element_type=\"widget\" data-e-type=\"widget\" data-settings=\"{&quot;enable_split&quot;:&quot;true&quot;,&quot;split_type&quot;:&quot;words&quot;}\" data-widget_type=\"hub_fancy_heading.default\">\n\t\t\t\t<div class=\"elementor-widget-container\">\n\t\t\t\t\t\n\t\t<div id=\"ld-fancy-heading-69e6533bdda9b\" class=\"ld-fancy-heading pos-rel\">\n\t\t\t<h2 class=\"ld-fh-element d-inline-block pos-rel  elementor-heading-title lqd-highlight-classic lqd-highlight-grow-left lqd-split-words h2\"  data-split-text=\"true\" data-split-options='{\"type\":\"words\"}'> Campus UPB in Laureles: accessible, cultural and close to everything<\/h2>\t\t<\/div>\n\n\t\t\t\t\t\t<\/div>\n\t\t\t\t<\/div>\n\t\t\t\t<div class=\"elementor-element elementor-element-ff7067b elementor-widget elementor-widget-hub_fancy_heading\" data-id=\"ff7067b\" data-element_type=\"widget\" data-e-type=\"widget\" data-widget_type=\"hub_fancy_heading.default\">\n\t\t\t\t<div class=\"elementor-widget-container\">\n\t\t\t\t\t\n\t\t<div id=\"ld-fancy-heading-69e6533bde44c\" class=\"ld-fancy-heading pos-rel\">\n\t\t\t<p class=\"ld-fh-element d-inline-block pos-rel  lqd-highlight-classic lqd-highlight-grow-left p\"  > The congress will take place at the main campus of the UPB (Circular 1 #70-01), located in the heart of the Laureles neighborhood. This is located in a residential sector, west of Medellin. It has a semicircular urban design that, thanks to its accessibility and attractive urban context, offers an optimal environment for international events. Laureles stands out for its high quality of life and for having a representative number of parks for recreation and abundant hotel and gastronomic offer a few meters away from the UPB campus. This diversity will allow congress attendees to enjoy breakfasts, lunches or dinners without long trips and without moving away from a pleasant cultural experience. <br><br>\nThe Integrated Transportation System of the Aburr\u00e1 Valley connects directly to the UPB with the Metro, Metropl\u00fas, Metrocables and buses, which arrive very close (Atanasio Girardot Stadium) or, some, to the gates of the campus from the center of the city. This efficiency reduces travel times and costs. <br><br>\nFrom the UPB you reach the Jos\u00e9 Mar\u00eda C\u00f3rdova International Airport (MDE) in Rionegro through the Oriente tunnel in 35 minutes, by taxi or bus (about 25.4 km); While Olaya Herrera Airport (National) is 5 minutes away. This proximity minimizes travel times and facilitates arrival.<\/p>\t\t<\/div>\n\n\t\t\t\t\t\t<\/div>\n\t\t\t\t<\/div>\n\t\t\t\t<\/div>\n\t\t\t\t\t<\/div>\n\t\t\t\t<\/div>\n\t\t<div class=\"elementor-element elementor-element-cbed4da e-flex e-con-boxed e-con e-parent\" data-id=\"cbed4da\" data-element_type=\"container\" data-e-type=\"container\">\n\t\t\t\t\t<div class=\"e-con-inner\">\n\t\t\t\t<div class=\"elementor-element elementor-element-d343fb0 elementor-widget elementor-widget-html\" data-id=\"d343fb0\" data-element_type=\"widget\" data-e-type=\"widget\" data-widget_type=\"html.default\">\n\t\t\t\t\t<iframe src=\"https:\/\/www.google.com\/maps\/embed?pb=!1m18!1m12!1m3!1d3966.163888156746!2d-75.5895362!3d6.242120300000001!2m3!1f0!2f0!3f0!3m2!1i1024!2i768!4f13.1!3m3!1m2!1s0x8e4429a449e65a5f%3A0x8a72a6aa16e8819f!2sUniversidad%20Pontificia%20Bolivariana!5e0!3m2!1ses-419!2sco!4v1773687692529!5m2!1ses-419!2sco\" width=\"600\" height=\"450\" style=\"border:0;\" allowfullscreen=\"\" loading=\"lazy\" referrerpolicy=\"no-referrer-when-downgrade\"><\/iframe>\t\t\t\t<\/div>\n\t\t\t\t\t<\/div>\n\t\t\t\t<\/div>\n\t\t<div class=\"elementor-element elementor-element-782220f e-flex e-con-boxed e-con e-parent\" data-id=\"782220f\" data-element_type=\"container\" data-e-type=\"container\" data-settings=\"{&quot;background_background&quot;:&quot;classic&quot;}\">\n\t\t\t\t\t<div class=\"e-con-inner\">\n\t\t<div class=\"elementor-element elementor-element-f9c41a4 e-con-full e-flex e-con e-child\" data-id=\"f9c41a4\" data-element_type=\"container\" data-e-type=\"container\">\n\t\t<div class=\"elementor-element elementor-element-4e365cb e-con-full e-flex e-con e-child\" data-id=\"4e365cb\" data-element_type=\"container\" data-e-type=\"container\">\n\t\t\t\t<div class=\"elementor-element elementor-element-e747982 elementor-widget elementor-widget-ld_button\" data-id=\"e747982\" data-element_type=\"widget\" data-e-type=\"widget\" data-widget_type=\"ld_button.default\">\n\t\t\t\t<div class=\"elementor-widget-container\">\n\t\t\t\t\t\n\t\t\t<a\n\t\t\t\thref=\"https:\/\/congresoica.org\/wp-content\/uploads\/2026\/03\/WhatsApp-Video-2026-03-16-at-14.34.08.mp4\"class=\"elementor-button btn btn-solid btn-custom-size fresco btn-icon-right btn-no-label\"\t\t\t>\n\t\t\t\t\t\t\t\t\t\t\t\t\t\t<span class=\"btn-icon\">\n\t\t\t\t\t\t\t<svg aria-hidden=\"true\" class=\"e-font-icon-svg e-fas-play\" viewBox=\"0 0 448 512\" xmlns=\"http:\/\/www.w3.org\/2000\/svg\"><path d=\"M424.4 214.7L72.4 6.6C43.8-10.3 0 6.1 0 47.9V464c0 37.5 40.7 60.1 72.4 41.3l352-208c31.4-18.5 31.5-64.1 0-82.6z\"><\/path><\/svg>\t\t\t\t\t\t<\/span>\n\t\t\t\t\t\t\t\t\t<\/a>\n\t\t\t\t\t\t\t<\/div>\n\t\t\t\t<\/div>\n\t\t\t\t<div class=\"elementor-element elementor-element-b9db377 elementor-widget elementor-widget-ld_fancy_image\" data-id=\"b9db377\" data-element_type=\"widget\" data-e-type=\"widget\" data-widget_type=\"ld_fancy_image.default\">\n\t\t\t\t<div class=\"elementor-widget-container\">\n\t\t\t\t\t\n\t\t<div class=\"lqd-imggrp-single d-block pos-rel \" data-shadow-style=\"4\">\n\t\t\t<div class=\"lqd-imggrp-img-container d-inline-flex pos-rel align-items-center justify-content-center \">\n\t\t\t\t\t\t\t\t<figure class=\"w-100 pos-rel\">\n\t\t\t\t\t<img decoding=\"async\" width=\"1200\" height=\"675\" src=\"data:image\/svg+xml;charset=utf-8,%3Csvg xmlns%3D&#039;http%3A%2F%2Fwww.w3.org%2F2000%2Fsvg&#039; viewBox%3D&#039;0 0 1200 675&#039;%2F%3E\" class=\"attachment-full size-full wp-image-7861 ld-lazyload\" alt=\"\" itemprop=\"image\" data-src=\"https:\/\/congresoica.org\/wp-content\/uploads\/2026\/03\/medellin-primer-distrito-ciencia-tecnologia.jpg\" data-srcset=\"https:\/\/congresoica.org\/wp-content\/uploads\/2026\/03\/medellin-primer-distrito-ciencia-tecnologia.jpg 1200w, https:\/\/congresoica.org\/wp-content\/uploads\/2026\/03\/medellin-primer-distrito-ciencia-tecnologia-300x169.jpg 300w, https:\/\/congresoica.org\/wp-content\/uploads\/2026\/03\/medellin-primer-distrito-ciencia-tecnologia-1024x576.jpg 1024w\" data-sizes=\"(max-width: 1200px) 100vw, 1200px\" data-aspect=\"1.7777777777778\" \/>\t\t\t\t\t\t\t\t\t\t\t\t\t\t\t\t\t\t\t\t\t\t\t\t\t\t\t\t\t<\/figure>\n\t\t\t<\/div>\n\t\t<\/div>\n\n\t\t\t\t\t<\/div>\n\t\t\t\t<\/div>\n\t\t\t\t<\/div>\n\t\t\t\t<div class=\"elementor-element elementor-element-27400e5 elementor-hidden-mobile elementor-widget elementor-widget-ld_fancy_image\" data-id=\"27400e5\" data-element_type=\"widget\" data-e-type=\"widget\" data-widget_type=\"ld_fancy_image.default\">\n\t\t\t\t<div class=\"elementor-widget-container\">\n\t\t\t\t\t\n\t\t<div class=\"lqd-imggrp-single d-block pos-rel \" data-shadow-style=\"4\">\n\t\t\t<div class=\"lqd-imggrp-img-container d-inline-flex pos-rel align-items-center justify-content-center \">\n\t\t\t\t\t\t\t\t<figure class=\"w-100 pos-rel\">\n\t\t\t\t\t<img decoding=\"async\" width=\"4000\" height=\"2250\" src=\"data:image\/svg+xml;charset=utf-8,%3Csvg xmlns%3D&#039;http%3A%2F%2Fwww.w3.org%2F2000%2Fsvg&#039; viewBox%3D&#039;0 0 4000 2250&#039;%2F%3E\" class=\"attachment-full size-full wp-image-7862 ld-lazyload\" alt=\"\" itemprop=\"image\" data-src=\"https:\/\/congresoica.org\/wp-content\/uploads\/2026\/03\/informe-tributario-del-distrito-de-ciencia-tecnologia-e-innovacion-de-medellin.png\" data-srcset=\"https:\/\/congresoica.org\/wp-content\/uploads\/2026\/03\/informe-tributario-del-distrito-de-ciencia-tecnologia-e-innovacion-de-medellin.png 4000w, https:\/\/congresoica.org\/wp-content\/uploads\/2026\/03\/informe-tributario-del-distrito-de-ciencia-tecnologia-e-innovacion-de-medellin-300x169.png 300w, https:\/\/congresoica.org\/wp-content\/uploads\/2026\/03\/informe-tributario-del-distrito-de-ciencia-tecnologia-e-innovacion-de-medellin-1024x576.png 1024w, https:\/\/congresoica.org\/wp-content\/uploads\/2026\/03\/informe-tributario-del-distrito-de-ciencia-tecnologia-e-innovacion-de-medellin-1536x864.png 1536w, https:\/\/congresoica.org\/wp-content\/uploads\/2026\/03\/informe-tributario-del-distrito-de-ciencia-tecnologia-e-innovacion-de-medellin-2048x1152.png 2048w\" data-sizes=\"(max-width: 4000px) 100vw, 4000px\" data-aspect=\"1.7777777777778\" \/>\t\t\t\t\t\t\t\t\t\t\t\t\t\t\t\t\t\t\t\t\t\t\t\t\t\t\t\t\t<\/figure>\n\t\t\t<\/div>\n\t\t<\/div>\n\n\t\t\t\t\t<\/div>\n\t\t\t\t<\/div>\n\t\t\t\t<\/div>\n\t\t<div class=\"elementor-element elementor-element-5bce29b e-con-full e-flex e-con e-child\" data-id=\"5bce29b\" data-element_type=\"container\" data-e-type=\"container\">\n\t\t\t\t<div class=\"elementor-element elementor-element-c263083 elementor-widget elementor-widget-hub_fancy_heading lqd-el-has-inner-anim\" data-id=\"c263083\" data-element_type=\"widget\" data-e-type=\"widget\" data-settings=\"{&quot;enable_split&quot;:&quot;true&quot;,&quot;split_type&quot;:&quot;words&quot;}\" data-widget_type=\"hub_fancy_heading.default\">\n\t\t\t\t<div class=\"elementor-widget-container\">\n\t\t\t\t\t\n\t\t<div id=\"ld-fancy-heading-69e6533d72e3d\" class=\"ld-fancy-heading pos-rel\">\n\t\t\t<h2 class=\"ld-fh-element d-inline-block pos-rel  elementor-heading-title lqd-highlight-classic lqd-highlight-grow-left lqd-split-words h2\"  data-split-text=\"true\" data-split-options='{\"type\":\"words\"}'> Medellin Science, Technology and Innovation District<\/h2>\t\t<\/div>\n\n\t\t\t\t\t\t<\/div>\n\t\t\t\t<\/div>\n\t\t\t\t<div class=\"elementor-element elementor-element-4269d84 elementor-widget elementor-widget-hub_fancy_heading\" data-id=\"4269d84\" data-element_type=\"widget\" data-e-type=\"widget\" data-widget_type=\"hub_fancy_heading.default\">\n\t\t\t\t<div class=\"elementor-widget-container\">\n\t\t\t\t\t\n\t\t<div id=\"ld-fancy-heading-69e6533d73e96\" class=\"ld-fancy-heading pos-rel\">\n\t\t\t<p class=\"ld-fh-element d-inline-block pos-rel  lqd-highlight-classic lqd-highlight-grow-left p\"  > In the heart of a narrow valley, surrounded by imposing mountains, is Medell\u00edn, a city in Colombia that went through the complex challenges of a society stigmatized by violence, poverty and uncertainty. Medell\u00edn dared to look at his reality bravely and managed to reinvent himself; In addition to not staying in the shadows, a silent revolution began, woven from the neighborhoods, the communes, the universities and the laboratories. This is how community projects were born, thought centers flourished and cables were laid over the mountains. The city itself became a classroom, a gallery, a laboratory and a stage for life. <br><br>\n \n\nToday, Medell\u00edn is not only the capital of Antioquia. It is the Latin American innovation hub, recognized by the IDB as the most innovative city on the continent until it surpasses giants such as New York or Tel Aviv. Medell\u00edn, despite everything, would not be what it is without its living culture. <br><br>\n \n\nMedell\u00edn is a pioneer in sustainable mobility: we were the first city in Colombia with Metro; Then came the Metrocable, the tram and the electric buses that are part of our metro culture, which teaches respect, civility and urban pride. <br><br>\n \n\nAnd what about education and research? We have more than 40 higher education institutions and world-class programs. Here the ideas, the academy and the seeds of innovation flourish. Universities, research centers, scientists and entrepreneurs work together to solve the challenges of the future. \n<br><br> \n\nMedell\u00edn, despite everything, would not be what it is without its living culture. Examples of this are the silleteros, who year after year proudly carry the saddles that tell stories with flowers, a symbol of resistance, love and tradition. Also the Flower Fair, with its parade of silleteros, is a tribute to the peasant soul of Santa Elena and the most beautiful ephemeral art in the world. \n<br><br> \n\nWe are recognized as a leading destination for events and meetings in Colombia and Latin America. In Medell\u00edn not only congresses are held, experiences are lived here! This city has hosted global summits, scientific meetings, creativity fairs, inclusion forums and more. Compared to others in the country, Medell\u00edn stands out for its intelligent urban planning, its spring climate all year round, its friendly, hard-working and resilient people, and its ability to turn each challenge into an opportunity. \n<br><br> \n\nIn Medell\u00edn everything flourishes: ideas, business, art, science and, above all, hope. Because if we know how to do the country, it is to get ahead with creativity and with a deep love for the land. \n<br><br> \n\nWelcome to Medell\u00edn, the city that reinvented itself; That inspires the world and that welcomes you with open arms at this International Congress of Americanists! <\/p>\t\t<\/div>\n\n\t\t\t\t\t\t<\/div>\n\t\t\t\t<\/div>\n\t\t\t\t<\/div>\n\t\t\t\t\t<\/div>\n\t\t\t\t<\/div>\n\t\t\t\t<\/div>\n\t\t","protected":false},"excerpt":{"rendered":"<p>Campus UPB in Laureles: accessible, cultural and close to everything The congress will take place at the main campus of the UPB (Circular 1 #70-01), located in the heart of the Laureles neighborhood. This is located in a residential sector, west of Medellin. It has a semicircular urban design that, thanks to its accessibility and [&hellip;]<\/p>\n","protected":false},"author":1,"featured_media":0,"parent":8964,"menu_order":0,"comment_status":"closed","ping_status":"closed","template":"","meta":{"inline_featured_image":false,"footnotes":""},"class_list":["post-9037","page","type-page","status-publish","hentry"],"yoast_head":"<!-- This site is optimized with the Yoast SEO plugin v27.4 - https:\/\/yoast.com\/product\/yoast-seo-wordpress\/ -->\n<title>Headquarters - 59\u00ba Congreso Internacional de Americanistas<\/title>\n<meta name=\"robots\" content=\"index, follow, max-snippet:-1, max-image-preview:large, max-video-preview:-1\" \/>\n<link rel=\"canonical\" href=\"https:\/\/congresoica.org\/en\/home\/headquarters\/\" \/>\n<meta property=\"og:locale\" content=\"en_US\" \/>\n<meta property=\"og:type\" content=\"article\" \/>\n<meta property=\"og:title\" content=\"Headquarters - 59\u00ba Congreso Internacional de Americanistas\" \/>\n<meta property=\"og:description\" content=\"Campus UPB in Laureles: accessible, cultural and close to everything The congress will take place at the main campus of the UPB (Circular 1 #70-01), located in the heart of the Laureles neighborhood. This is located in a residential sector, west of Medellin. It has a semicircular urban design that, thanks to its accessibility and [&hellip;]\" \/>\n<meta property=\"og:url\" content=\"https:\/\/congresoica.org\/en\/home\/headquarters\/\" \/>\n<meta property=\"og:site_name\" content=\"59\u00ba Congreso Internacional de Americanistas\" \/>\n<meta property=\"article:modified_time\" content=\"2026-03-18T18:33:19+00:00\" \/>\n<meta name=\"twitter:card\" content=\"summary_large_image\" \/>\n<meta name=\"twitter:label1\" content=\"Est. reading time\" \/>\n\t<meta name=\"twitter:data1\" content=\"3 minutes\" \/>\n<script type=\"application\/ld+json\" class=\"yoast-schema-graph\">{\"@context\":\"https:\\\/\\\/schema.org\",\"@graph\":[{\"@type\":\"WebPage\",\"@id\":\"https:\\\/\\\/congresoica.org\\\/en\\\/home\\\/headquarters\\\/\",\"url\":\"https:\\\/\\\/congresoica.org\\\/en\\\/home\\\/headquarters\\\/\",\"name\":\"Headquarters - 59\u00ba Congreso Internacional de Americanistas\",\"isPartOf\":{\"@id\":\"https:\\\/\\\/congresoica.org\\\/#website\"},\"datePublished\":\"2026-02-26T01:54:32+00:00\",\"dateModified\":\"2026-03-18T18:33:19+00:00\",\"breadcrumb\":{\"@id\":\"https:\\\/\\\/congresoica.org\\\/en\\\/home\\\/headquarters\\\/#breadcrumb\"},\"inLanguage\":\"en-US\",\"potentialAction\":[{\"@type\":\"ReadAction\",\"target\":[\"https:\\\/\\\/congresoica.org\\\/en\\\/home\\\/headquarters\\\/\"]}]},{\"@type\":\"BreadcrumbList\",\"@id\":\"https:\\\/\\\/congresoica.org\\\/en\\\/home\\\/headquarters\\\/#breadcrumb\",\"itemListElement\":[{\"@type\":\"ListItem\",\"position\":1,\"name\":\"Inicio\",\"item\":\"https:\\\/\\\/congresoica.org\\\/en\\\/\"},{\"@type\":\"ListItem\",\"position\":2,\"name\":\"Home\",\"item\":\"https:\\\/\\\/congresoica.org\\\/en\\\/\"},{\"@type\":\"ListItem\",\"position\":3,\"name\":\"Headquarters\"}]},{\"@type\":\"WebSite\",\"@id\":\"https:\\\/\\\/congresoica.org\\\/#website\",\"url\":\"https:\\\/\\\/congresoica.org\\\/\",\"name\":\"59\u00ba Congreso Internacional de Americanistas\",\"description\":\"Del 5 al 9 de julio de 2027 en Medell\u00edn (UPB). Tradici\u00f3n e innovaci\u00f3n: las memorias de las Am\u00e9ricas. \u00c1reas tem\u00e1ticas, simposios, ponencias, mesas redondas y m\u00e1s.\",\"potentialAction\":[{\"@type\":\"SearchAction\",\"target\":{\"@type\":\"EntryPoint\",\"urlTemplate\":\"https:\\\/\\\/congresoica.org\\\/?s={search_term_string}\"},\"query-input\":{\"@type\":\"PropertyValueSpecification\",\"valueRequired\":true,\"valueName\":\"search_term_string\"}}],\"inLanguage\":\"en-US\"}]}<\/script>\n<!-- \/ Yoast SEO plugin. -->","yoast_head_json":{"title":"Headquarters - 59\u00ba Congreso Internacional de Americanistas","robots":{"index":"index","follow":"follow","max-snippet":"max-snippet:-1","max-image-preview":"max-image-preview:large","max-video-preview":"max-video-preview:-1"},"canonical":"https:\/\/congresoica.org\/en\/home\/headquarters\/","og_locale":"en_US","og_type":"article","og_title":"Headquarters - 59\u00ba Congreso Internacional de Americanistas","og_description":"Campus UPB in Laureles: accessible, cultural and close to everything The congress will take place at the main campus of the UPB (Circular 1 #70-01), located in the heart of the Laureles neighborhood. This is located in a residential sector, west of Medellin. It has a semicircular urban design that, thanks to its accessibility and [&hellip;]","og_url":"https:\/\/congresoica.org\/en\/home\/headquarters\/","og_site_name":"59\u00ba Congreso Internacional de Americanistas","article_modified_time":"2026-03-18T18:33:19+00:00","twitter_card":"summary_large_image","twitter_misc":{"Est. reading time":"3 minutes"},"schema":{"@context":"https:\/\/schema.org","@graph":[{"@type":"WebPage","@id":"https:\/\/congresoica.org\/en\/home\/headquarters\/","url":"https:\/\/congresoica.org\/en\/home\/headquarters\/","name":"Headquarters - 59\u00ba Congreso Internacional de Americanistas","isPartOf":{"@id":"https:\/\/congresoica.org\/#website"},"datePublished":"2026-02-26T01:54:32+00:00","dateModified":"2026-03-18T18:33:19+00:00","breadcrumb":{"@id":"https:\/\/congresoica.org\/en\/home\/headquarters\/#breadcrumb"},"inLanguage":"en-US","potentialAction":[{"@type":"ReadAction","target":["https:\/\/congresoica.org\/en\/home\/headquarters\/"]}]},{"@type":"BreadcrumbList","@id":"https:\/\/congresoica.org\/en\/home\/headquarters\/#breadcrumb","itemListElement":[{"@type":"ListItem","position":1,"name":"Inicio","item":"https:\/\/congresoica.org\/en\/"},{"@type":"ListItem","position":2,"name":"Home","item":"https:\/\/congresoica.org\/en\/"},{"@type":"ListItem","position":3,"name":"Headquarters"}]},{"@type":"WebSite","@id":"https:\/\/congresoica.org\/#website","url":"https:\/\/congresoica.org\/","name":"59\u00ba Congreso Internacional de Americanistas","description":"Del 5 al 9 de julio de 2027 en Medell\u00edn (UPB). Tradici\u00f3n e innovaci\u00f3n: las memorias de las Am\u00e9ricas. \u00c1reas tem\u00e1ticas, simposios, ponencias, mesas redondas y m\u00e1s.","potentialAction":[{"@type":"SearchAction","target":{"@type":"EntryPoint","urlTemplate":"https:\/\/congresoica.org\/?s={search_term_string}"},"query-input":{"@type":"PropertyValueSpecification","valueRequired":true,"valueName":"search_term_string"}}],"inLanguage":"en-US"}]}},"_links":{"self":[{"href":"https:\/\/congresoica.org\/en\/wp-json\/wp\/v2\/pages\/9037","targetHints":{"allow":["GET"]}}],"collection":[{"href":"https:\/\/congresoica.org\/en\/wp-json\/wp\/v2\/pages"}],"about":[{"href":"https:\/\/congresoica.org\/en\/wp-json\/wp\/v2\/types\/page"}],"author":[{"embeddable":true,"href":"https:\/\/congresoica.org\/en\/wp-json\/wp\/v2\/users\/1"}],"replies":[{"embeddable":true,"href":"https:\/\/congresoica.org\/en\/wp-json\/wp\/v2\/comments?post=9037"}],"version-history":[{"count":5,"href":"https:\/\/congresoica.org\/en\/wp-json\/wp\/v2\/pages\/9037\/revisions"}],"predecessor-version":[{"id":9046,"href":"https:\/\/congresoica.org\/en\/wp-json\/wp\/v2\/pages\/9037\/revisions\/9046"}],"up":[{"embeddable":true,"href":"https:\/\/congresoica.org\/en\/wp-json\/wp\/v2\/pages\/8964"}],"wp:attachment":[{"href":"https:\/\/congresoica.org\/en\/wp-json\/wp\/v2\/media?parent=9037"}],"curies":[{"name":"wp","href":"https:\/\/api.w.org\/{rel}","templated":true}]}}