{"id":9012,"date":"2024-09-20T06:48:32","date_gmt":"2024-09-20T11:48:32","guid":{"rendered":"https:\/\/congresoica.org\/home\/motto\/"},"modified":"2026-03-18T12:22:48","modified_gmt":"2026-03-18T17:22:48","slug":"motto","status":"publish","type":"page","link":"https:\/\/congresoica.org\/en\/home\/motto\/","title":{"rendered":"Motto"},"content":{"rendered":"\t\t<div data-elementor-type=\"wp-page\" data-elementor-id=\"9012\" class=\"elementor elementor-9012 elementor-444\" data-elementor-post-type=\"page\">\n\t\t\t\t<div class=\"elementor-element elementor-element-7663fd2 e-flex e-con-boxed e-con e-parent\" data-id=\"7663fd2\" data-element_type=\"container\" data-e-type=\"container\" data-settings=\"{&quot;background_background&quot;:&quot;classic&quot;,&quot;shape_divider_bottom&quot;:&quot;lqd-custom-shape-8&quot;}\">\n\t\t\t\t\t<div class=\"e-con-inner\">\n\t\t\t\t<div class=\"elementor-shape elementor-shape-bottom\" aria-hidden=\"true\" data-negative=\"false\">\n\t\t\t<svg class=\"lqd-custom-shape\" xmlns=\"http:\/\/www.w3.org\/2000\/svg\" viewBox=\"0 0 1440 100\" preserveAspectRatio=\"none\">\n    <path class=\"elementor-shape-fill\" id=\"Row_Separator\" data-name=\"Row Separator\" d=\"M1440,0Q1080,99,720,99T0,0V100H1440Z\" \/>\n<\/svg>\t\t<\/div>\n\t\t\t\t<div class=\"elementor-element elementor-element-3057e99 elementor-widget elementor-widget-hub_fancy_heading\" data-id=\"3057e99\" data-element_type=\"widget\" data-e-type=\"widget\" data-widget_type=\"hub_fancy_heading.default\">\n\t\t\t\t<div class=\"elementor-widget-container\">\n\t\t\t\t\t\n\t\t<div id=\"ld-fancy-heading-69e6530c97ac1\" class=\"ld-fancy-heading pos-rel\">\n\t\t\t\t\t<\/div>\n\n\t\t\t\t\t\t<\/div>\n\t\t\t\t<\/div>\n\t\t\t\t\t<\/div>\n\t\t\t\t<\/div>\n\t\t<div class=\"elementor-element elementor-element-81a5117 e-flex e-con-boxed e-con e-parent\" data-id=\"81a5117\" data-element_type=\"container\" data-e-type=\"container\" data-settings=\"{&quot;background_background&quot;:&quot;classic&quot;}\">\n\t\t\t\t\t<div class=\"e-con-inner\">\n\t\t<div class=\"elementor-element elementor-element-1502d11 e-con-full e-flex e-con e-child\" data-id=\"1502d11\" data-element_type=\"container\" data-e-type=\"container\">\n\t\t\t\t<div class=\"elementor-element elementor-element-293149b elementor-widget elementor-widget-hub_fancy_heading\" data-id=\"293149b\" data-element_type=\"widget\" data-e-type=\"widget\" data-widget_type=\"hub_fancy_heading.default\">\n\t\t\t\t<div class=\"elementor-widget-container\">\n\t\t\t\t\t\n\t\t<div id=\"ld-fancy-heading-69e6530c987c4\" class=\"ld-fancy-heading pos-rel\">\n\t\t\t<h1 class=\"ld-fh-element d-inline-block pos-rel  elementor-heading-title h1\"  >  Tradition and innovation: the memories of the Americas<\/h1>\t\t<\/div>\n\n\t\t\t\t\t\t<\/div>\n\t\t\t\t<\/div>\n\t\t\t\t<div class=\"elementor-element elementor-element-0d4e010 elementor-widget elementor-widget-hub_fancy_heading\" data-id=\"0d4e010\" data-element_type=\"widget\" data-e-type=\"widget\" data-widget_type=\"hub_fancy_heading.default\">\n\t\t\t\t<div class=\"elementor-widget-container\">\n\t\t\t\t\t\n\t\t<div id=\"ld-fancy-heading-69e6530c992ed\" class=\"ld-fancy-heading pos-rel\">\n\t\t\t<p class=\"ld-fh-element d-inline-block pos-rel  lqd-highlight-classic lqd-highlight-grow-left p\"  > \nThe motto is intended to build a space to reflect and discuss the complex transformations that contemporary societies go through, and how they preserve their historical, political, religious, educational, literary, social, artistic, cultural roots, among others. <br><br>\n \n\nThe dialogues between tradition and innovation are not exhausted in the recognition of the relationships between the past and the present because they go further. These represent two guiding ideas in the formation of human history, ideas that, from time immemorial to the present, implicate each other in conversations of different tenors. \n<br><br> \n\nIn the Americas, the traditions inherited from various practices have been essential to forge the identity of the peoples of this region; traditions that have been preserved over time and on which innovation has played a relevant role. As areas such as digitization progress, the preservation and dissemination of historical memories have been facilitated. The challenge focuses on finding a balance between taking advantage of technological innovations without traditions losing their authentic value or their link to the cultural identity of the communities and the places they are inhabited. \n\n <br><br>\nThe 59th ICA wants to emphasize three lines. The first, \u201cTechnologies: Power, Culture and Society\u201d, analyzes emerging technologies and how they reconfigure power structures and create new dynamics of all kinds, while leading to challenges for democracy, global stability, the practices of daily life, access and integrity of information and of regulatory frameworks, among others. \n\n <br><br>\nThe second, \u201cTerritories, regeneration and climate change\u201d, raises the environmental crisis and its impact on human communities and nature. The Americas, with their geographical diversity, face the challenge of regenerating ecosystems that have been altered by the unsustainable exploitation of natural resources. Likewise, issues such as inequality, diversity, governance, rurality, urbanization, among others, require the adoption of policies that consider their own dynamics in the territory. Forms of local and ancestral knowledge are opportunities to strengthen the connections between modernization, traditions in the care of the land and of human life. \n<br><br> \n\nAnd, the third, \"always past\", allows us to understand that societies are built on the inheritance of their stories. The historical memory, the struggles for identity and the persistence of social differences are current issues in the discourses of the 21st century. The past becomes a force that influences the decisions of the present and, without a doubt, those of the future. \n<br><br> \n\nThese three lines of the 59th ICA provide a comprehensive framework to understand the complex connections between historical, individual or collective memories, and changes in the Americas. \n<br><br> \n\nThe Congress seeks not only to strengthen the interdisciplinary dialogue between the sciences, disciplines and knowledge, but also to explore why tradition and innovation, if they dynamically intersect, offer sustainable and equitable solutions that aim for the Americas to be a place of hope and A better world to live. <\/p>\t\t<\/div>\n\n\t\t\t\t\t\t<\/div>\n\t\t\t\t<\/div>\n\t\t\t\t<\/div>\n\t\t\t\t\t<\/div>\n\t\t\t\t<\/div>\n\t\t\t\t<\/div>\n\t\t","protected":false},"excerpt":{"rendered":"<p>Tradition and innovation: the memories of the Americas The motto is intended to build a space to reflect and discuss the complex transformations that contemporary societies go through, and how they preserve their historical, political, religious, educational, literary, social, artistic, cultural roots, among others. The dialogues between tradition and innovation are not exhausted in the [&hellip;]<\/p>\n","protected":false},"author":1,"featured_media":0,"parent":8964,"menu_order":0,"comment_status":"closed","ping_status":"closed","template":"","meta":{"inline_featured_image":false,"footnotes":""},"class_list":["post-9012","page","type-page","status-publish","hentry"],"yoast_head":"<!-- This site is optimized with the Yoast SEO plugin v27.4 - https:\/\/yoast.com\/product\/yoast-seo-wordpress\/ -->\n<title>Motto - 59\u00ba Congreso Internacional de Americanistas<\/title>\n<meta name=\"robots\" content=\"index, follow, max-snippet:-1, max-image-preview:large, max-video-preview:-1\" \/>\n<link rel=\"canonical\" href=\"https:\/\/congresoica.org\/en\/home\/motto\/\" \/>\n<meta property=\"og:locale\" content=\"en_US\" \/>\n<meta property=\"og:type\" content=\"article\" \/>\n<meta property=\"og:title\" content=\"Motto - 59\u00ba Congreso Internacional de Americanistas\" \/>\n<meta property=\"og:description\" content=\"Tradition and innovation: the memories of the Americas The motto is intended to build a space to reflect and discuss the complex transformations that contemporary societies go through, and how they preserve their historical, political, religious, educational, literary, social, artistic, cultural roots, among others. The dialogues between tradition and innovation are not exhausted in the [&hellip;]\" \/>\n<meta property=\"og:url\" content=\"https:\/\/congresoica.org\/en\/home\/motto\/\" \/>\n<meta property=\"og:site_name\" content=\"59\u00ba Congreso Internacional de Americanistas\" \/>\n<meta property=\"article:modified_time\" content=\"2026-03-18T17:22:48+00:00\" \/>\n<meta name=\"twitter:card\" content=\"summary_large_image\" \/>\n<meta name=\"twitter:label1\" content=\"Est. reading time\" \/>\n\t<meta name=\"twitter:data1\" content=\"2 minutes\" \/>\n<script type=\"application\/ld+json\" class=\"yoast-schema-graph\">{\"@context\":\"https:\\\/\\\/schema.org\",\"@graph\":[{\"@type\":\"WebPage\",\"@id\":\"https:\\\/\\\/congresoica.org\\\/en\\\/home\\\/motto\\\/\",\"url\":\"https:\\\/\\\/congresoica.org\\\/en\\\/home\\\/motto\\\/\",\"name\":\"Motto - 59\u00ba Congreso Internacional de Americanistas\",\"isPartOf\":{\"@id\":\"https:\\\/\\\/congresoica.org\\\/#website\"},\"datePublished\":\"2024-09-20T11:48:32+00:00\",\"dateModified\":\"2026-03-18T17:22:48+00:00\",\"breadcrumb\":{\"@id\":\"https:\\\/\\\/congresoica.org\\\/en\\\/home\\\/motto\\\/#breadcrumb\"},\"inLanguage\":\"en-US\",\"potentialAction\":[{\"@type\":\"ReadAction\",\"target\":[\"https:\\\/\\\/congresoica.org\\\/en\\\/home\\\/motto\\\/\"]}]},{\"@type\":\"BreadcrumbList\",\"@id\":\"https:\\\/\\\/congresoica.org\\\/en\\\/home\\\/motto\\\/#breadcrumb\",\"itemListElement\":[{\"@type\":\"ListItem\",\"position\":1,\"name\":\"Inicio\",\"item\":\"https:\\\/\\\/congresoica.org\\\/en\\\/\"},{\"@type\":\"ListItem\",\"position\":2,\"name\":\"Home\",\"item\":\"https:\\\/\\\/congresoica.org\\\/en\\\/\"},{\"@type\":\"ListItem\",\"position\":3,\"name\":\"Motto\"}]},{\"@type\":\"WebSite\",\"@id\":\"https:\\\/\\\/congresoica.org\\\/#website\",\"url\":\"https:\\\/\\\/congresoica.org\\\/\",\"name\":\"59\u00ba Congreso Internacional de Americanistas\",\"description\":\"Del 5 al 9 de julio de 2027 en Medell\u00edn (UPB). Tradici\u00f3n e innovaci\u00f3n: las memorias de las Am\u00e9ricas. \u00c1reas tem\u00e1ticas, simposios, ponencias, mesas redondas y m\u00e1s.\",\"potentialAction\":[{\"@type\":\"SearchAction\",\"target\":{\"@type\":\"EntryPoint\",\"urlTemplate\":\"https:\\\/\\\/congresoica.org\\\/?s={search_term_string}\"},\"query-input\":{\"@type\":\"PropertyValueSpecification\",\"valueRequired\":true,\"valueName\":\"search_term_string\"}}],\"inLanguage\":\"en-US\"}]}<\/script>\n<!-- \/ Yoast SEO plugin. -->","yoast_head_json":{"title":"Motto - 59\u00ba Congreso Internacional de Americanistas","robots":{"index":"index","follow":"follow","max-snippet":"max-snippet:-1","max-image-preview":"max-image-preview:large","max-video-preview":"max-video-preview:-1"},"canonical":"https:\/\/congresoica.org\/en\/home\/motto\/","og_locale":"en_US","og_type":"article","og_title":"Motto - 59\u00ba Congreso Internacional de Americanistas","og_description":"Tradition and innovation: the memories of the Americas The motto is intended to build a space to reflect and discuss the complex transformations that contemporary societies go through, and how they preserve their historical, political, religious, educational, literary, social, artistic, cultural roots, among others. The dialogues between tradition and innovation are not exhausted in the [&hellip;]","og_url":"https:\/\/congresoica.org\/en\/home\/motto\/","og_site_name":"59\u00ba Congreso Internacional de Americanistas","article_modified_time":"2026-03-18T17:22:48+00:00","twitter_card":"summary_large_image","twitter_misc":{"Est. reading time":"2 minutes"},"schema":{"@context":"https:\/\/schema.org","@graph":[{"@type":"WebPage","@id":"https:\/\/congresoica.org\/en\/home\/motto\/","url":"https:\/\/congresoica.org\/en\/home\/motto\/","name":"Motto - 59\u00ba Congreso Internacional de Americanistas","isPartOf":{"@id":"https:\/\/congresoica.org\/#website"},"datePublished":"2024-09-20T11:48:32+00:00","dateModified":"2026-03-18T17:22:48+00:00","breadcrumb":{"@id":"https:\/\/congresoica.org\/en\/home\/motto\/#breadcrumb"},"inLanguage":"en-US","potentialAction":[{"@type":"ReadAction","target":["https:\/\/congresoica.org\/en\/home\/motto\/"]}]},{"@type":"BreadcrumbList","@id":"https:\/\/congresoica.org\/en\/home\/motto\/#breadcrumb","itemListElement":[{"@type":"ListItem","position":1,"name":"Inicio","item":"https:\/\/congresoica.org\/en\/"},{"@type":"ListItem","position":2,"name":"Home","item":"https:\/\/congresoica.org\/en\/"},{"@type":"ListItem","position":3,"name":"Motto"}]},{"@type":"WebSite","@id":"https:\/\/congresoica.org\/#website","url":"https:\/\/congresoica.org\/","name":"59\u00ba Congreso Internacional de Americanistas","description":"Del 5 al 9 de julio de 2027 en Medell\u00edn (UPB). Tradici\u00f3n e innovaci\u00f3n: las memorias de las Am\u00e9ricas. \u00c1reas tem\u00e1ticas, simposios, ponencias, mesas redondas y m\u00e1s.","potentialAction":[{"@type":"SearchAction","target":{"@type":"EntryPoint","urlTemplate":"https:\/\/congresoica.org\/?s={search_term_string}"},"query-input":{"@type":"PropertyValueSpecification","valueRequired":true,"valueName":"search_term_string"}}],"inLanguage":"en-US"}]}},"_links":{"self":[{"href":"https:\/\/congresoica.org\/en\/wp-json\/wp\/v2\/pages\/9012","targetHints":{"allow":["GET"]}}],"collection":[{"href":"https:\/\/congresoica.org\/en\/wp-json\/wp\/v2\/pages"}],"about":[{"href":"https:\/\/congresoica.org\/en\/wp-json\/wp\/v2\/types\/page"}],"author":[{"embeddable":true,"href":"https:\/\/congresoica.org\/en\/wp-json\/wp\/v2\/users\/1"}],"replies":[{"embeddable":true,"href":"https:\/\/congresoica.org\/en\/wp-json\/wp\/v2\/comments?post=9012"}],"version-history":[{"count":1,"href":"https:\/\/congresoica.org\/en\/wp-json\/wp\/v2\/pages\/9012\/revisions"}],"predecessor-version":[{"id":9013,"href":"https:\/\/congresoica.org\/en\/wp-json\/wp\/v2\/pages\/9012\/revisions\/9013"}],"up":[{"embeddable":true,"href":"https:\/\/congresoica.org\/en\/wp-json\/wp\/v2\/pages\/8964"}],"wp:attachment":[{"href":"https:\/\/congresoica.org\/en\/wp-json\/wp\/v2\/media?parent=9012"}],"curies":[{"name":"wp","href":"https:\/\/api.w.org\/{rel}","templated":true}]}}