{"id":8977,"date":"2026-02-25T21:32:30","date_gmt":"2026-02-26T02:32:30","guid":{"rendered":"https:\/\/congresoica.org\/home\/attendees-without-presentation\/"},"modified":"2026-03-18T10:41:46","modified_gmt":"2026-03-18T15:41:46","slug":"attendees-without-presentation","status":"publish","type":"page","link":"https:\/\/congresoica.org\/en\/home\/attendees-without-presentation\/","title":{"rendered":"Attendees without presentation"},"content":{"rendered":"\t\t<div data-elementor-type=\"wp-page\" data-elementor-id=\"8977\" class=\"elementor elementor-8977 elementor-7768\" data-elementor-post-type=\"page\">\n\t\t\t\t<div class=\"elementor-element elementor-element-aa02d7d e-flex e-con-boxed e-con e-parent\" data-id=\"aa02d7d\" data-element_type=\"container\" data-e-type=\"container\" data-settings=\"{&quot;background_background&quot;:&quot;classic&quot;,&quot;shape_divider_bottom&quot;:&quot;lqd-custom-shape-8&quot;}\">\n\t\t\t\t\t<div class=\"e-con-inner\">\n\t\t\t\t<div class=\"elementor-shape elementor-shape-bottom\" aria-hidden=\"true\" data-negative=\"false\">\n\t\t\t<svg class=\"lqd-custom-shape\" xmlns=\"http:\/\/www.w3.org\/2000\/svg\" viewBox=\"0 0 1440 100\" preserveAspectRatio=\"none\">\n    <path class=\"elementor-shape-fill\" id=\"Row_Separator\" data-name=\"Row Separator\" d=\"M1440,0Q1080,99,720,99T0,0V100H1440Z\" \/>\n<\/svg>\t\t<\/div>\n\t\t\t\t<div class=\"elementor-element elementor-element-debadc2 elementor-widget elementor-widget-hub_fancy_heading\" data-id=\"debadc2\" data-element_type=\"widget\" data-e-type=\"widget\" data-widget_type=\"hub_fancy_heading.default\">\n\t\t\t\t<div class=\"elementor-widget-container\">\n\t\t\t\t\t\n\t\t<div id=\"ld-fancy-heading-69e6530be65e1\" class=\"ld-fancy-heading pos-rel\">\n\t\t\t\t\t<\/div>\n\n\t\t\t\t\t\t<\/div>\n\t\t\t\t<\/div>\n\t\t\t\t\t<\/div>\n\t\t\t\t<\/div>\n\t\t<div class=\"elementor-element elementor-element-81a5117 e-flex e-con-boxed e-con e-parent\" data-id=\"81a5117\" data-element_type=\"container\" data-e-type=\"container\" data-settings=\"{&quot;background_background&quot;:&quot;classic&quot;}\">\n\t\t\t\t\t<div class=\"e-con-inner\">\n\t\t<div class=\"elementor-element elementor-element-1502d11 e-con-full e-flex e-con e-child\" data-id=\"1502d11\" data-element_type=\"container\" data-e-type=\"container\">\n\t\t\t\t<div class=\"elementor-element elementor-element-4ed38b5 elementor-widget elementor-widget-text-editor\" data-id=\"4ed38b5\" data-element_type=\"widget\" data-e-type=\"widget\" data-widget_type=\"text-editor.default\">\n\t\t\t\t\t\t\t\t\t<p>Attendees without presentation or companions must register individually in the corresponding form; They will have the right to participate in all complementary and social activities of the Congress.<\/p>\t\t\t\t\t\t\t\t<\/div>\n\t\t\t\t<\/div>\n\t\t\t\t\t<\/div>\n\t\t\t\t<\/div>\n\t\t\t\t<\/div>\n\t\t","protected":false},"excerpt":{"rendered":"<p>Attendees without presentation or companions must register individually in the corresponding form; They will have the right to participate in all complementary and social activities of the Congress.<\/p>\n","protected":false},"author":1,"featured_media":0,"parent":8964,"menu_order":0,"comment_status":"closed","ping_status":"closed","template":"","meta":{"inline_featured_image":false,"footnotes":""},"class_list":["post-8977","page","type-page","status-publish","hentry"],"yoast_head":"<!-- This site is optimized with the Yoast SEO plugin v27.4 - https:\/\/yoast.com\/product\/yoast-seo-wordpress\/ -->\n<title>Attendees without presentation - 59\u00ba Congreso Internacional de Americanistas<\/title>\n<meta name=\"robots\" content=\"index, follow, max-snippet:-1, max-image-preview:large, max-video-preview:-1\" \/>\n<link rel=\"canonical\" href=\"https:\/\/congresoica.org\/en\/home\/attendees-without-presentation\/\" \/>\n<meta property=\"og:locale\" content=\"en_US\" \/>\n<meta property=\"og:type\" content=\"article\" \/>\n<meta property=\"og:title\" content=\"Attendees without presentation - 59\u00ba Congreso Internacional de Americanistas\" \/>\n<meta property=\"og:description\" content=\"Attendees without presentation or companions must register individually in the corresponding form; They will have the right to participate in all complementary and social activities of the Congress.\" \/>\n<meta property=\"og:url\" content=\"https:\/\/congresoica.org\/en\/home\/attendees-without-presentation\/\" \/>\n<meta property=\"og:site_name\" content=\"59\u00ba Congreso Internacional de Americanistas\" \/>\n<meta property=\"article:modified_time\" content=\"2026-03-18T15:41:46+00:00\" \/>\n<meta name=\"twitter:card\" content=\"summary_large_image\" \/>\n<script type=\"application\/ld+json\" class=\"yoast-schema-graph\">{\"@context\":\"https:\\\/\\\/schema.org\",\"@graph\":[{\"@type\":\"WebPage\",\"@id\":\"https:\\\/\\\/congresoica.org\\\/en\\\/home\\\/attendees-without-presentation\\\/\",\"url\":\"https:\\\/\\\/congresoica.org\\\/en\\\/home\\\/attendees-without-presentation\\\/\",\"name\":\"Attendees without presentation - 59\u00ba Congreso Internacional de Americanistas\",\"isPartOf\":{\"@id\":\"https:\\\/\\\/congresoica.org\\\/#website\"},\"datePublished\":\"2026-02-26T02:32:30+00:00\",\"dateModified\":\"2026-03-18T15:41:46+00:00\",\"breadcrumb\":{\"@id\":\"https:\\\/\\\/congresoica.org\\\/en\\\/home\\\/attendees-without-presentation\\\/#breadcrumb\"},\"inLanguage\":\"en-US\",\"potentialAction\":[{\"@type\":\"ReadAction\",\"target\":[\"https:\\\/\\\/congresoica.org\\\/en\\\/home\\\/attendees-without-presentation\\\/\"]}]},{\"@type\":\"BreadcrumbList\",\"@id\":\"https:\\\/\\\/congresoica.org\\\/en\\\/home\\\/attendees-without-presentation\\\/#breadcrumb\",\"itemListElement\":[{\"@type\":\"ListItem\",\"position\":1,\"name\":\"Inicio\",\"item\":\"https:\\\/\\\/congresoica.org\\\/en\\\/\"},{\"@type\":\"ListItem\",\"position\":2,\"name\":\"Home\",\"item\":\"https:\\\/\\\/congresoica.org\\\/en\\\/\"},{\"@type\":\"ListItem\",\"position\":3,\"name\":\"Attendees without presentation\"}]},{\"@type\":\"WebSite\",\"@id\":\"https:\\\/\\\/congresoica.org\\\/#website\",\"url\":\"https:\\\/\\\/congresoica.org\\\/\",\"name\":\"59\u00ba Congreso Internacional de Americanistas\",\"description\":\"Del 5 al 9 de julio de 2027 en Medell\u00edn (UPB). Tradici\u00f3n e innovaci\u00f3n: las memorias de las Am\u00e9ricas. \u00c1reas tem\u00e1ticas, simposios, ponencias, mesas redondas y m\u00e1s.\",\"potentialAction\":[{\"@type\":\"SearchAction\",\"target\":{\"@type\":\"EntryPoint\",\"urlTemplate\":\"https:\\\/\\\/congresoica.org\\\/?s={search_term_string}\"},\"query-input\":{\"@type\":\"PropertyValueSpecification\",\"valueRequired\":true,\"valueName\":\"search_term_string\"}}],\"inLanguage\":\"en-US\"}]}<\/script>\n<!-- \/ Yoast SEO plugin. -->","yoast_head_json":{"title":"Attendees without presentation - 59\u00ba Congreso Internacional de Americanistas","robots":{"index":"index","follow":"follow","max-snippet":"max-snippet:-1","max-image-preview":"max-image-preview:large","max-video-preview":"max-video-preview:-1"},"canonical":"https:\/\/congresoica.org\/en\/home\/attendees-without-presentation\/","og_locale":"en_US","og_type":"article","og_title":"Attendees without presentation - 59\u00ba Congreso Internacional de Americanistas","og_description":"Attendees without presentation or companions must register individually in the corresponding form; They will have the right to participate in all complementary and social activities of the Congress.","og_url":"https:\/\/congresoica.org\/en\/home\/attendees-without-presentation\/","og_site_name":"59\u00ba Congreso Internacional de Americanistas","article_modified_time":"2026-03-18T15:41:46+00:00","twitter_card":"summary_large_image","schema":{"@context":"https:\/\/schema.org","@graph":[{"@type":"WebPage","@id":"https:\/\/congresoica.org\/en\/home\/attendees-without-presentation\/","url":"https:\/\/congresoica.org\/en\/home\/attendees-without-presentation\/","name":"Attendees without presentation - 59\u00ba Congreso Internacional de Americanistas","isPartOf":{"@id":"https:\/\/congresoica.org\/#website"},"datePublished":"2026-02-26T02:32:30+00:00","dateModified":"2026-03-18T15:41:46+00:00","breadcrumb":{"@id":"https:\/\/congresoica.org\/en\/home\/attendees-without-presentation\/#breadcrumb"},"inLanguage":"en-US","potentialAction":[{"@type":"ReadAction","target":["https:\/\/congresoica.org\/en\/home\/attendees-without-presentation\/"]}]},{"@type":"BreadcrumbList","@id":"https:\/\/congresoica.org\/en\/home\/attendees-without-presentation\/#breadcrumb","itemListElement":[{"@type":"ListItem","position":1,"name":"Inicio","item":"https:\/\/congresoica.org\/en\/"},{"@type":"ListItem","position":2,"name":"Home","item":"https:\/\/congresoica.org\/en\/"},{"@type":"ListItem","position":3,"name":"Attendees without presentation"}]},{"@type":"WebSite","@id":"https:\/\/congresoica.org\/#website","url":"https:\/\/congresoica.org\/","name":"59\u00ba Congreso Internacional de Americanistas","description":"Del 5 al 9 de julio de 2027 en Medell\u00edn (UPB). Tradici\u00f3n e innovaci\u00f3n: las memorias de las Am\u00e9ricas. \u00c1reas tem\u00e1ticas, simposios, ponencias, mesas redondas y m\u00e1s.","potentialAction":[{"@type":"SearchAction","target":{"@type":"EntryPoint","urlTemplate":"https:\/\/congresoica.org\/?s={search_term_string}"},"query-input":{"@type":"PropertyValueSpecification","valueRequired":true,"valueName":"search_term_string"}}],"inLanguage":"en-US"}]}},"_links":{"self":[{"href":"https:\/\/congresoica.org\/en\/wp-json\/wp\/v2\/pages\/8977","targetHints":{"allow":["GET"]}}],"collection":[{"href":"https:\/\/congresoica.org\/en\/wp-json\/wp\/v2\/pages"}],"about":[{"href":"https:\/\/congresoica.org\/en\/wp-json\/wp\/v2\/types\/page"}],"author":[{"embeddable":true,"href":"https:\/\/congresoica.org\/en\/wp-json\/wp\/v2\/users\/1"}],"replies":[{"embeddable":true,"href":"https:\/\/congresoica.org\/en\/wp-json\/wp\/v2\/comments?post=8977"}],"version-history":[{"count":1,"href":"https:\/\/congresoica.org\/en\/wp-json\/wp\/v2\/pages\/8977\/revisions"}],"predecessor-version":[{"id":8978,"href":"https:\/\/congresoica.org\/en\/wp-json\/wp\/v2\/pages\/8977\/revisions\/8978"}],"up":[{"embeddable":true,"href":"https:\/\/congresoica.org\/en\/wp-json\/wp\/v2\/pages\/8964"}],"wp:attachment":[{"href":"https:\/\/congresoica.org\/en\/wp-json\/wp\/v2\/media?parent=8977"}],"curies":[{"name":"wp","href":"https:\/\/api.w.org\/{rel}","templated":true}]}}